{"id":235,"date":"2021-06-16T09:34:40","date_gmt":"2021-06-16T09:34:40","guid":{"rendered":"https:\/\/alizes.ms.decms.eu\/?page_id=235"},"modified":"2021-06-17T14:22:14","modified_gmt":"2021-06-17T14:22:14","slug":"hotel-bar-restaurant","status":"publish","type":"page","link":"https:\/\/www.hotelalizescavalaire.com\/de\/","title":{"rendered":"S\u00e9n\u00e9quier Familie Seit 1977"},"content":{"rendered":"<p style=\"text-align: center;\"><span style=\"color: #aa8800;\"><strong>HOTEL BAR RESTAURANT<\/strong><\/span><\/p>\n<p style=\"text-align: center;\">Das Hotel Aliz\u00e9s befindet sich in idealer Lage im Stadtzentrum, gegen\u00fcber einem wundersch\u00f6nen Sandstrand, nur einen Steinwurf vom Yachthafen und den Gesch\u00e4ften entfernt. Es ist ein Ort der Entspannung mit einer sanften famili\u00e4ren Atmosph\u00e4re.<\/p>\n<p style=\"text-align: center;\">Das 1977 von Andr\u00e9e, Catherine und Brigitte S\u00e9n\u00e9quier gegr\u00fcndete Hotel konnte sich erneuern, um sich an die Zeit anzupassen, ohne jemals von seinen provenzalischen Wurzeln abgeschnitten zu sein. Seit 3 \u200b\u200bGenerationen werden Kunden mit Know-how und der Freude begr\u00fc\u00dft, in der freundlichen Atmosph\u00e4re eines Einfamilienhauses zu empfangen.<\/p>\n<p style=\"text-align: center;\">Der Panoramablick von der Terrasse des Hotel Aliz\u00e9s mit Blick auf das t\u00fcrkisfarbene Wasser dieser Ecke des Mittelmeers ist au\u00dfergew\u00f6hnlich. F\u00fcr ein sonniges Fr\u00fchst\u00fcck, einen k\u00f6stlichen Pfannkuchen, ein handwerkliches Eis oder einen hausgemachten Aperitif ist jeder Moment magisch und zeitlos!<\/p>\n<p style=\"text-align: center;\">Das Hotel hat auch eine h\u00fcbsche Boutique, in der wir unsere Favoriten und eine Auswahl an authentischen, hochwertigen lokalen Produkten verkaufen. Entdecken Sie die H\u00e4user von Fragonard, Fer \u00e0 cheval, Nila\u00ef, Palais des Th\u00e9s, Izipizi, Yves Delorme, Iosis &#8230;<\/p>\n<p style=\"text-align: center;\">Die komfortablen, klimatisierten Zimmer mit Balkon, die Gourmet-Cr\u00eaperie, die Bar, das Gesch\u00e4ft und die M\u00f6glichkeit, auf dem Gel\u00e4nde zu parken, machen es zu einem privilegierten Ort, um Cavalaire, den Golf von Saint-Tropez und seine Umgebung zu genie\u00dfen.<\/p>\n<p style=\"text-align: center;\">Mit Familie, Freunden oder auf Gesch\u00e4ftsreise. F\u00fcr kurze oder l\u00e4ngere Aufenthalte. Hier ist alles f\u00fcr eine angenehme Erfahrung gedacht.<\/p>\n","protected":false},"excerpt":{"rendered":"<p>HOTEL BAR RESTAURANT Das Hotel Aliz\u00e9s befindet sich in idealer Lage im Stadtzentrum, gegen\u00fcber einem [&hellip;]<\/p>\n","protected":false},"author":134,"featured_media":0,"parent":0,"menu_order":1,"comment_status":"closed","ping_status":"closed","template":"","meta":{"footnotes":""},"class_list":["post-235","page","type-page","status-publish","hentry"],"yoast_head":"<!-- This site is optimized with the Yoast SEO plugin v26.9 - https:\/\/yoast.com\/product\/yoast-seo-wordpress\/ -->\n<title>H\u00f4tel Bar Restaurant Aliz\u00e9s, Cavalaire sur mer<\/title>\n<meta name=\"description\" content=\"Charmantes Familienhotel im Stadtzentrum, direkt am Strand, am Fu\u00dfe der Gesch\u00e4fte und des Hafens.\" \/>\n<meta name=\"robots\" content=\"index, follow, max-snippet:-1, max-image-preview:large, max-video-preview:-1\" \/>\n<link rel=\"canonical\" href=\"https:\/\/www.hotelalizescavalaire.com\/de\/\" \/>\n<meta property=\"og:locale\" content=\"de_DE\" \/>\n<meta property=\"og:type\" content=\"article\" \/>\n<meta property=\"og:title\" content=\"H\u00f4tel Bar Restaurant Aliz\u00e9s, Cavalaire sur mer\" \/>\n<meta property=\"og:description\" content=\"Charmantes Familienhotel im Stadtzentrum, direkt am Strand, am Fu\u00dfe der Gesch\u00e4fte und des Hafens.\" \/>\n<meta property=\"og:url\" content=\"https:\/\/www.hotelalizescavalaire.com\/de\/\" \/>\n<meta property=\"og:site_name\" content=\"Alizes Hotel\" \/>\n<meta property=\"article:modified_time\" content=\"2021-06-17T14:22:14+00:00\" \/>\n<meta name=\"twitter:card\" content=\"summary_large_image\" \/>\n<meta name=\"twitter:label1\" content=\"Gesch\u00e4tzte Lesezeit\" \/>\n\t<meta name=\"twitter:data1\" content=\"1 Minute\" \/>\n<script type=\"application\/ld+json\" class=\"yoast-schema-graph\">{\"@context\":\"https:\/\/schema.org\",\"@graph\":[{\"@type\":\"WebPage\",\"@id\":\"https:\/\/www.hotelalizescavalaire.com\/de\/\",\"url\":\"https:\/\/www.hotelalizescavalaire.com\/de\/\",\"name\":\"H\u00f4tel Bar Restaurant Aliz\u00e9s, Cavalaire sur mer\",\"isPartOf\":{\"@id\":\"https:\/\/www.hotelalizescavalaire.com\/de\/#website\"},\"datePublished\":\"2021-06-16T09:34:40+00:00\",\"dateModified\":\"2021-06-17T14:22:14+00:00\",\"description\":\"Charmantes Familienhotel im Stadtzentrum, direkt am Strand, am Fu\u00dfe der Gesch\u00e4fte und des Hafens.\",\"breadcrumb\":{\"@id\":\"https:\/\/www.hotelalizescavalaire.com\/de\/#breadcrumb\"},\"inLanguage\":\"de-DE\",\"potentialAction\":[{\"@type\":\"ReadAction\",\"target\":[\"https:\/\/www.hotelalizescavalaire.com\/de\/\"]}]},{\"@type\":\"BreadcrumbList\",\"@id\":\"https:\/\/www.hotelalizescavalaire.com\/de\/#breadcrumb\",\"itemListElement\":[{\"@type\":\"ListItem\",\"position\":1,\"name\":\"Home\",\"item\":\"https:\/\/www.hotelalizescavalaire.com\/de\/\"},{\"@type\":\"ListItem\",\"position\":2,\"name\":\"S\u00e9n\u00e9quier Familie Seit 1977\"}]},{\"@type\":\"WebSite\",\"@id\":\"https:\/\/www.hotelalizescavalaire.com\/de\/#website\",\"url\":\"https:\/\/www.hotelalizescavalaire.com\/de\/\",\"name\":\"Alizes Hotel\",\"description\":\"\",\"potentialAction\":[{\"@type\":\"SearchAction\",\"target\":{\"@type\":\"EntryPoint\",\"urlTemplate\":\"https:\/\/www.hotelalizescavalaire.com\/de\/?s={search_term_string}\"},\"query-input\":{\"@type\":\"PropertyValueSpecification\",\"valueRequired\":true,\"valueName\":\"search_term_string\"}}],\"inLanguage\":\"de-DE\"}]}<\/script>\n<!-- \/ Yoast SEO plugin. -->","yoast_head_json":{"title":"H\u00f4tel Bar Restaurant Aliz\u00e9s, Cavalaire sur mer","description":"Charmantes Familienhotel im Stadtzentrum, direkt am Strand, am Fu\u00dfe der Gesch\u00e4fte und des Hafens.","robots":{"index":"index","follow":"follow","max-snippet":"max-snippet:-1","max-image-preview":"max-image-preview:large","max-video-preview":"max-video-preview:-1"},"canonical":"https:\/\/www.hotelalizescavalaire.com\/de\/","og_locale":"de_DE","og_type":"article","og_title":"H\u00f4tel Bar Restaurant Aliz\u00e9s, Cavalaire sur mer","og_description":"Charmantes Familienhotel im Stadtzentrum, direkt am Strand, am Fu\u00dfe der Gesch\u00e4fte und des Hafens.","og_url":"https:\/\/www.hotelalizescavalaire.com\/de\/","og_site_name":"Alizes Hotel","article_modified_time":"2021-06-17T14:22:14+00:00","twitter_card":"summary_large_image","twitter_misc":{"Gesch\u00e4tzte Lesezeit":"1 Minute"},"schema":{"@context":"https:\/\/schema.org","@graph":[{"@type":"WebPage","@id":"https:\/\/www.hotelalizescavalaire.com\/de\/","url":"https:\/\/www.hotelalizescavalaire.com\/de\/","name":"H\u00f4tel Bar Restaurant Aliz\u00e9s, Cavalaire sur mer","isPartOf":{"@id":"https:\/\/www.hotelalizescavalaire.com\/de\/#website"},"datePublished":"2021-06-16T09:34:40+00:00","dateModified":"2021-06-17T14:22:14+00:00","description":"Charmantes Familienhotel im Stadtzentrum, direkt am Strand, am Fu\u00dfe der Gesch\u00e4fte und des Hafens.","breadcrumb":{"@id":"https:\/\/www.hotelalizescavalaire.com\/de\/#breadcrumb"},"inLanguage":"de-DE","potentialAction":[{"@type":"ReadAction","target":["https:\/\/www.hotelalizescavalaire.com\/de\/"]}]},{"@type":"BreadcrumbList","@id":"https:\/\/www.hotelalizescavalaire.com\/de\/#breadcrumb","itemListElement":[{"@type":"ListItem","position":1,"name":"Home","item":"https:\/\/www.hotelalizescavalaire.com\/de\/"},{"@type":"ListItem","position":2,"name":"S\u00e9n\u00e9quier Familie Seit 1977"}]},{"@type":"WebSite","@id":"https:\/\/www.hotelalizescavalaire.com\/de\/#website","url":"https:\/\/www.hotelalizescavalaire.com\/de\/","name":"Alizes Hotel","description":"","potentialAction":[{"@type":"SearchAction","target":{"@type":"EntryPoint","urlTemplate":"https:\/\/www.hotelalizescavalaire.com\/de\/?s={search_term_string}"},"query-input":{"@type":"PropertyValueSpecification","valueRequired":true,"valueName":"search_term_string"}}],"inLanguage":"de-DE"}]}},"acf":[],"_links":{"self":[{"href":"https:\/\/www.hotelalizescavalaire.com\/de\/wp-json\/wp\/v2\/pages\/235","targetHints":{"allow":["GET"]}}],"collection":[{"href":"https:\/\/www.hotelalizescavalaire.com\/de\/wp-json\/wp\/v2\/pages"}],"about":[{"href":"https:\/\/www.hotelalizescavalaire.com\/de\/wp-json\/wp\/v2\/types\/page"}],"author":[{"embeddable":true,"href":"https:\/\/www.hotelalizescavalaire.com\/de\/wp-json\/wp\/v2\/users\/134"}],"replies":[{"embeddable":true,"href":"https:\/\/www.hotelalizescavalaire.com\/de\/wp-json\/wp\/v2\/comments?post=235"}],"version-history":[{"count":0,"href":"https:\/\/www.hotelalizescavalaire.com\/de\/wp-json\/wp\/v2\/pages\/235\/revisions"}],"wp:attachment":[{"href":"https:\/\/www.hotelalizescavalaire.com\/de\/wp-json\/wp\/v2\/media?parent=235"}],"curies":[{"name":"wp","href":"https:\/\/api.w.org\/{rel}","templated":true}]}}