{"id":258,"date":"2021-06-16T10:27:58","date_gmt":"2021-06-16T10:27:58","guid":{"rendered":"https:\/\/alizes.ms.decms.eu\/?page_id=258"},"modified":"2021-06-17T13:18:52","modified_gmt":"2021-06-17T13:18:52","slug":"doppelzimmer-im-nebengebaeude","status":"publish","type":"page","link":"https:\/\/www.hotelalizescavalaire.com\/de\/zimmer-und-appartements\/doppelzimmer-im-nebengebaeude\/","title":{"rendered":"Doppelzimmer im Nebengeb\u00e4ude"},"content":{"rendered":"<p style=\"text-align: center;\"><span style=\"color: #aa8800;\"><strong>Entdecken Sie unser Doppelzimmer im Nebengeb\u00e4ude<\/strong><\/span><\/p>\n<p style=\"text-align: center;\">Vom Hotel unabh\u00e4ngige Privatresidenz in der Villa hinter dem Hotel<\/p>\n","protected":false},"excerpt":{"rendered":"<p>Entdecken Sie unser Doppelzimmer im Nebengeb\u00e4ude Vom Hotel unabh\u00e4ngige Privatresidenz in der Villa hinter dem [&hellip;]<\/p>\n","protected":false},"author":134,"featured_media":0,"parent":239,"menu_order":80,"comment_status":"closed","ping_status":"closed","template":"template-single-room.php","meta":{"footnotes":""},"class_list":["post-258","page","type-page","status-publish","hentry"],"yoast_head":"<!-- This site is optimized with the Yoast SEO plugin v26.9 - https:\/\/yoast.com\/product\/yoast-seo-wordpress\/ -->\n<title>Doppelzimmer im Nebengeb\u00e4ude - Alizes Hotel<\/title>\n<meta name=\"description\" content=\"Entdecken Sie unser Doppelzimmer im Nebengeb\u00e4ude Vom Hotel unabh\u00e4ngige Privatresidenz in der Villa hinter dem Hotel\" \/>\n<meta name=\"robots\" content=\"index, follow, max-snippet:-1, max-image-preview:large, max-video-preview:-1\" \/>\n<link rel=\"canonical\" href=\"https:\/\/www.hotelalizescavalaire.com\/de\/zimmer-und-appartements\/doppelzimmer-im-nebengebaeude\/\" \/>\n<meta property=\"og:locale\" content=\"de_DE\" \/>\n<meta property=\"og:type\" content=\"article\" \/>\n<meta property=\"og:title\" content=\"Doppelzimmer im Nebengeb\u00e4ude - Alizes Hotel\" \/>\n<meta property=\"og:description\" content=\"Entdecken Sie unser Doppelzimmer im Nebengeb\u00e4ude Vom Hotel unabh\u00e4ngige Privatresidenz in der Villa hinter dem Hotel\" \/>\n<meta property=\"og:url\" content=\"https:\/\/www.hotelalizescavalaire.com\/de\/zimmer-und-appartements\/doppelzimmer-im-nebengebaeude\/\" \/>\n<meta property=\"og:site_name\" content=\"Alizes Hotel\" \/>\n<meta property=\"article:modified_time\" content=\"2021-06-17T13:18:52+00:00\" \/>\n<meta name=\"twitter:card\" content=\"summary_large_image\" \/>\n<script type=\"application\/ld+json\" class=\"yoast-schema-graph\">{\"@context\":\"https:\/\/schema.org\",\"@graph\":[{\"@type\":\"WebPage\",\"@id\":\"https:\/\/www.hotelalizescavalaire.com\/de\/zimmer-und-appartements\/doppelzimmer-im-nebengebaeude\/\",\"url\":\"https:\/\/www.hotelalizescavalaire.com\/de\/zimmer-und-appartements\/doppelzimmer-im-nebengebaeude\/\",\"name\":\"Doppelzimmer im Nebengeb\u00e4ude - Alizes Hotel\",\"isPartOf\":{\"@id\":\"https:\/\/www.hotelalizescavalaire.com\/de\/#website\"},\"datePublished\":\"2021-06-16T10:27:58+00:00\",\"dateModified\":\"2021-06-17T13:18:52+00:00\",\"description\":\"Entdecken Sie unser Doppelzimmer im Nebengeb\u00e4ude Vom Hotel unabh\u00e4ngige Privatresidenz in der Villa hinter dem Hotel\",\"breadcrumb\":{\"@id\":\"https:\/\/www.hotelalizescavalaire.com\/de\/zimmer-und-appartements\/doppelzimmer-im-nebengebaeude\/#breadcrumb\"},\"inLanguage\":\"de-DE\",\"potentialAction\":[{\"@type\":\"ReadAction\",\"target\":[\"https:\/\/www.hotelalizescavalaire.com\/de\/zimmer-und-appartements\/doppelzimmer-im-nebengebaeude\/\"]}]},{\"@type\":\"BreadcrumbList\",\"@id\":\"https:\/\/www.hotelalizescavalaire.com\/de\/zimmer-und-appartements\/doppelzimmer-im-nebengebaeude\/#breadcrumb\",\"itemListElement\":[{\"@type\":\"ListItem\",\"position\":1,\"name\":\"Home\",\"item\":\"https:\/\/www.hotelalizescavalaire.com\/de\/\"},{\"@type\":\"ListItem\",\"position\":2,\"name\":\"Zimmer und Appartements\",\"item\":\"https:\/\/www.hotelalizescavalaire.com\/de\/zimmer-und-appartements\/\"},{\"@type\":\"ListItem\",\"position\":3,\"name\":\"Doppelzimmer im Nebengeb\u00e4ude\"}]},{\"@type\":\"WebSite\",\"@id\":\"https:\/\/www.hotelalizescavalaire.com\/de\/#website\",\"url\":\"https:\/\/www.hotelalizescavalaire.com\/de\/\",\"name\":\"Alizes Hotel\",\"description\":\"\",\"potentialAction\":[{\"@type\":\"SearchAction\",\"target\":{\"@type\":\"EntryPoint\",\"urlTemplate\":\"https:\/\/www.hotelalizescavalaire.com\/de\/?s={search_term_string}\"},\"query-input\":{\"@type\":\"PropertyValueSpecification\",\"valueRequired\":true,\"valueName\":\"search_term_string\"}}],\"inLanguage\":\"de-DE\"}]}<\/script>\n<!-- \/ Yoast SEO plugin. -->","yoast_head_json":{"title":"Doppelzimmer im Nebengeb\u00e4ude - Alizes Hotel","description":"Entdecken Sie unser Doppelzimmer im Nebengeb\u00e4ude Vom Hotel unabh\u00e4ngige Privatresidenz in der Villa hinter dem Hotel","robots":{"index":"index","follow":"follow","max-snippet":"max-snippet:-1","max-image-preview":"max-image-preview:large","max-video-preview":"max-video-preview:-1"},"canonical":"https:\/\/www.hotelalizescavalaire.com\/de\/zimmer-und-appartements\/doppelzimmer-im-nebengebaeude\/","og_locale":"de_DE","og_type":"article","og_title":"Doppelzimmer im Nebengeb\u00e4ude - Alizes Hotel","og_description":"Entdecken Sie unser Doppelzimmer im Nebengeb\u00e4ude Vom Hotel unabh\u00e4ngige Privatresidenz in der Villa hinter dem Hotel","og_url":"https:\/\/www.hotelalizescavalaire.com\/de\/zimmer-und-appartements\/doppelzimmer-im-nebengebaeude\/","og_site_name":"Alizes Hotel","article_modified_time":"2021-06-17T13:18:52+00:00","twitter_card":"summary_large_image","schema":{"@context":"https:\/\/schema.org","@graph":[{"@type":"WebPage","@id":"https:\/\/www.hotelalizescavalaire.com\/de\/zimmer-und-appartements\/doppelzimmer-im-nebengebaeude\/","url":"https:\/\/www.hotelalizescavalaire.com\/de\/zimmer-und-appartements\/doppelzimmer-im-nebengebaeude\/","name":"Doppelzimmer im Nebengeb\u00e4ude - Alizes Hotel","isPartOf":{"@id":"https:\/\/www.hotelalizescavalaire.com\/de\/#website"},"datePublished":"2021-06-16T10:27:58+00:00","dateModified":"2021-06-17T13:18:52+00:00","description":"Entdecken Sie unser Doppelzimmer im Nebengeb\u00e4ude Vom Hotel unabh\u00e4ngige Privatresidenz in der Villa hinter dem Hotel","breadcrumb":{"@id":"https:\/\/www.hotelalizescavalaire.com\/de\/zimmer-und-appartements\/doppelzimmer-im-nebengebaeude\/#breadcrumb"},"inLanguage":"de-DE","potentialAction":[{"@type":"ReadAction","target":["https:\/\/www.hotelalizescavalaire.com\/de\/zimmer-und-appartements\/doppelzimmer-im-nebengebaeude\/"]}]},{"@type":"BreadcrumbList","@id":"https:\/\/www.hotelalizescavalaire.com\/de\/zimmer-und-appartements\/doppelzimmer-im-nebengebaeude\/#breadcrumb","itemListElement":[{"@type":"ListItem","position":1,"name":"Home","item":"https:\/\/www.hotelalizescavalaire.com\/de\/"},{"@type":"ListItem","position":2,"name":"Zimmer und Appartements","item":"https:\/\/www.hotelalizescavalaire.com\/de\/zimmer-und-appartements\/"},{"@type":"ListItem","position":3,"name":"Doppelzimmer im Nebengeb\u00e4ude"}]},{"@type":"WebSite","@id":"https:\/\/www.hotelalizescavalaire.com\/de\/#website","url":"https:\/\/www.hotelalizescavalaire.com\/de\/","name":"Alizes Hotel","description":"","potentialAction":[{"@type":"SearchAction","target":{"@type":"EntryPoint","urlTemplate":"https:\/\/www.hotelalizescavalaire.com\/de\/?s={search_term_string}"},"query-input":{"@type":"PropertyValueSpecification","valueRequired":true,"valueName":"search_term_string"}}],"inLanguage":"de-DE"}]}},"acf":[],"_links":{"self":[{"href":"https:\/\/www.hotelalizescavalaire.com\/de\/wp-json\/wp\/v2\/pages\/258","targetHints":{"allow":["GET"]}}],"collection":[{"href":"https:\/\/www.hotelalizescavalaire.com\/de\/wp-json\/wp\/v2\/pages"}],"about":[{"href":"https:\/\/www.hotelalizescavalaire.com\/de\/wp-json\/wp\/v2\/types\/page"}],"author":[{"embeddable":true,"href":"https:\/\/www.hotelalizescavalaire.com\/de\/wp-json\/wp\/v2\/users\/134"}],"replies":[{"embeddable":true,"href":"https:\/\/www.hotelalizescavalaire.com\/de\/wp-json\/wp\/v2\/comments?post=258"}],"version-history":[{"count":0,"href":"https:\/\/www.hotelalizescavalaire.com\/de\/wp-json\/wp\/v2\/pages\/258\/revisions"}],"up":[{"embeddable":true,"href":"https:\/\/www.hotelalizescavalaire.com\/de\/wp-json\/wp\/v2\/pages\/239"}],"wp:attachment":[{"href":"https:\/\/www.hotelalizescavalaire.com\/de\/wp-json\/wp\/v2\/media?parent=258"}],"curies":[{"name":"wp","href":"https:\/\/api.w.org\/{rel}","templated":true}]}}