{"id":262,"date":"2021-06-16T10:34:54","date_gmt":"2021-06-16T10:34:54","guid":{"rendered":"https:\/\/alizes.ms.decms.eu\/?page_id=262"},"modified":"2021-06-17T13:27:58","modified_gmt":"2021-06-17T13:27:58","slug":"joco-shop","status":"publish","type":"page","link":"https:\/\/www.hotelalizescavalaire.com\/de\/joco-shop\/","title":{"rendered":"JOCO SHOP"},"content":{"rendered":"<p style=\"text-align: center;\">Wir haben unseren JOCO SHOP Store 2010 mit dem Wunsch er\u00f6ffnet, die zeitlose Eleganz der Parf\u00fcmerie sowie die Verfeinerung der franz\u00f6sischen Kunst des Lebens am Meer zu demonstrieren.<\/p>\n<p style=\"text-align: center;\">Wir entdecken auch unsere Favoriten, unerwarteten Dekorationen und Juwelen, die auf unseren Reisen oder am Ende eines Meetings entdeckt wurden &#8230;<br \/>\nAus Sorge um das Wohlergehen unserer Kunden vertreiben wir nur die besten H\u00e4user mit seltenen, authentischen und hochwertigen Produkten.<\/p>\n<p style=\"text-align: center;\">Fasziniert von ihrer Geschichte, begeistert von ihrem Produkt und \u00fcberzeugt von der Exzellenz jedes Einzelnen in seiner Kunst, wollten wir sie nat\u00fcrlich in unserem Shop mit Ihnen teilen.<br \/>\nEntdecken Sie f\u00fcr sich selbst, f\u00fcr das Haus oder als Geschenk eine gro\u00dfe Auswahl an schicken und raffinierten Produkten, bei denen jeder etwas findet, um einen kleinen Urlaub in seinen Koffern zur\u00fcckzubringen.<\/p>\n<p style=\"text-align: center;\"><span style=\"color: #aa8800;\"><strong>Folge uns auf :<\/strong><\/span><br \/>\n<a href=\"https:\/\/www.facebook.com\/profile.php?id=100015910952774\" target=\"_blank\" rel=\"noopener\">Facebook<\/a><br \/>\n<a href=\"https:\/\/www.instagram.com\/p\/CJdQBLCF9Po\/\" target=\"_blank\" rel=\"noopener\">Instagram<\/a><\/p>\n","protected":false},"excerpt":{"rendered":"<p>Wir haben unseren JOCO SHOP Store 2010 mit dem Wunsch er\u00f6ffnet, die zeitlose Eleganz der [&hellip;]<\/p>\n","protected":false},"author":134,"featured_media":0,"parent":0,"menu_order":30,"comment_status":"closed","ping_status":"closed","template":"","meta":{"footnotes":""},"class_list":["post-262","page","type-page","status-publish","hentry"],"yoast_head":"<!-- This site is optimized with the Yoast SEO plugin v26.9 - https:\/\/yoast.com\/product\/yoast-seo-wordpress\/ -->\n<title>JOCO SHOP - Alizes Hotel<\/title>\n<meta name=\"description\" content=\"Wir haben unseren JOCO SHOP Store 2010 mit dem Wunsch er\u00f6ffnet, die zeitlose Eleganz der Parf\u00fcmerie sowie die Verfeinerung der franz\u00f6sischen Kunst des\" \/>\n<meta name=\"robots\" content=\"index, follow, max-snippet:-1, max-image-preview:large, max-video-preview:-1\" \/>\n<link rel=\"canonical\" href=\"https:\/\/www.hotelalizescavalaire.com\/de\/joco-shop\/\" \/>\n<meta property=\"og:locale\" content=\"de_DE\" \/>\n<meta property=\"og:type\" content=\"article\" \/>\n<meta property=\"og:title\" content=\"JOCO SHOP - Alizes Hotel\" \/>\n<meta property=\"og:description\" content=\"Wir haben unseren JOCO SHOP Store 2010 mit dem Wunsch er\u00f6ffnet, die zeitlose Eleganz der Parf\u00fcmerie sowie die Verfeinerung der franz\u00f6sischen Kunst des\" \/>\n<meta property=\"og:url\" content=\"https:\/\/www.hotelalizescavalaire.com\/de\/joco-shop\/\" \/>\n<meta property=\"og:site_name\" content=\"Alizes Hotel\" \/>\n<meta property=\"article:modified_time\" content=\"2021-06-17T13:27:58+00:00\" \/>\n<meta name=\"twitter:card\" content=\"summary_large_image\" \/>\n<meta name=\"twitter:label1\" content=\"Gesch\u00e4tzte Lesezeit\" \/>\n\t<meta name=\"twitter:data1\" content=\"1 Minute\" \/>\n<script type=\"application\/ld+json\" class=\"yoast-schema-graph\">{\"@context\":\"https:\/\/schema.org\",\"@graph\":[{\"@type\":\"WebPage\",\"@id\":\"https:\/\/www.hotelalizescavalaire.com\/de\/joco-shop\/\",\"url\":\"https:\/\/www.hotelalizescavalaire.com\/de\/joco-shop\/\",\"name\":\"JOCO SHOP - Alizes Hotel\",\"isPartOf\":{\"@id\":\"https:\/\/www.hotelalizescavalaire.com\/de\/#website\"},\"datePublished\":\"2021-06-16T10:34:54+00:00\",\"dateModified\":\"2021-06-17T13:27:58+00:00\",\"description\":\"Wir haben unseren JOCO SHOP Store 2010 mit dem Wunsch er\u00f6ffnet, die zeitlose Eleganz der Parf\u00fcmerie sowie die Verfeinerung der franz\u00f6sischen Kunst des\",\"breadcrumb\":{\"@id\":\"https:\/\/www.hotelalizescavalaire.com\/de\/joco-shop\/#breadcrumb\"},\"inLanguage\":\"de-DE\",\"potentialAction\":[{\"@type\":\"ReadAction\",\"target\":[\"https:\/\/www.hotelalizescavalaire.com\/de\/joco-shop\/\"]}]},{\"@type\":\"BreadcrumbList\",\"@id\":\"https:\/\/www.hotelalizescavalaire.com\/de\/joco-shop\/#breadcrumb\",\"itemListElement\":[{\"@type\":\"ListItem\",\"position\":1,\"name\":\"Home\",\"item\":\"https:\/\/www.hotelalizescavalaire.com\/de\/\"},{\"@type\":\"ListItem\",\"position\":2,\"name\":\"JOCO SHOP\"}]},{\"@type\":\"WebSite\",\"@id\":\"https:\/\/www.hotelalizescavalaire.com\/de\/#website\",\"url\":\"https:\/\/www.hotelalizescavalaire.com\/de\/\",\"name\":\"Alizes Hotel\",\"description\":\"\",\"potentialAction\":[{\"@type\":\"SearchAction\",\"target\":{\"@type\":\"EntryPoint\",\"urlTemplate\":\"https:\/\/www.hotelalizescavalaire.com\/de\/?s={search_term_string}\"},\"query-input\":{\"@type\":\"PropertyValueSpecification\",\"valueRequired\":true,\"valueName\":\"search_term_string\"}}],\"inLanguage\":\"de-DE\"}]}<\/script>\n<!-- \/ Yoast SEO plugin. -->","yoast_head_json":{"title":"JOCO SHOP - Alizes Hotel","description":"Wir haben unseren JOCO SHOP Store 2010 mit dem Wunsch er\u00f6ffnet, die zeitlose Eleganz der Parf\u00fcmerie sowie die Verfeinerung der franz\u00f6sischen Kunst des","robots":{"index":"index","follow":"follow","max-snippet":"max-snippet:-1","max-image-preview":"max-image-preview:large","max-video-preview":"max-video-preview:-1"},"canonical":"https:\/\/www.hotelalizescavalaire.com\/de\/joco-shop\/","og_locale":"de_DE","og_type":"article","og_title":"JOCO SHOP - Alizes Hotel","og_description":"Wir haben unseren JOCO SHOP Store 2010 mit dem Wunsch er\u00f6ffnet, die zeitlose Eleganz der Parf\u00fcmerie sowie die Verfeinerung der franz\u00f6sischen Kunst des","og_url":"https:\/\/www.hotelalizescavalaire.com\/de\/joco-shop\/","og_site_name":"Alizes Hotel","article_modified_time":"2021-06-17T13:27:58+00:00","twitter_card":"summary_large_image","twitter_misc":{"Gesch\u00e4tzte Lesezeit":"1 Minute"},"schema":{"@context":"https:\/\/schema.org","@graph":[{"@type":"WebPage","@id":"https:\/\/www.hotelalizescavalaire.com\/de\/joco-shop\/","url":"https:\/\/www.hotelalizescavalaire.com\/de\/joco-shop\/","name":"JOCO SHOP - Alizes Hotel","isPartOf":{"@id":"https:\/\/www.hotelalizescavalaire.com\/de\/#website"},"datePublished":"2021-06-16T10:34:54+00:00","dateModified":"2021-06-17T13:27:58+00:00","description":"Wir haben unseren JOCO SHOP Store 2010 mit dem Wunsch er\u00f6ffnet, die zeitlose Eleganz der Parf\u00fcmerie sowie die Verfeinerung der franz\u00f6sischen Kunst des","breadcrumb":{"@id":"https:\/\/www.hotelalizescavalaire.com\/de\/joco-shop\/#breadcrumb"},"inLanguage":"de-DE","potentialAction":[{"@type":"ReadAction","target":["https:\/\/www.hotelalizescavalaire.com\/de\/joco-shop\/"]}]},{"@type":"BreadcrumbList","@id":"https:\/\/www.hotelalizescavalaire.com\/de\/joco-shop\/#breadcrumb","itemListElement":[{"@type":"ListItem","position":1,"name":"Home","item":"https:\/\/www.hotelalizescavalaire.com\/de\/"},{"@type":"ListItem","position":2,"name":"JOCO SHOP"}]},{"@type":"WebSite","@id":"https:\/\/www.hotelalizescavalaire.com\/de\/#website","url":"https:\/\/www.hotelalizescavalaire.com\/de\/","name":"Alizes Hotel","description":"","potentialAction":[{"@type":"SearchAction","target":{"@type":"EntryPoint","urlTemplate":"https:\/\/www.hotelalizescavalaire.com\/de\/?s={search_term_string}"},"query-input":{"@type":"PropertyValueSpecification","valueRequired":true,"valueName":"search_term_string"}}],"inLanguage":"de-DE"}]}},"acf":[],"_links":{"self":[{"href":"https:\/\/www.hotelalizescavalaire.com\/de\/wp-json\/wp\/v2\/pages\/262","targetHints":{"allow":["GET"]}}],"collection":[{"href":"https:\/\/www.hotelalizescavalaire.com\/de\/wp-json\/wp\/v2\/pages"}],"about":[{"href":"https:\/\/www.hotelalizescavalaire.com\/de\/wp-json\/wp\/v2\/types\/page"}],"author":[{"embeddable":true,"href":"https:\/\/www.hotelalizescavalaire.com\/de\/wp-json\/wp\/v2\/users\/134"}],"replies":[{"embeddable":true,"href":"https:\/\/www.hotelalizescavalaire.com\/de\/wp-json\/wp\/v2\/comments?post=262"}],"version-history":[{"count":0,"href":"https:\/\/www.hotelalizescavalaire.com\/de\/wp-json\/wp\/v2\/pages\/262\/revisions"}],"wp:attachment":[{"href":"https:\/\/www.hotelalizescavalaire.com\/de\/wp-json\/wp\/v2\/media?parent=262"}],"curies":[{"name":"wp","href":"https:\/\/api.w.org\/{rel}","templated":true}]}}