{"id":267,"date":"2021-06-16T10:39:34","date_gmt":"2021-06-16T10:39:34","guid":{"rendered":"https:\/\/alizes.ms.decms.eu\/?page_id=267"},"modified":"2021-06-17T13:28:51","modified_gmt":"2021-06-17T13:28:51","slug":"fer-a-cheval","status":"publish","type":"page","link":"https:\/\/www.hotelalizescavalaire.com\/de\/joco-shop\/fer-a-cheval\/","title":{"rendered":"Fer \u00e0 cheval"},"content":{"rendered":"<p style=\"text-align: center;\">Mit mehr als 160 Jahren ist FER \u00c0 CHEVAL die \u00e4lteste Seifenfabrik in Marseille.<br \/>\nDer einzige verewigte die Methode zur Herstellung und Verseifung von Marseille-Seife in einem Kessel nach der wahren \u201eMarseillaise\u201c -Methode.<\/p>\n","protected":false},"excerpt":{"rendered":"<p>Mit mehr als 160 Jahren ist FER \u00c0 CHEVAL die \u00e4lteste Seifenfabrik in Marseille. Der [&hellip;]<\/p>\n","protected":false},"author":134,"featured_media":0,"parent":262,"menu_order":20,"comment_status":"closed","ping_status":"closed","template":"","meta":{"footnotes":""},"class_list":["post-267","page","type-page","status-publish","hentry"],"yoast_head":"<!-- This site is optimized with the Yoast SEO plugin v26.9 - https:\/\/yoast.com\/product\/yoast-seo-wordpress\/ -->\n<title>Fer \u00e0 cheval - Alizes Hotel<\/title>\n<meta name=\"description\" content=\"Mit mehr als 160 Jahren ist FER \u00c0 CHEVAL die \u00e4lteste Seifenfabrik in Marseille. Der einzige verewigte die Methode zur Herstellung und Verseifung von\" \/>\n<meta name=\"robots\" content=\"index, follow, max-snippet:-1, max-image-preview:large, max-video-preview:-1\" \/>\n<link rel=\"canonical\" href=\"https:\/\/www.hotelalizescavalaire.com\/de\/joco-shop\/fer-a-cheval\/\" \/>\n<meta property=\"og:locale\" content=\"de_DE\" \/>\n<meta property=\"og:type\" content=\"article\" \/>\n<meta property=\"og:title\" content=\"Fer \u00e0 cheval - Alizes Hotel\" \/>\n<meta property=\"og:description\" content=\"Mit mehr als 160 Jahren ist FER \u00c0 CHEVAL die \u00e4lteste Seifenfabrik in Marseille. Der einzige verewigte die Methode zur Herstellung und Verseifung von\" \/>\n<meta property=\"og:url\" content=\"https:\/\/www.hotelalizescavalaire.com\/de\/joco-shop\/fer-a-cheval\/\" \/>\n<meta property=\"og:site_name\" content=\"Alizes Hotel\" \/>\n<meta property=\"article:modified_time\" content=\"2021-06-17T13:28:51+00:00\" \/>\n<meta name=\"twitter:card\" content=\"summary_large_image\" \/>\n<script type=\"application\/ld+json\" class=\"yoast-schema-graph\">{\"@context\":\"https:\/\/schema.org\",\"@graph\":[{\"@type\":\"WebPage\",\"@id\":\"https:\/\/www.hotelalizescavalaire.com\/de\/joco-shop\/fer-a-cheval\/\",\"url\":\"https:\/\/www.hotelalizescavalaire.com\/de\/joco-shop\/fer-a-cheval\/\",\"name\":\"Fer \u00e0 cheval - Alizes Hotel\",\"isPartOf\":{\"@id\":\"https:\/\/www.hotelalizescavalaire.com\/de\/#website\"},\"datePublished\":\"2021-06-16T10:39:34+00:00\",\"dateModified\":\"2021-06-17T13:28:51+00:00\",\"description\":\"Mit mehr als 160 Jahren ist FER \u00c0 CHEVAL die \u00e4lteste Seifenfabrik in Marseille. Der einzige verewigte die Methode zur Herstellung und Verseifung von\",\"breadcrumb\":{\"@id\":\"https:\/\/www.hotelalizescavalaire.com\/de\/joco-shop\/fer-a-cheval\/#breadcrumb\"},\"inLanguage\":\"de-DE\",\"potentialAction\":[{\"@type\":\"ReadAction\",\"target\":[\"https:\/\/www.hotelalizescavalaire.com\/de\/joco-shop\/fer-a-cheval\/\"]}]},{\"@type\":\"BreadcrumbList\",\"@id\":\"https:\/\/www.hotelalizescavalaire.com\/de\/joco-shop\/fer-a-cheval\/#breadcrumb\",\"itemListElement\":[{\"@type\":\"ListItem\",\"position\":1,\"name\":\"Home\",\"item\":\"https:\/\/www.hotelalizescavalaire.com\/de\/\"},{\"@type\":\"ListItem\",\"position\":2,\"name\":\"JOCO SHOP\",\"item\":\"https:\/\/www.hotelalizescavalaire.com\/de\/joco-shop\/\"},{\"@type\":\"ListItem\",\"position\":3,\"name\":\"Fer \u00e0 cheval\"}]},{\"@type\":\"WebSite\",\"@id\":\"https:\/\/www.hotelalizescavalaire.com\/de\/#website\",\"url\":\"https:\/\/www.hotelalizescavalaire.com\/de\/\",\"name\":\"Alizes Hotel\",\"description\":\"\",\"potentialAction\":[{\"@type\":\"SearchAction\",\"target\":{\"@type\":\"EntryPoint\",\"urlTemplate\":\"https:\/\/www.hotelalizescavalaire.com\/de\/?s={search_term_string}\"},\"query-input\":{\"@type\":\"PropertyValueSpecification\",\"valueRequired\":true,\"valueName\":\"search_term_string\"}}],\"inLanguage\":\"de-DE\"}]}<\/script>\n<!-- \/ Yoast SEO plugin. -->","yoast_head_json":{"title":"Fer \u00e0 cheval - Alizes Hotel","description":"Mit mehr als 160 Jahren ist FER \u00c0 CHEVAL die \u00e4lteste Seifenfabrik in Marseille. Der einzige verewigte die Methode zur Herstellung und Verseifung von","robots":{"index":"index","follow":"follow","max-snippet":"max-snippet:-1","max-image-preview":"max-image-preview:large","max-video-preview":"max-video-preview:-1"},"canonical":"https:\/\/www.hotelalizescavalaire.com\/de\/joco-shop\/fer-a-cheval\/","og_locale":"de_DE","og_type":"article","og_title":"Fer \u00e0 cheval - Alizes Hotel","og_description":"Mit mehr als 160 Jahren ist FER \u00c0 CHEVAL die \u00e4lteste Seifenfabrik in Marseille. Der einzige verewigte die Methode zur Herstellung und Verseifung von","og_url":"https:\/\/www.hotelalizescavalaire.com\/de\/joco-shop\/fer-a-cheval\/","og_site_name":"Alizes Hotel","article_modified_time":"2021-06-17T13:28:51+00:00","twitter_card":"summary_large_image","schema":{"@context":"https:\/\/schema.org","@graph":[{"@type":"WebPage","@id":"https:\/\/www.hotelalizescavalaire.com\/de\/joco-shop\/fer-a-cheval\/","url":"https:\/\/www.hotelalizescavalaire.com\/de\/joco-shop\/fer-a-cheval\/","name":"Fer \u00e0 cheval - Alizes Hotel","isPartOf":{"@id":"https:\/\/www.hotelalizescavalaire.com\/de\/#website"},"datePublished":"2021-06-16T10:39:34+00:00","dateModified":"2021-06-17T13:28:51+00:00","description":"Mit mehr als 160 Jahren ist FER \u00c0 CHEVAL die \u00e4lteste Seifenfabrik in Marseille. Der einzige verewigte die Methode zur Herstellung und Verseifung von","breadcrumb":{"@id":"https:\/\/www.hotelalizescavalaire.com\/de\/joco-shop\/fer-a-cheval\/#breadcrumb"},"inLanguage":"de-DE","potentialAction":[{"@type":"ReadAction","target":["https:\/\/www.hotelalizescavalaire.com\/de\/joco-shop\/fer-a-cheval\/"]}]},{"@type":"BreadcrumbList","@id":"https:\/\/www.hotelalizescavalaire.com\/de\/joco-shop\/fer-a-cheval\/#breadcrumb","itemListElement":[{"@type":"ListItem","position":1,"name":"Home","item":"https:\/\/www.hotelalizescavalaire.com\/de\/"},{"@type":"ListItem","position":2,"name":"JOCO SHOP","item":"https:\/\/www.hotelalizescavalaire.com\/de\/joco-shop\/"},{"@type":"ListItem","position":3,"name":"Fer \u00e0 cheval"}]},{"@type":"WebSite","@id":"https:\/\/www.hotelalizescavalaire.com\/de\/#website","url":"https:\/\/www.hotelalizescavalaire.com\/de\/","name":"Alizes Hotel","description":"","potentialAction":[{"@type":"SearchAction","target":{"@type":"EntryPoint","urlTemplate":"https:\/\/www.hotelalizescavalaire.com\/de\/?s={search_term_string}"},"query-input":{"@type":"PropertyValueSpecification","valueRequired":true,"valueName":"search_term_string"}}],"inLanguage":"de-DE"}]}},"acf":[],"_links":{"self":[{"href":"https:\/\/www.hotelalizescavalaire.com\/de\/wp-json\/wp\/v2\/pages\/267","targetHints":{"allow":["GET"]}}],"collection":[{"href":"https:\/\/www.hotelalizescavalaire.com\/de\/wp-json\/wp\/v2\/pages"}],"about":[{"href":"https:\/\/www.hotelalizescavalaire.com\/de\/wp-json\/wp\/v2\/types\/page"}],"author":[{"embeddable":true,"href":"https:\/\/www.hotelalizescavalaire.com\/de\/wp-json\/wp\/v2\/users\/134"}],"replies":[{"embeddable":true,"href":"https:\/\/www.hotelalizescavalaire.com\/de\/wp-json\/wp\/v2\/comments?post=267"}],"version-history":[{"count":0,"href":"https:\/\/www.hotelalizescavalaire.com\/de\/wp-json\/wp\/v2\/pages\/267\/revisions"}],"up":[{"embeddable":true,"href":"https:\/\/www.hotelalizescavalaire.com\/de\/wp-json\/wp\/v2\/pages\/262"}],"wp:attachment":[{"href":"https:\/\/www.hotelalizescavalaire.com\/de\/wp-json\/wp\/v2\/media?parent=267"}],"curies":[{"name":"wp","href":"https:\/\/api.w.org\/{rel}","templated":true}]}}