{"id":269,"date":"2021-06-16T10:41:01","date_gmt":"2021-06-16T10:41:01","guid":{"rendered":"https:\/\/alizes.ms.decms.eu\/?page_id=269"},"modified":"2021-06-17T15:02:54","modified_gmt":"2021-06-17T15:02:54","slug":"palais-des-thes","status":"publish","type":"page","link":"https:\/\/www.hotelalizescavalaire.com\/de\/joco-shop\/palais-des-thes\/","title":{"rendered":"Palais des th\u00e9s"},"content":{"rendered":"<p style=\"text-align: center;\">PALAIS DES TH\u00c9S ist ein entschlossen zeitgem\u00e4\u00dfes Teehaus, das f\u00fcr seine unvergleichliche Auswahl der besten und qualitativ hochwertigsten Tees bekannt ist. PALAIS DES TH\u00c9S arbeitet direkt mit den Produzenten zusammen und gew\u00e4hrleistet Produkte von au\u00dfergew\u00f6hnlicher Qualit\u00e4t sowie die Achtung einer umweltbewussten Ethik ohne Kinderarbeit oder Zwangsarbeit.<\/p>\n","protected":false},"excerpt":{"rendered":"<p>PALAIS DES TH\u00c9S ist ein entschlossen zeitgem\u00e4\u00dfes Teehaus, das f\u00fcr seine unvergleichliche Auswahl der besten [&hellip;]<\/p>\n","protected":false},"author":134,"featured_media":0,"parent":262,"menu_order":30,"comment_status":"closed","ping_status":"closed","template":"","meta":{"footnotes":""},"class_list":["post-269","page","type-page","status-publish","hentry"],"yoast_head":"<!-- This site is optimized with the Yoast SEO plugin v26.9 - https:\/\/yoast.com\/product\/yoast-seo-wordpress\/ -->\n<title>Palais des th\u00e9s - Alizes Hotel<\/title>\n<meta name=\"description\" content=\"PALAIS DES TH\u00c9S ist ein entschlossen zeitgem\u00e4\u00dfes Teehaus, das f\u00fcr seine unvergleichliche Auswahl der besten und qualitativ hochwertigsten Tees bekannt\" \/>\n<meta name=\"robots\" content=\"index, follow, max-snippet:-1, max-image-preview:large, max-video-preview:-1\" \/>\n<link rel=\"canonical\" href=\"https:\/\/www.hotelalizescavalaire.com\/de\/joco-shop\/palais-des-thes\/\" \/>\n<meta property=\"og:locale\" content=\"de_DE\" \/>\n<meta property=\"og:type\" content=\"article\" \/>\n<meta property=\"og:title\" content=\"Palais des th\u00e9s - Alizes Hotel\" \/>\n<meta property=\"og:description\" content=\"PALAIS DES TH\u00c9S ist ein entschlossen zeitgem\u00e4\u00dfes Teehaus, das f\u00fcr seine unvergleichliche Auswahl der besten und qualitativ hochwertigsten Tees bekannt\" \/>\n<meta property=\"og:url\" content=\"https:\/\/www.hotelalizescavalaire.com\/de\/joco-shop\/palais-des-thes\/\" \/>\n<meta property=\"og:site_name\" content=\"Alizes Hotel\" \/>\n<meta property=\"article:modified_time\" content=\"2021-06-17T15:02:54+00:00\" \/>\n<meta name=\"twitter:card\" content=\"summary_large_image\" \/>\n<script type=\"application\/ld+json\" class=\"yoast-schema-graph\">{\"@context\":\"https:\/\/schema.org\",\"@graph\":[{\"@type\":\"WebPage\",\"@id\":\"https:\/\/www.hotelalizescavalaire.com\/de\/joco-shop\/palais-des-thes\/\",\"url\":\"https:\/\/www.hotelalizescavalaire.com\/de\/joco-shop\/palais-des-thes\/\",\"name\":\"Palais des th\u00e9s - Alizes Hotel\",\"isPartOf\":{\"@id\":\"https:\/\/www.hotelalizescavalaire.com\/de\/#website\"},\"datePublished\":\"2021-06-16T10:41:01+00:00\",\"dateModified\":\"2021-06-17T15:02:54+00:00\",\"description\":\"PALAIS DES TH\u00c9S ist ein entschlossen zeitgem\u00e4\u00dfes Teehaus, das f\u00fcr seine unvergleichliche Auswahl der besten und qualitativ hochwertigsten Tees bekannt\",\"breadcrumb\":{\"@id\":\"https:\/\/www.hotelalizescavalaire.com\/de\/joco-shop\/palais-des-thes\/#breadcrumb\"},\"inLanguage\":\"de-DE\",\"potentialAction\":[{\"@type\":\"ReadAction\",\"target\":[\"https:\/\/www.hotelalizescavalaire.com\/de\/joco-shop\/palais-des-thes\/\"]}]},{\"@type\":\"BreadcrumbList\",\"@id\":\"https:\/\/www.hotelalizescavalaire.com\/de\/joco-shop\/palais-des-thes\/#breadcrumb\",\"itemListElement\":[{\"@type\":\"ListItem\",\"position\":1,\"name\":\"Home\",\"item\":\"https:\/\/www.hotelalizescavalaire.com\/de\/\"},{\"@type\":\"ListItem\",\"position\":2,\"name\":\"JOCO SHOP\",\"item\":\"https:\/\/www.hotelalizescavalaire.com\/de\/joco-shop\/\"},{\"@type\":\"ListItem\",\"position\":3,\"name\":\"Palais des th\u00e9s\"}]},{\"@type\":\"WebSite\",\"@id\":\"https:\/\/www.hotelalizescavalaire.com\/de\/#website\",\"url\":\"https:\/\/www.hotelalizescavalaire.com\/de\/\",\"name\":\"Alizes Hotel\",\"description\":\"\",\"potentialAction\":[{\"@type\":\"SearchAction\",\"target\":{\"@type\":\"EntryPoint\",\"urlTemplate\":\"https:\/\/www.hotelalizescavalaire.com\/de\/?s={search_term_string}\"},\"query-input\":{\"@type\":\"PropertyValueSpecification\",\"valueRequired\":true,\"valueName\":\"search_term_string\"}}],\"inLanguage\":\"de-DE\"}]}<\/script>\n<!-- \/ Yoast SEO plugin. -->","yoast_head_json":{"title":"Palais des th\u00e9s - Alizes Hotel","description":"PALAIS DES TH\u00c9S ist ein entschlossen zeitgem\u00e4\u00dfes Teehaus, das f\u00fcr seine unvergleichliche Auswahl der besten und qualitativ hochwertigsten Tees bekannt","robots":{"index":"index","follow":"follow","max-snippet":"max-snippet:-1","max-image-preview":"max-image-preview:large","max-video-preview":"max-video-preview:-1"},"canonical":"https:\/\/www.hotelalizescavalaire.com\/de\/joco-shop\/palais-des-thes\/","og_locale":"de_DE","og_type":"article","og_title":"Palais des th\u00e9s - Alizes Hotel","og_description":"PALAIS DES TH\u00c9S ist ein entschlossen zeitgem\u00e4\u00dfes Teehaus, das f\u00fcr seine unvergleichliche Auswahl der besten und qualitativ hochwertigsten Tees bekannt","og_url":"https:\/\/www.hotelalizescavalaire.com\/de\/joco-shop\/palais-des-thes\/","og_site_name":"Alizes Hotel","article_modified_time":"2021-06-17T15:02:54+00:00","twitter_card":"summary_large_image","schema":{"@context":"https:\/\/schema.org","@graph":[{"@type":"WebPage","@id":"https:\/\/www.hotelalizescavalaire.com\/de\/joco-shop\/palais-des-thes\/","url":"https:\/\/www.hotelalizescavalaire.com\/de\/joco-shop\/palais-des-thes\/","name":"Palais des th\u00e9s - Alizes Hotel","isPartOf":{"@id":"https:\/\/www.hotelalizescavalaire.com\/de\/#website"},"datePublished":"2021-06-16T10:41:01+00:00","dateModified":"2021-06-17T15:02:54+00:00","description":"PALAIS DES TH\u00c9S ist ein entschlossen zeitgem\u00e4\u00dfes Teehaus, das f\u00fcr seine unvergleichliche Auswahl der besten und qualitativ hochwertigsten Tees bekannt","breadcrumb":{"@id":"https:\/\/www.hotelalizescavalaire.com\/de\/joco-shop\/palais-des-thes\/#breadcrumb"},"inLanguage":"de-DE","potentialAction":[{"@type":"ReadAction","target":["https:\/\/www.hotelalizescavalaire.com\/de\/joco-shop\/palais-des-thes\/"]}]},{"@type":"BreadcrumbList","@id":"https:\/\/www.hotelalizescavalaire.com\/de\/joco-shop\/palais-des-thes\/#breadcrumb","itemListElement":[{"@type":"ListItem","position":1,"name":"Home","item":"https:\/\/www.hotelalizescavalaire.com\/de\/"},{"@type":"ListItem","position":2,"name":"JOCO SHOP","item":"https:\/\/www.hotelalizescavalaire.com\/de\/joco-shop\/"},{"@type":"ListItem","position":3,"name":"Palais des th\u00e9s"}]},{"@type":"WebSite","@id":"https:\/\/www.hotelalizescavalaire.com\/de\/#website","url":"https:\/\/www.hotelalizescavalaire.com\/de\/","name":"Alizes Hotel","description":"","potentialAction":[{"@type":"SearchAction","target":{"@type":"EntryPoint","urlTemplate":"https:\/\/www.hotelalizescavalaire.com\/de\/?s={search_term_string}"},"query-input":{"@type":"PropertyValueSpecification","valueRequired":true,"valueName":"search_term_string"}}],"inLanguage":"de-DE"}]}},"acf":[],"_links":{"self":[{"href":"https:\/\/www.hotelalizescavalaire.com\/de\/wp-json\/wp\/v2\/pages\/269","targetHints":{"allow":["GET"]}}],"collection":[{"href":"https:\/\/www.hotelalizescavalaire.com\/de\/wp-json\/wp\/v2\/pages"}],"about":[{"href":"https:\/\/www.hotelalizescavalaire.com\/de\/wp-json\/wp\/v2\/types\/page"}],"author":[{"embeddable":true,"href":"https:\/\/www.hotelalizescavalaire.com\/de\/wp-json\/wp\/v2\/users\/134"}],"replies":[{"embeddable":true,"href":"https:\/\/www.hotelalizescavalaire.com\/de\/wp-json\/wp\/v2\/comments?post=269"}],"version-history":[{"count":0,"href":"https:\/\/www.hotelalizescavalaire.com\/de\/wp-json\/wp\/v2\/pages\/269\/revisions"}],"up":[{"embeddable":true,"href":"https:\/\/www.hotelalizescavalaire.com\/de\/wp-json\/wp\/v2\/pages\/262"}],"wp:attachment":[{"href":"https:\/\/www.hotelalizescavalaire.com\/de\/wp-json\/wp\/v2\/media?parent=269"}],"curies":[{"name":"wp","href":"https:\/\/api.w.org\/{rel}","templated":true}]}}