{"id":271,"date":"2021-06-16T10:42:52","date_gmt":"2021-06-16T10:42:52","guid":{"rendered":"https:\/\/alizes.ms.decms.eu\/?page_id=271"},"modified":"2021-06-17T13:29:49","modified_gmt":"2021-06-17T13:29:49","slug":"izipizi","status":"publish","type":"page","link":"https:\/\/www.hotelalizescavalaire.com\/de\/joco-shop\/izipizi\/","title":{"rendered":"Izipizi"},"content":{"rendered":"<p style=\"text-align: center;\">Ein modisches, frisches, dynamisches und farbenfrohes Lifestyle-Universum &#8230; IZIPIZI ist Gl\u00fcck! F\u00fcr jeden Geschmack und jede Farbe eine Brille, die Sie zum L\u00e4cheln bringt. Klassisch oder stilvoll, sie passen zu jeder Nase! Zum Lesen, f\u00fcr die Sonne und zum Spa\u00df: Einfach f\u00fcr Sie, f\u00fcr uns, f\u00fcr alle, es ist IZIPIZI!<\/p>\n","protected":false},"excerpt":{"rendered":"<p>Ein modisches, frisches, dynamisches und farbenfrohes Lifestyle-Universum &#8230; IZIPIZI ist Gl\u00fcck! F\u00fcr jeden Geschmack und [&hellip;]<\/p>\n","protected":false},"author":134,"featured_media":0,"parent":262,"menu_order":40,"comment_status":"closed","ping_status":"closed","template":"","meta":{"footnotes":""},"class_list":["post-271","page","type-page","status-publish","hentry"],"yoast_head":"<!-- This site is optimized with the Yoast SEO plugin v26.9 - https:\/\/yoast.com\/product\/yoast-seo-wordpress\/ -->\n<title>Izipizi - Alizes Hotel<\/title>\n<meta name=\"description\" content=\"Ein modisches, frisches, dynamisches und farbenfrohes Lifestyle-Universum ... IZIPIZI ist Gl\u00fcck! F\u00fcr jeden Geschmack und jede Farbe eine Brille, die Sie\" \/>\n<meta name=\"robots\" content=\"index, follow, max-snippet:-1, max-image-preview:large, max-video-preview:-1\" \/>\n<link rel=\"canonical\" href=\"https:\/\/www.hotelalizescavalaire.com\/de\/joco-shop\/izipizi\/\" \/>\n<meta property=\"og:locale\" content=\"de_DE\" \/>\n<meta property=\"og:type\" content=\"article\" \/>\n<meta property=\"og:title\" content=\"Izipizi - Alizes Hotel\" \/>\n<meta property=\"og:description\" content=\"Ein modisches, frisches, dynamisches und farbenfrohes Lifestyle-Universum ... IZIPIZI ist Gl\u00fcck! F\u00fcr jeden Geschmack und jede Farbe eine Brille, die Sie\" \/>\n<meta property=\"og:url\" content=\"https:\/\/www.hotelalizescavalaire.com\/de\/joco-shop\/izipizi\/\" \/>\n<meta property=\"og:site_name\" content=\"Alizes Hotel\" \/>\n<meta property=\"article:modified_time\" content=\"2021-06-17T13:29:49+00:00\" \/>\n<meta name=\"twitter:card\" content=\"summary_large_image\" \/>\n<script type=\"application\/ld+json\" class=\"yoast-schema-graph\">{\"@context\":\"https:\/\/schema.org\",\"@graph\":[{\"@type\":\"WebPage\",\"@id\":\"https:\/\/www.hotelalizescavalaire.com\/de\/joco-shop\/izipizi\/\",\"url\":\"https:\/\/www.hotelalizescavalaire.com\/de\/joco-shop\/izipizi\/\",\"name\":\"Izipizi - Alizes Hotel\",\"isPartOf\":{\"@id\":\"https:\/\/www.hotelalizescavalaire.com\/de\/#website\"},\"datePublished\":\"2021-06-16T10:42:52+00:00\",\"dateModified\":\"2021-06-17T13:29:49+00:00\",\"description\":\"Ein modisches, frisches, dynamisches und farbenfrohes Lifestyle-Universum ... IZIPIZI ist Gl\u00fcck! F\u00fcr jeden Geschmack und jede Farbe eine Brille, die Sie\",\"breadcrumb\":{\"@id\":\"https:\/\/www.hotelalizescavalaire.com\/de\/joco-shop\/izipizi\/#breadcrumb\"},\"inLanguage\":\"de-DE\",\"potentialAction\":[{\"@type\":\"ReadAction\",\"target\":[\"https:\/\/www.hotelalizescavalaire.com\/de\/joco-shop\/izipizi\/\"]}]},{\"@type\":\"BreadcrumbList\",\"@id\":\"https:\/\/www.hotelalizescavalaire.com\/de\/joco-shop\/izipizi\/#breadcrumb\",\"itemListElement\":[{\"@type\":\"ListItem\",\"position\":1,\"name\":\"Home\",\"item\":\"https:\/\/www.hotelalizescavalaire.com\/de\/\"},{\"@type\":\"ListItem\",\"position\":2,\"name\":\"JOCO SHOP\",\"item\":\"https:\/\/www.hotelalizescavalaire.com\/de\/joco-shop\/\"},{\"@type\":\"ListItem\",\"position\":3,\"name\":\"Izipizi\"}]},{\"@type\":\"WebSite\",\"@id\":\"https:\/\/www.hotelalizescavalaire.com\/de\/#website\",\"url\":\"https:\/\/www.hotelalizescavalaire.com\/de\/\",\"name\":\"Alizes Hotel\",\"description\":\"\",\"potentialAction\":[{\"@type\":\"SearchAction\",\"target\":{\"@type\":\"EntryPoint\",\"urlTemplate\":\"https:\/\/www.hotelalizescavalaire.com\/de\/?s={search_term_string}\"},\"query-input\":{\"@type\":\"PropertyValueSpecification\",\"valueRequired\":true,\"valueName\":\"search_term_string\"}}],\"inLanguage\":\"de-DE\"}]}<\/script>\n<!-- \/ Yoast SEO plugin. -->","yoast_head_json":{"title":"Izipizi - Alizes Hotel","description":"Ein modisches, frisches, dynamisches und farbenfrohes Lifestyle-Universum ... IZIPIZI ist Gl\u00fcck! F\u00fcr jeden Geschmack und jede Farbe eine Brille, die Sie","robots":{"index":"index","follow":"follow","max-snippet":"max-snippet:-1","max-image-preview":"max-image-preview:large","max-video-preview":"max-video-preview:-1"},"canonical":"https:\/\/www.hotelalizescavalaire.com\/de\/joco-shop\/izipizi\/","og_locale":"de_DE","og_type":"article","og_title":"Izipizi - Alizes Hotel","og_description":"Ein modisches, frisches, dynamisches und farbenfrohes Lifestyle-Universum ... IZIPIZI ist Gl\u00fcck! F\u00fcr jeden Geschmack und jede Farbe eine Brille, die Sie","og_url":"https:\/\/www.hotelalizescavalaire.com\/de\/joco-shop\/izipizi\/","og_site_name":"Alizes Hotel","article_modified_time":"2021-06-17T13:29:49+00:00","twitter_card":"summary_large_image","schema":{"@context":"https:\/\/schema.org","@graph":[{"@type":"WebPage","@id":"https:\/\/www.hotelalizescavalaire.com\/de\/joco-shop\/izipizi\/","url":"https:\/\/www.hotelalizescavalaire.com\/de\/joco-shop\/izipizi\/","name":"Izipizi - Alizes Hotel","isPartOf":{"@id":"https:\/\/www.hotelalizescavalaire.com\/de\/#website"},"datePublished":"2021-06-16T10:42:52+00:00","dateModified":"2021-06-17T13:29:49+00:00","description":"Ein modisches, frisches, dynamisches und farbenfrohes Lifestyle-Universum ... IZIPIZI ist Gl\u00fcck! F\u00fcr jeden Geschmack und jede Farbe eine Brille, die Sie","breadcrumb":{"@id":"https:\/\/www.hotelalizescavalaire.com\/de\/joco-shop\/izipizi\/#breadcrumb"},"inLanguage":"de-DE","potentialAction":[{"@type":"ReadAction","target":["https:\/\/www.hotelalizescavalaire.com\/de\/joco-shop\/izipizi\/"]}]},{"@type":"BreadcrumbList","@id":"https:\/\/www.hotelalizescavalaire.com\/de\/joco-shop\/izipizi\/#breadcrumb","itemListElement":[{"@type":"ListItem","position":1,"name":"Home","item":"https:\/\/www.hotelalizescavalaire.com\/de\/"},{"@type":"ListItem","position":2,"name":"JOCO SHOP","item":"https:\/\/www.hotelalizescavalaire.com\/de\/joco-shop\/"},{"@type":"ListItem","position":3,"name":"Izipizi"}]},{"@type":"WebSite","@id":"https:\/\/www.hotelalizescavalaire.com\/de\/#website","url":"https:\/\/www.hotelalizescavalaire.com\/de\/","name":"Alizes Hotel","description":"","potentialAction":[{"@type":"SearchAction","target":{"@type":"EntryPoint","urlTemplate":"https:\/\/www.hotelalizescavalaire.com\/de\/?s={search_term_string}"},"query-input":{"@type":"PropertyValueSpecification","valueRequired":true,"valueName":"search_term_string"}}],"inLanguage":"de-DE"}]}},"acf":[],"_links":{"self":[{"href":"https:\/\/www.hotelalizescavalaire.com\/de\/wp-json\/wp\/v2\/pages\/271","targetHints":{"allow":["GET"]}}],"collection":[{"href":"https:\/\/www.hotelalizescavalaire.com\/de\/wp-json\/wp\/v2\/pages"}],"about":[{"href":"https:\/\/www.hotelalizescavalaire.com\/de\/wp-json\/wp\/v2\/types\/page"}],"author":[{"embeddable":true,"href":"https:\/\/www.hotelalizescavalaire.com\/de\/wp-json\/wp\/v2\/users\/134"}],"replies":[{"embeddable":true,"href":"https:\/\/www.hotelalizescavalaire.com\/de\/wp-json\/wp\/v2\/comments?post=271"}],"version-history":[{"count":0,"href":"https:\/\/www.hotelalizescavalaire.com\/de\/wp-json\/wp\/v2\/pages\/271\/revisions"}],"up":[{"embeddable":true,"href":"https:\/\/www.hotelalizescavalaire.com\/de\/wp-json\/wp\/v2\/pages\/262"}],"wp:attachment":[{"href":"https:\/\/www.hotelalizescavalaire.com\/de\/wp-json\/wp\/v2\/media?parent=271"}],"curies":[{"name":"wp","href":"https:\/\/api.w.org\/{rel}","templated":true}]}}