{"id":273,"date":"2021-06-16T10:44:27","date_gmt":"2021-06-16T10:44:27","guid":{"rendered":"https:\/\/alizes.ms.decms.eu\/?page_id=273"},"modified":"2021-06-17T13:30:30","modified_gmt":"2021-06-17T13:30:30","slug":"nilai","status":"publish","type":"page","link":"https:\/\/www.hotelalizescavalaire.com\/de\/joco-shop\/nilai\/","title":{"rendered":"Nila\u00ef"},"content":{"rendered":"<p style=\"text-align: center;\">Mit rockigen und b\u00f6hmisch-schicken Akzenten werden die Kreationen von NILA\u00cf PARIS mit Zartheit und Raffinesse in edlen Materialien verarbeitet. Vergoldet mit feinem 24 Karat Gold, die Kreationen, st\u00e4ndig erneuert, sind mit Halbedelsteinen besetzt.<\/p>\n","protected":false},"excerpt":{"rendered":"<p>Mit rockigen und b\u00f6hmisch-schicken Akzenten werden die Kreationen von NILA\u00cf PARIS mit Zartheit und Raffinesse [&hellip;]<\/p>\n","protected":false},"author":134,"featured_media":0,"parent":262,"menu_order":50,"comment_status":"closed","ping_status":"closed","template":"","meta":{"footnotes":""},"class_list":["post-273","page","type-page","status-publish","hentry"],"yoast_head":"<!-- This site is optimized with the Yoast SEO plugin v26.9 - https:\/\/yoast.com\/product\/yoast-seo-wordpress\/ -->\n<title>Nila\u00ef - Alizes Hotel<\/title>\n<meta name=\"description\" content=\"Mit rockigen und b\u00f6hmisch-schicken Akzenten werden die Kreationen von NILA\u00cf PARIS mit Zartheit und Raffinesse in edlen Materialien verarbeitet. Vergoldet\" \/>\n<meta name=\"robots\" content=\"index, follow, max-snippet:-1, max-image-preview:large, max-video-preview:-1\" \/>\n<link rel=\"canonical\" href=\"https:\/\/www.hotelalizescavalaire.com\/de\/joco-shop\/nilai\/\" \/>\n<meta property=\"og:locale\" content=\"de_DE\" \/>\n<meta property=\"og:type\" content=\"article\" \/>\n<meta property=\"og:title\" content=\"Nila\u00ef - Alizes Hotel\" \/>\n<meta property=\"og:description\" content=\"Mit rockigen und b\u00f6hmisch-schicken Akzenten werden die Kreationen von NILA\u00cf PARIS mit Zartheit und Raffinesse in edlen Materialien verarbeitet. Vergoldet\" \/>\n<meta property=\"og:url\" content=\"https:\/\/www.hotelalizescavalaire.com\/de\/joco-shop\/nilai\/\" \/>\n<meta property=\"og:site_name\" content=\"Alizes Hotel\" \/>\n<meta property=\"article:modified_time\" content=\"2021-06-17T13:30:30+00:00\" \/>\n<meta name=\"twitter:card\" content=\"summary_large_image\" \/>\n<script type=\"application\/ld+json\" class=\"yoast-schema-graph\">{\"@context\":\"https:\/\/schema.org\",\"@graph\":[{\"@type\":\"WebPage\",\"@id\":\"https:\/\/www.hotelalizescavalaire.com\/de\/joco-shop\/nilai\/\",\"url\":\"https:\/\/www.hotelalizescavalaire.com\/de\/joco-shop\/nilai\/\",\"name\":\"Nila\u00ef - Alizes Hotel\",\"isPartOf\":{\"@id\":\"https:\/\/www.hotelalizescavalaire.com\/de\/#website\"},\"datePublished\":\"2021-06-16T10:44:27+00:00\",\"dateModified\":\"2021-06-17T13:30:30+00:00\",\"description\":\"Mit rockigen und b\u00f6hmisch-schicken Akzenten werden die Kreationen von NILA\u00cf PARIS mit Zartheit und Raffinesse in edlen Materialien verarbeitet. Vergoldet\",\"breadcrumb\":{\"@id\":\"https:\/\/www.hotelalizescavalaire.com\/de\/joco-shop\/nilai\/#breadcrumb\"},\"inLanguage\":\"de-DE\",\"potentialAction\":[{\"@type\":\"ReadAction\",\"target\":[\"https:\/\/www.hotelalizescavalaire.com\/de\/joco-shop\/nilai\/\"]}]},{\"@type\":\"BreadcrumbList\",\"@id\":\"https:\/\/www.hotelalizescavalaire.com\/de\/joco-shop\/nilai\/#breadcrumb\",\"itemListElement\":[{\"@type\":\"ListItem\",\"position\":1,\"name\":\"Home\",\"item\":\"https:\/\/www.hotelalizescavalaire.com\/de\/\"},{\"@type\":\"ListItem\",\"position\":2,\"name\":\"JOCO SHOP\",\"item\":\"https:\/\/www.hotelalizescavalaire.com\/de\/joco-shop\/\"},{\"@type\":\"ListItem\",\"position\":3,\"name\":\"Nila\u00ef\"}]},{\"@type\":\"WebSite\",\"@id\":\"https:\/\/www.hotelalizescavalaire.com\/de\/#website\",\"url\":\"https:\/\/www.hotelalizescavalaire.com\/de\/\",\"name\":\"Alizes Hotel\",\"description\":\"\",\"potentialAction\":[{\"@type\":\"SearchAction\",\"target\":{\"@type\":\"EntryPoint\",\"urlTemplate\":\"https:\/\/www.hotelalizescavalaire.com\/de\/?s={search_term_string}\"},\"query-input\":{\"@type\":\"PropertyValueSpecification\",\"valueRequired\":true,\"valueName\":\"search_term_string\"}}],\"inLanguage\":\"de-DE\"}]}<\/script>\n<!-- \/ Yoast SEO plugin. -->","yoast_head_json":{"title":"Nila\u00ef - Alizes Hotel","description":"Mit rockigen und b\u00f6hmisch-schicken Akzenten werden die Kreationen von NILA\u00cf PARIS mit Zartheit und Raffinesse in edlen Materialien verarbeitet. Vergoldet","robots":{"index":"index","follow":"follow","max-snippet":"max-snippet:-1","max-image-preview":"max-image-preview:large","max-video-preview":"max-video-preview:-1"},"canonical":"https:\/\/www.hotelalizescavalaire.com\/de\/joco-shop\/nilai\/","og_locale":"de_DE","og_type":"article","og_title":"Nila\u00ef - Alizes Hotel","og_description":"Mit rockigen und b\u00f6hmisch-schicken Akzenten werden die Kreationen von NILA\u00cf PARIS mit Zartheit und Raffinesse in edlen Materialien verarbeitet. Vergoldet","og_url":"https:\/\/www.hotelalizescavalaire.com\/de\/joco-shop\/nilai\/","og_site_name":"Alizes Hotel","article_modified_time":"2021-06-17T13:30:30+00:00","twitter_card":"summary_large_image","schema":{"@context":"https:\/\/schema.org","@graph":[{"@type":"WebPage","@id":"https:\/\/www.hotelalizescavalaire.com\/de\/joco-shop\/nilai\/","url":"https:\/\/www.hotelalizescavalaire.com\/de\/joco-shop\/nilai\/","name":"Nila\u00ef - Alizes Hotel","isPartOf":{"@id":"https:\/\/www.hotelalizescavalaire.com\/de\/#website"},"datePublished":"2021-06-16T10:44:27+00:00","dateModified":"2021-06-17T13:30:30+00:00","description":"Mit rockigen und b\u00f6hmisch-schicken Akzenten werden die Kreationen von NILA\u00cf PARIS mit Zartheit und Raffinesse in edlen Materialien verarbeitet. Vergoldet","breadcrumb":{"@id":"https:\/\/www.hotelalizescavalaire.com\/de\/joco-shop\/nilai\/#breadcrumb"},"inLanguage":"de-DE","potentialAction":[{"@type":"ReadAction","target":["https:\/\/www.hotelalizescavalaire.com\/de\/joco-shop\/nilai\/"]}]},{"@type":"BreadcrumbList","@id":"https:\/\/www.hotelalizescavalaire.com\/de\/joco-shop\/nilai\/#breadcrumb","itemListElement":[{"@type":"ListItem","position":1,"name":"Home","item":"https:\/\/www.hotelalizescavalaire.com\/de\/"},{"@type":"ListItem","position":2,"name":"JOCO SHOP","item":"https:\/\/www.hotelalizescavalaire.com\/de\/joco-shop\/"},{"@type":"ListItem","position":3,"name":"Nila\u00ef"}]},{"@type":"WebSite","@id":"https:\/\/www.hotelalizescavalaire.com\/de\/#website","url":"https:\/\/www.hotelalizescavalaire.com\/de\/","name":"Alizes Hotel","description":"","potentialAction":[{"@type":"SearchAction","target":{"@type":"EntryPoint","urlTemplate":"https:\/\/www.hotelalizescavalaire.com\/de\/?s={search_term_string}"},"query-input":{"@type":"PropertyValueSpecification","valueRequired":true,"valueName":"search_term_string"}}],"inLanguage":"de-DE"}]}},"acf":[],"_links":{"self":[{"href":"https:\/\/www.hotelalizescavalaire.com\/de\/wp-json\/wp\/v2\/pages\/273","targetHints":{"allow":["GET"]}}],"collection":[{"href":"https:\/\/www.hotelalizescavalaire.com\/de\/wp-json\/wp\/v2\/pages"}],"about":[{"href":"https:\/\/www.hotelalizescavalaire.com\/de\/wp-json\/wp\/v2\/types\/page"}],"author":[{"embeddable":true,"href":"https:\/\/www.hotelalizescavalaire.com\/de\/wp-json\/wp\/v2\/users\/134"}],"replies":[{"embeddable":true,"href":"https:\/\/www.hotelalizescavalaire.com\/de\/wp-json\/wp\/v2\/comments?post=273"}],"version-history":[{"count":0,"href":"https:\/\/www.hotelalizescavalaire.com\/de\/wp-json\/wp\/v2\/pages\/273\/revisions"}],"up":[{"embeddable":true,"href":"https:\/\/www.hotelalizescavalaire.com\/de\/wp-json\/wp\/v2\/pages\/262"}],"wp:attachment":[{"href":"https:\/\/www.hotelalizescavalaire.com\/de\/wp-json\/wp\/v2\/media?parent=273"}],"curies":[{"name":"wp","href":"https:\/\/api.w.org\/{rel}","templated":true}]}}