{"id":285,"date":"2021-06-16T11:01:53","date_gmt":"2021-06-16T11:01:53","guid":{"rendered":"https:\/\/alizes.ms.decms.eu\/?page_id=285"},"modified":"2021-06-17T13:22:51","modified_gmt":"2021-06-17T13:22:51","slug":"creperie-senequier","status":"publish","type":"page","link":"https:\/\/www.hotelalizescavalaire.com\/de\/creperie-bar-gletscher\/creperie-senequier\/","title":{"rendered":"Cr\u00eaperie S\u00e9n\u00e9quier"},"content":{"rendered":"<p style=\"text-align: center;\">Unter der Sonne der Riviera oder unter dem Sternenhimmel, mit Blick auf das Meer, auf der gro\u00dfen Terrasse mit ged\u00e4mpftem Licht oder in dem hellen, klimatisierten Raum bietet Ihnen die Cr\u00eaperie S\u00e9n\u00e9quier authentische Salate, Pfannkuchen und Pfannkuchen, die vor Ort hergestellt werden.<br \/>\nDas traditionelle Buchweizenmehl ist kompromisslos in Bezug auf die R\u00fcckverfolgbarkeit. Es ist IGP de Bretagne-zertifiziert, garantiert glutenfrei, auf einer Steinm\u00fchle gemahlen und auf einem 1920er Soder gereift! Die Eier sind biologisch.<\/p>\n<p style=\"text-align: center;\">Um die Echtheit der Aromen zu bewahren, wird keine Maschine zur Zubereitung des Teigs verwendet, alles wird von Hand gemacht.<\/p>\n<p style=\"text-align: center;\">Genie\u00dfen Sie in der im Jahr 2021 renovierten Cr\u00eaperie S\u00e9n\u00e9quier sowohl Gourmet-, schmackhafte, einfache K\u00fcche als auch aufmerksamen, herzlichen Service &#8230; mit einem atemberaubenden Blick auf die umliegende Sch\u00f6nheit &#8230;<\/p>\n","protected":false},"excerpt":{"rendered":"<p>Unter der Sonne der Riviera oder unter dem Sternenhimmel, mit Blick auf das Meer, auf [&hellip;]<\/p>\n","protected":false},"author":134,"featured_media":0,"parent":281,"menu_order":10,"comment_status":"closed","ping_status":"closed","template":"template-single-restaurant.php","meta":{"footnotes":""},"class_list":["post-285","page","type-page","status-publish","hentry"],"yoast_head":"<!-- This site is optimized with the Yoast SEO plugin v26.9 - https:\/\/yoast.com\/product\/yoast-seo-wordpress\/ -->\n<title>Cr\u00eaperie S\u00e9n\u00e9quier - Alizes Hotel<\/title>\n<meta name=\"description\" content=\"Unter der Sonne der Riviera oder unter dem Sternenhimmel, mit Blick auf das Meer, auf der gro\u00dfen Terrasse mit ged\u00e4mpftem Licht oder in dem hellen,\" \/>\n<meta name=\"robots\" content=\"index, follow, max-snippet:-1, max-image-preview:large, max-video-preview:-1\" \/>\n<link rel=\"canonical\" href=\"https:\/\/www.hotelalizescavalaire.com\/de\/creperie-bar-gletscher\/creperie-senequier\/\" \/>\n<meta property=\"og:locale\" content=\"de_DE\" \/>\n<meta property=\"og:type\" content=\"article\" \/>\n<meta property=\"og:title\" content=\"Cr\u00eaperie S\u00e9n\u00e9quier - Alizes Hotel\" \/>\n<meta property=\"og:description\" content=\"Unter der Sonne der Riviera oder unter dem Sternenhimmel, mit Blick auf das Meer, auf der gro\u00dfen Terrasse mit ged\u00e4mpftem Licht oder in dem hellen,\" \/>\n<meta property=\"og:url\" content=\"https:\/\/www.hotelalizescavalaire.com\/de\/creperie-bar-gletscher\/creperie-senequier\/\" \/>\n<meta property=\"og:site_name\" content=\"Alizes Hotel\" \/>\n<meta property=\"article:modified_time\" content=\"2021-06-17T13:22:51+00:00\" \/>\n<meta name=\"twitter:card\" content=\"summary_large_image\" \/>\n<meta name=\"twitter:label1\" content=\"Gesch\u00e4tzte Lesezeit\" \/>\n\t<meta name=\"twitter:data1\" content=\"1 Minute\" \/>\n<script type=\"application\/ld+json\" class=\"yoast-schema-graph\">{\"@context\":\"https:\/\/schema.org\",\"@graph\":[{\"@type\":\"WebPage\",\"@id\":\"https:\/\/www.hotelalizescavalaire.com\/de\/creperie-bar-gletscher\/creperie-senequier\/\",\"url\":\"https:\/\/www.hotelalizescavalaire.com\/de\/creperie-bar-gletscher\/creperie-senequier\/\",\"name\":\"Cr\u00eaperie S\u00e9n\u00e9quier - Alizes Hotel\",\"isPartOf\":{\"@id\":\"https:\/\/www.hotelalizescavalaire.com\/de\/#website\"},\"datePublished\":\"2021-06-16T11:01:53+00:00\",\"dateModified\":\"2021-06-17T13:22:51+00:00\",\"description\":\"Unter der Sonne der Riviera oder unter dem Sternenhimmel, mit Blick auf das Meer, auf der gro\u00dfen Terrasse mit ged\u00e4mpftem Licht oder in dem hellen,\",\"breadcrumb\":{\"@id\":\"https:\/\/www.hotelalizescavalaire.com\/de\/creperie-bar-gletscher\/creperie-senequier\/#breadcrumb\"},\"inLanguage\":\"de-DE\",\"potentialAction\":[{\"@type\":\"ReadAction\",\"target\":[\"https:\/\/www.hotelalizescavalaire.com\/de\/creperie-bar-gletscher\/creperie-senequier\/\"]}]},{\"@type\":\"BreadcrumbList\",\"@id\":\"https:\/\/www.hotelalizescavalaire.com\/de\/creperie-bar-gletscher\/creperie-senequier\/#breadcrumb\",\"itemListElement\":[{\"@type\":\"ListItem\",\"position\":1,\"name\":\"Home\",\"item\":\"https:\/\/www.hotelalizescavalaire.com\/de\/\"},{\"@type\":\"ListItem\",\"position\":2,\"name\":\"Cr\u00eaperie Bar Gletscher\",\"item\":\"https:\/\/www.hotelalizescavalaire.com\/de\/creperie-bar-gletscher\/\"},{\"@type\":\"ListItem\",\"position\":3,\"name\":\"Cr\u00eaperie S\u00e9n\u00e9quier\"}]},{\"@type\":\"WebSite\",\"@id\":\"https:\/\/www.hotelalizescavalaire.com\/de\/#website\",\"url\":\"https:\/\/www.hotelalizescavalaire.com\/de\/\",\"name\":\"Alizes Hotel\",\"description\":\"\",\"potentialAction\":[{\"@type\":\"SearchAction\",\"target\":{\"@type\":\"EntryPoint\",\"urlTemplate\":\"https:\/\/www.hotelalizescavalaire.com\/de\/?s={search_term_string}\"},\"query-input\":{\"@type\":\"PropertyValueSpecification\",\"valueRequired\":true,\"valueName\":\"search_term_string\"}}],\"inLanguage\":\"de-DE\"}]}<\/script>\n<!-- \/ Yoast SEO plugin. -->","yoast_head_json":{"title":"Cr\u00eaperie S\u00e9n\u00e9quier - Alizes Hotel","description":"Unter der Sonne der Riviera oder unter dem Sternenhimmel, mit Blick auf das Meer, auf der gro\u00dfen Terrasse mit ged\u00e4mpftem Licht oder in dem hellen,","robots":{"index":"index","follow":"follow","max-snippet":"max-snippet:-1","max-image-preview":"max-image-preview:large","max-video-preview":"max-video-preview:-1"},"canonical":"https:\/\/www.hotelalizescavalaire.com\/de\/creperie-bar-gletscher\/creperie-senequier\/","og_locale":"de_DE","og_type":"article","og_title":"Cr\u00eaperie S\u00e9n\u00e9quier - Alizes Hotel","og_description":"Unter der Sonne der Riviera oder unter dem Sternenhimmel, mit Blick auf das Meer, auf der gro\u00dfen Terrasse mit ged\u00e4mpftem Licht oder in dem hellen,","og_url":"https:\/\/www.hotelalizescavalaire.com\/de\/creperie-bar-gletscher\/creperie-senequier\/","og_site_name":"Alizes Hotel","article_modified_time":"2021-06-17T13:22:51+00:00","twitter_card":"summary_large_image","twitter_misc":{"Gesch\u00e4tzte Lesezeit":"1 Minute"},"schema":{"@context":"https:\/\/schema.org","@graph":[{"@type":"WebPage","@id":"https:\/\/www.hotelalizescavalaire.com\/de\/creperie-bar-gletscher\/creperie-senequier\/","url":"https:\/\/www.hotelalizescavalaire.com\/de\/creperie-bar-gletscher\/creperie-senequier\/","name":"Cr\u00eaperie S\u00e9n\u00e9quier - Alizes Hotel","isPartOf":{"@id":"https:\/\/www.hotelalizescavalaire.com\/de\/#website"},"datePublished":"2021-06-16T11:01:53+00:00","dateModified":"2021-06-17T13:22:51+00:00","description":"Unter der Sonne der Riviera oder unter dem Sternenhimmel, mit Blick auf das Meer, auf der gro\u00dfen Terrasse mit ged\u00e4mpftem Licht oder in dem hellen,","breadcrumb":{"@id":"https:\/\/www.hotelalizescavalaire.com\/de\/creperie-bar-gletscher\/creperie-senequier\/#breadcrumb"},"inLanguage":"de-DE","potentialAction":[{"@type":"ReadAction","target":["https:\/\/www.hotelalizescavalaire.com\/de\/creperie-bar-gletscher\/creperie-senequier\/"]}]},{"@type":"BreadcrumbList","@id":"https:\/\/www.hotelalizescavalaire.com\/de\/creperie-bar-gletscher\/creperie-senequier\/#breadcrumb","itemListElement":[{"@type":"ListItem","position":1,"name":"Home","item":"https:\/\/www.hotelalizescavalaire.com\/de\/"},{"@type":"ListItem","position":2,"name":"Cr\u00eaperie Bar Gletscher","item":"https:\/\/www.hotelalizescavalaire.com\/de\/creperie-bar-gletscher\/"},{"@type":"ListItem","position":3,"name":"Cr\u00eaperie S\u00e9n\u00e9quier"}]},{"@type":"WebSite","@id":"https:\/\/www.hotelalizescavalaire.com\/de\/#website","url":"https:\/\/www.hotelalizescavalaire.com\/de\/","name":"Alizes Hotel","description":"","potentialAction":[{"@type":"SearchAction","target":{"@type":"EntryPoint","urlTemplate":"https:\/\/www.hotelalizescavalaire.com\/de\/?s={search_term_string}"},"query-input":{"@type":"PropertyValueSpecification","valueRequired":true,"valueName":"search_term_string"}}],"inLanguage":"de-DE"}]}},"acf":[],"_links":{"self":[{"href":"https:\/\/www.hotelalizescavalaire.com\/de\/wp-json\/wp\/v2\/pages\/285","targetHints":{"allow":["GET"]}}],"collection":[{"href":"https:\/\/www.hotelalizescavalaire.com\/de\/wp-json\/wp\/v2\/pages"}],"about":[{"href":"https:\/\/www.hotelalizescavalaire.com\/de\/wp-json\/wp\/v2\/types\/page"}],"author":[{"embeddable":true,"href":"https:\/\/www.hotelalizescavalaire.com\/de\/wp-json\/wp\/v2\/users\/134"}],"replies":[{"embeddable":true,"href":"https:\/\/www.hotelalizescavalaire.com\/de\/wp-json\/wp\/v2\/comments?post=285"}],"version-history":[{"count":0,"href":"https:\/\/www.hotelalizescavalaire.com\/de\/wp-json\/wp\/v2\/pages\/285\/revisions"}],"up":[{"embeddable":true,"href":"https:\/\/www.hotelalizescavalaire.com\/de\/wp-json\/wp\/v2\/pages\/281"}],"wp:attachment":[{"href":"https:\/\/www.hotelalizescavalaire.com\/de\/wp-json\/wp\/v2\/media?parent=285"}],"curies":[{"name":"wp","href":"https:\/\/api.w.org\/{rel}","templated":true}]}}