{"id":287,"date":"2021-06-16T11:05:23","date_gmt":"2021-06-16T11:05:23","guid":{"rendered":"https:\/\/alizes.ms.decms.eu\/?page_id=287"},"modified":"2021-06-17T13:23:51","modified_gmt":"2021-06-17T13:23:51","slug":"die-alizes-bar","status":"publish","type":"page","link":"https:\/\/www.hotelalizescavalaire.com\/de\/creperie-bar-gletscher\/die-alizes-bar\/","title":{"rendered":"Die Aliz\u00e9s Bar"},"content":{"rendered":"<p style=\"text-align: center;\">Sch\u00e4tzen Sie die Weichheit des Morgenlichts auf einem ruhigen Meer oder den unaufh\u00f6rlichen Tanz des Strandausgangs, der angenehm auf der eleganten Terrasse installiert ist. In der Bar des Aliz\u00e9s k\u00f6nnen Sie zu jeder Tageszeit Hauscocktails, Weine des Landes, probieren. frisch gepresste Fr\u00fcchte, leckeres Br\u00e4utigameis und unsere hausgemachten Pfannkuchen.<\/p>\n<p style=\"text-align: center;\">F\u00fcr eine Pause, zum Fr\u00fchst\u00fcck oder einen &#8222;&#8220;Aperitif&#8220;&#8220; begr\u00fc\u00dft Sie die Aliz\u00e9s Bar f\u00fcr einen Moment der Geselligkeit mit Freunden oder der Familie in einer entspannten Atmosph\u00e4re &#8230; mit Blick auf Gigaro, Ode an Natur und Entspannung &#8230;<\/p>\n","protected":false},"excerpt":{"rendered":"<p>Sch\u00e4tzen Sie die Weichheit des Morgenlichts auf einem ruhigen Meer oder den unaufh\u00f6rlichen Tanz des [&hellip;]<\/p>\n","protected":false},"author":134,"featured_media":0,"parent":281,"menu_order":20,"comment_status":"closed","ping_status":"closed","template":"template-single-restaurant.php","meta":{"footnotes":""},"class_list":["post-287","page","type-page","status-publish","hentry"],"yoast_head":"<!-- This site is optimized with the Yoast SEO plugin v26.9 - https:\/\/yoast.com\/product\/yoast-seo-wordpress\/ -->\n<title>Die Aliz\u00e9s Bar - Alizes Hotel<\/title>\n<meta name=\"description\" content=\"Sch\u00e4tzen Sie die Weichheit des Morgenlichts auf einem ruhigen Meer oder den unaufh\u00f6rlichen Tanz des Strandausgangs, der angenehm auf der eleganten\" \/>\n<meta name=\"robots\" content=\"index, follow, max-snippet:-1, max-image-preview:large, max-video-preview:-1\" \/>\n<link rel=\"canonical\" href=\"https:\/\/www.hotelalizescavalaire.com\/de\/creperie-bar-gletscher\/die-alizes-bar\/\" \/>\n<meta property=\"og:locale\" content=\"de_DE\" \/>\n<meta property=\"og:type\" content=\"article\" \/>\n<meta property=\"og:title\" content=\"Die Aliz\u00e9s Bar - Alizes Hotel\" \/>\n<meta property=\"og:description\" content=\"Sch\u00e4tzen Sie die Weichheit des Morgenlichts auf einem ruhigen Meer oder den unaufh\u00f6rlichen Tanz des Strandausgangs, der angenehm auf der eleganten\" \/>\n<meta property=\"og:url\" content=\"https:\/\/www.hotelalizescavalaire.com\/de\/creperie-bar-gletscher\/die-alizes-bar\/\" \/>\n<meta property=\"og:site_name\" content=\"Alizes Hotel\" \/>\n<meta property=\"article:modified_time\" content=\"2021-06-17T13:23:51+00:00\" \/>\n<meta name=\"twitter:card\" content=\"summary_large_image\" \/>\n<script type=\"application\/ld+json\" class=\"yoast-schema-graph\">{\"@context\":\"https:\/\/schema.org\",\"@graph\":[{\"@type\":\"WebPage\",\"@id\":\"https:\/\/www.hotelalizescavalaire.com\/de\/creperie-bar-gletscher\/die-alizes-bar\/\",\"url\":\"https:\/\/www.hotelalizescavalaire.com\/de\/creperie-bar-gletscher\/die-alizes-bar\/\",\"name\":\"Die Aliz\u00e9s Bar - Alizes Hotel\",\"isPartOf\":{\"@id\":\"https:\/\/www.hotelalizescavalaire.com\/de\/#website\"},\"datePublished\":\"2021-06-16T11:05:23+00:00\",\"dateModified\":\"2021-06-17T13:23:51+00:00\",\"description\":\"Sch\u00e4tzen Sie die Weichheit des Morgenlichts auf einem ruhigen Meer oder den unaufh\u00f6rlichen Tanz des Strandausgangs, der angenehm auf der eleganten\",\"breadcrumb\":{\"@id\":\"https:\/\/www.hotelalizescavalaire.com\/de\/creperie-bar-gletscher\/die-alizes-bar\/#breadcrumb\"},\"inLanguage\":\"de-DE\",\"potentialAction\":[{\"@type\":\"ReadAction\",\"target\":[\"https:\/\/www.hotelalizescavalaire.com\/de\/creperie-bar-gletscher\/die-alizes-bar\/\"]}]},{\"@type\":\"BreadcrumbList\",\"@id\":\"https:\/\/www.hotelalizescavalaire.com\/de\/creperie-bar-gletscher\/die-alizes-bar\/#breadcrumb\",\"itemListElement\":[{\"@type\":\"ListItem\",\"position\":1,\"name\":\"Home\",\"item\":\"https:\/\/www.hotelalizescavalaire.com\/de\/\"},{\"@type\":\"ListItem\",\"position\":2,\"name\":\"Cr\u00eaperie Bar Gletscher\",\"item\":\"https:\/\/www.hotelalizescavalaire.com\/de\/creperie-bar-gletscher\/\"},{\"@type\":\"ListItem\",\"position\":3,\"name\":\"Die Aliz\u00e9s Bar\"}]},{\"@type\":\"WebSite\",\"@id\":\"https:\/\/www.hotelalizescavalaire.com\/de\/#website\",\"url\":\"https:\/\/www.hotelalizescavalaire.com\/de\/\",\"name\":\"Alizes Hotel\",\"description\":\"\",\"potentialAction\":[{\"@type\":\"SearchAction\",\"target\":{\"@type\":\"EntryPoint\",\"urlTemplate\":\"https:\/\/www.hotelalizescavalaire.com\/de\/?s={search_term_string}\"},\"query-input\":{\"@type\":\"PropertyValueSpecification\",\"valueRequired\":true,\"valueName\":\"search_term_string\"}}],\"inLanguage\":\"de-DE\"}]}<\/script>\n<!-- \/ Yoast SEO plugin. -->","yoast_head_json":{"title":"Die Aliz\u00e9s Bar - Alizes Hotel","description":"Sch\u00e4tzen Sie die Weichheit des Morgenlichts auf einem ruhigen Meer oder den unaufh\u00f6rlichen Tanz des Strandausgangs, der angenehm auf der eleganten","robots":{"index":"index","follow":"follow","max-snippet":"max-snippet:-1","max-image-preview":"max-image-preview:large","max-video-preview":"max-video-preview:-1"},"canonical":"https:\/\/www.hotelalizescavalaire.com\/de\/creperie-bar-gletscher\/die-alizes-bar\/","og_locale":"de_DE","og_type":"article","og_title":"Die Aliz\u00e9s Bar - Alizes Hotel","og_description":"Sch\u00e4tzen Sie die Weichheit des Morgenlichts auf einem ruhigen Meer oder den unaufh\u00f6rlichen Tanz des Strandausgangs, der angenehm auf der eleganten","og_url":"https:\/\/www.hotelalizescavalaire.com\/de\/creperie-bar-gletscher\/die-alizes-bar\/","og_site_name":"Alizes Hotel","article_modified_time":"2021-06-17T13:23:51+00:00","twitter_card":"summary_large_image","schema":{"@context":"https:\/\/schema.org","@graph":[{"@type":"WebPage","@id":"https:\/\/www.hotelalizescavalaire.com\/de\/creperie-bar-gletscher\/die-alizes-bar\/","url":"https:\/\/www.hotelalizescavalaire.com\/de\/creperie-bar-gletscher\/die-alizes-bar\/","name":"Die Aliz\u00e9s Bar - Alizes Hotel","isPartOf":{"@id":"https:\/\/www.hotelalizescavalaire.com\/de\/#website"},"datePublished":"2021-06-16T11:05:23+00:00","dateModified":"2021-06-17T13:23:51+00:00","description":"Sch\u00e4tzen Sie die Weichheit des Morgenlichts auf einem ruhigen Meer oder den unaufh\u00f6rlichen Tanz des Strandausgangs, der angenehm auf der eleganten","breadcrumb":{"@id":"https:\/\/www.hotelalizescavalaire.com\/de\/creperie-bar-gletscher\/die-alizes-bar\/#breadcrumb"},"inLanguage":"de-DE","potentialAction":[{"@type":"ReadAction","target":["https:\/\/www.hotelalizescavalaire.com\/de\/creperie-bar-gletscher\/die-alizes-bar\/"]}]},{"@type":"BreadcrumbList","@id":"https:\/\/www.hotelalizescavalaire.com\/de\/creperie-bar-gletscher\/die-alizes-bar\/#breadcrumb","itemListElement":[{"@type":"ListItem","position":1,"name":"Home","item":"https:\/\/www.hotelalizescavalaire.com\/de\/"},{"@type":"ListItem","position":2,"name":"Cr\u00eaperie Bar Gletscher","item":"https:\/\/www.hotelalizescavalaire.com\/de\/creperie-bar-gletscher\/"},{"@type":"ListItem","position":3,"name":"Die Aliz\u00e9s Bar"}]},{"@type":"WebSite","@id":"https:\/\/www.hotelalizescavalaire.com\/de\/#website","url":"https:\/\/www.hotelalizescavalaire.com\/de\/","name":"Alizes Hotel","description":"","potentialAction":[{"@type":"SearchAction","target":{"@type":"EntryPoint","urlTemplate":"https:\/\/www.hotelalizescavalaire.com\/de\/?s={search_term_string}"},"query-input":{"@type":"PropertyValueSpecification","valueRequired":true,"valueName":"search_term_string"}}],"inLanguage":"de-DE"}]}},"acf":[],"_links":{"self":[{"href":"https:\/\/www.hotelalizescavalaire.com\/de\/wp-json\/wp\/v2\/pages\/287","targetHints":{"allow":["GET"]}}],"collection":[{"href":"https:\/\/www.hotelalizescavalaire.com\/de\/wp-json\/wp\/v2\/pages"}],"about":[{"href":"https:\/\/www.hotelalizescavalaire.com\/de\/wp-json\/wp\/v2\/types\/page"}],"author":[{"embeddable":true,"href":"https:\/\/www.hotelalizescavalaire.com\/de\/wp-json\/wp\/v2\/users\/134"}],"replies":[{"embeddable":true,"href":"https:\/\/www.hotelalizescavalaire.com\/de\/wp-json\/wp\/v2\/comments?post=287"}],"version-history":[{"count":0,"href":"https:\/\/www.hotelalizescavalaire.com\/de\/wp-json\/wp\/v2\/pages\/287\/revisions"}],"up":[{"embeddable":true,"href":"https:\/\/www.hotelalizescavalaire.com\/de\/wp-json\/wp\/v2\/pages\/281"}],"wp:attachment":[{"href":"https:\/\/www.hotelalizescavalaire.com\/de\/wp-json\/wp\/v2\/media?parent=287"}],"curies":[{"name":"wp","href":"https:\/\/api.w.org\/{rel}","templated":true}]}}