{"id":289,"date":"2021-06-16T11:06:46","date_gmt":"2021-06-16T11:06:46","guid":{"rendered":"https:\/\/alizes.ms.decms.eu\/?page_id=289"},"modified":"2021-06-17T13:25:18","modified_gmt":"2021-06-17T13:25:18","slug":"fruehstuecksbuffet","status":"publish","type":"page","link":"https:\/\/www.hotelalizescavalaire.com\/de\/creperie-bar-gletscher\/fruehstuecksbuffet\/","title":{"rendered":"Fr\u00fchst\u00fccksbuffet&#8230;"},"content":{"rendered":"<p style=\"text-align: center;\"><span style=\"color: #aa8800;\"><strong>&#8230; kontinental oder \u00e0 la carte<\/strong><\/span><\/p>\n<p style=\"text-align: center;\">Bewundern Sie den Sonnenaufgang \u00fcber einer gro\u00dfz\u00fcgigen Natur, mehr als 16 verschiedene frische Produkte am Buffet, ein Men\u00fc rund um das BIO-Ei. Machen Sie jedes Fr\u00fchst\u00fcck zu einem einzigartigen und unvergesslichen Moment!<\/p>\n","protected":false},"excerpt":{"rendered":"<p>&#8230; kontinental oder \u00e0 la carte Bewundern Sie den Sonnenaufgang \u00fcber einer gro\u00dfz\u00fcgigen Natur, mehr [&hellip;]<\/p>\n","protected":false},"author":134,"featured_media":0,"parent":281,"menu_order":30,"comment_status":"closed","ping_status":"closed","template":"template-single-restaurant.php","meta":{"footnotes":""},"class_list":["post-289","page","type-page","status-publish","hentry"],"yoast_head":"<!-- This site is optimized with the Yoast SEO plugin v26.9 - https:\/\/yoast.com\/product\/yoast-seo-wordpress\/ -->\n<title>Fr\u00fchst\u00fccksbuffet... - Alizes Hotel<\/title>\n<meta name=\"description\" content=\"... kontinental oder \u00e0 la carte Bewundern Sie den Sonnenaufgang \u00fcber einer gro\u00dfz\u00fcgigen Natur, mehr als 16 verschiedene frische Produkte am Buffet, ein\" \/>\n<meta name=\"robots\" content=\"index, follow, max-snippet:-1, max-image-preview:large, max-video-preview:-1\" \/>\n<link rel=\"canonical\" href=\"https:\/\/www.hotelalizescavalaire.com\/de\/creperie-bar-gletscher\/fruehstuecksbuffet\/\" \/>\n<meta property=\"og:locale\" content=\"de_DE\" \/>\n<meta property=\"og:type\" content=\"article\" \/>\n<meta property=\"og:title\" content=\"Fr\u00fchst\u00fccksbuffet... - Alizes Hotel\" \/>\n<meta property=\"og:description\" content=\"... kontinental oder \u00e0 la carte Bewundern Sie den Sonnenaufgang \u00fcber einer gro\u00dfz\u00fcgigen Natur, mehr als 16 verschiedene frische Produkte am Buffet, ein\" \/>\n<meta property=\"og:url\" content=\"https:\/\/www.hotelalizescavalaire.com\/de\/creperie-bar-gletscher\/fruehstuecksbuffet\/\" \/>\n<meta property=\"og:site_name\" content=\"Alizes Hotel\" \/>\n<meta property=\"article:modified_time\" content=\"2021-06-17T13:25:18+00:00\" \/>\n<meta name=\"twitter:card\" content=\"summary_large_image\" \/>\n<script type=\"application\/ld+json\" class=\"yoast-schema-graph\">{\"@context\":\"https:\/\/schema.org\",\"@graph\":[{\"@type\":\"WebPage\",\"@id\":\"https:\/\/www.hotelalizescavalaire.com\/de\/creperie-bar-gletscher\/fruehstuecksbuffet\/\",\"url\":\"https:\/\/www.hotelalizescavalaire.com\/de\/creperie-bar-gletscher\/fruehstuecksbuffet\/\",\"name\":\"Fr\u00fchst\u00fccksbuffet... - Alizes Hotel\",\"isPartOf\":{\"@id\":\"https:\/\/www.hotelalizescavalaire.com\/de\/#website\"},\"datePublished\":\"2021-06-16T11:06:46+00:00\",\"dateModified\":\"2021-06-17T13:25:18+00:00\",\"description\":\"... kontinental oder \u00e0 la carte Bewundern Sie den Sonnenaufgang \u00fcber einer gro\u00dfz\u00fcgigen Natur, mehr als 16 verschiedene frische Produkte am Buffet, ein\",\"breadcrumb\":{\"@id\":\"https:\/\/www.hotelalizescavalaire.com\/de\/creperie-bar-gletscher\/fruehstuecksbuffet\/#breadcrumb\"},\"inLanguage\":\"de-DE\",\"potentialAction\":[{\"@type\":\"ReadAction\",\"target\":[\"https:\/\/www.hotelalizescavalaire.com\/de\/creperie-bar-gletscher\/fruehstuecksbuffet\/\"]}]},{\"@type\":\"BreadcrumbList\",\"@id\":\"https:\/\/www.hotelalizescavalaire.com\/de\/creperie-bar-gletscher\/fruehstuecksbuffet\/#breadcrumb\",\"itemListElement\":[{\"@type\":\"ListItem\",\"position\":1,\"name\":\"Home\",\"item\":\"https:\/\/www.hotelalizescavalaire.com\/de\/\"},{\"@type\":\"ListItem\",\"position\":2,\"name\":\"Cr\u00eaperie Bar Gletscher\",\"item\":\"https:\/\/www.hotelalizescavalaire.com\/de\/creperie-bar-gletscher\/\"},{\"@type\":\"ListItem\",\"position\":3,\"name\":\"Fr\u00fchst\u00fccksbuffet&#8230;\"}]},{\"@type\":\"WebSite\",\"@id\":\"https:\/\/www.hotelalizescavalaire.com\/de\/#website\",\"url\":\"https:\/\/www.hotelalizescavalaire.com\/de\/\",\"name\":\"Alizes Hotel\",\"description\":\"\",\"potentialAction\":[{\"@type\":\"SearchAction\",\"target\":{\"@type\":\"EntryPoint\",\"urlTemplate\":\"https:\/\/www.hotelalizescavalaire.com\/de\/?s={search_term_string}\"},\"query-input\":{\"@type\":\"PropertyValueSpecification\",\"valueRequired\":true,\"valueName\":\"search_term_string\"}}],\"inLanguage\":\"de-DE\"}]}<\/script>\n<!-- \/ Yoast SEO plugin. -->","yoast_head_json":{"title":"Fr\u00fchst\u00fccksbuffet... - Alizes Hotel","description":"... kontinental oder \u00e0 la carte Bewundern Sie den Sonnenaufgang \u00fcber einer gro\u00dfz\u00fcgigen Natur, mehr als 16 verschiedene frische Produkte am Buffet, ein","robots":{"index":"index","follow":"follow","max-snippet":"max-snippet:-1","max-image-preview":"max-image-preview:large","max-video-preview":"max-video-preview:-1"},"canonical":"https:\/\/www.hotelalizescavalaire.com\/de\/creperie-bar-gletscher\/fruehstuecksbuffet\/","og_locale":"de_DE","og_type":"article","og_title":"Fr\u00fchst\u00fccksbuffet... - Alizes Hotel","og_description":"... kontinental oder \u00e0 la carte Bewundern Sie den Sonnenaufgang \u00fcber einer gro\u00dfz\u00fcgigen Natur, mehr als 16 verschiedene frische Produkte am Buffet, ein","og_url":"https:\/\/www.hotelalizescavalaire.com\/de\/creperie-bar-gletscher\/fruehstuecksbuffet\/","og_site_name":"Alizes Hotel","article_modified_time":"2021-06-17T13:25:18+00:00","twitter_card":"summary_large_image","schema":{"@context":"https:\/\/schema.org","@graph":[{"@type":"WebPage","@id":"https:\/\/www.hotelalizescavalaire.com\/de\/creperie-bar-gletscher\/fruehstuecksbuffet\/","url":"https:\/\/www.hotelalizescavalaire.com\/de\/creperie-bar-gletscher\/fruehstuecksbuffet\/","name":"Fr\u00fchst\u00fccksbuffet... - Alizes Hotel","isPartOf":{"@id":"https:\/\/www.hotelalizescavalaire.com\/de\/#website"},"datePublished":"2021-06-16T11:06:46+00:00","dateModified":"2021-06-17T13:25:18+00:00","description":"... kontinental oder \u00e0 la carte Bewundern Sie den Sonnenaufgang \u00fcber einer gro\u00dfz\u00fcgigen Natur, mehr als 16 verschiedene frische Produkte am Buffet, ein","breadcrumb":{"@id":"https:\/\/www.hotelalizescavalaire.com\/de\/creperie-bar-gletscher\/fruehstuecksbuffet\/#breadcrumb"},"inLanguage":"de-DE","potentialAction":[{"@type":"ReadAction","target":["https:\/\/www.hotelalizescavalaire.com\/de\/creperie-bar-gletscher\/fruehstuecksbuffet\/"]}]},{"@type":"BreadcrumbList","@id":"https:\/\/www.hotelalizescavalaire.com\/de\/creperie-bar-gletscher\/fruehstuecksbuffet\/#breadcrumb","itemListElement":[{"@type":"ListItem","position":1,"name":"Home","item":"https:\/\/www.hotelalizescavalaire.com\/de\/"},{"@type":"ListItem","position":2,"name":"Cr\u00eaperie Bar Gletscher","item":"https:\/\/www.hotelalizescavalaire.com\/de\/creperie-bar-gletscher\/"},{"@type":"ListItem","position":3,"name":"Fr\u00fchst\u00fccksbuffet&#8230;"}]},{"@type":"WebSite","@id":"https:\/\/www.hotelalizescavalaire.com\/de\/#website","url":"https:\/\/www.hotelalizescavalaire.com\/de\/","name":"Alizes Hotel","description":"","potentialAction":[{"@type":"SearchAction","target":{"@type":"EntryPoint","urlTemplate":"https:\/\/www.hotelalizescavalaire.com\/de\/?s={search_term_string}"},"query-input":{"@type":"PropertyValueSpecification","valueRequired":true,"valueName":"search_term_string"}}],"inLanguage":"de-DE"}]}},"acf":[],"_links":{"self":[{"href":"https:\/\/www.hotelalizescavalaire.com\/de\/wp-json\/wp\/v2\/pages\/289","targetHints":{"allow":["GET"]}}],"collection":[{"href":"https:\/\/www.hotelalizescavalaire.com\/de\/wp-json\/wp\/v2\/pages"}],"about":[{"href":"https:\/\/www.hotelalizescavalaire.com\/de\/wp-json\/wp\/v2\/types\/page"}],"author":[{"embeddable":true,"href":"https:\/\/www.hotelalizescavalaire.com\/de\/wp-json\/wp\/v2\/users\/134"}],"replies":[{"embeddable":true,"href":"https:\/\/www.hotelalizescavalaire.com\/de\/wp-json\/wp\/v2\/comments?post=289"}],"version-history":[{"count":0,"href":"https:\/\/www.hotelalizescavalaire.com\/de\/wp-json\/wp\/v2\/pages\/289\/revisions"}],"up":[{"embeddable":true,"href":"https:\/\/www.hotelalizescavalaire.com\/de\/wp-json\/wp\/v2\/pages\/281"}],"wp:attachment":[{"href":"https:\/\/www.hotelalizescavalaire.com\/de\/wp-json\/wp\/v2\/media?parent=289"}],"curies":[{"name":"wp","href":"https:\/\/api.w.org\/{rel}","templated":true}]}}