{"id":150,"date":"2021-01-14T14:18:15","date_gmt":"2021-01-14T14:18:15","guid":{"rendered":"https:\/\/alizes.ms.decms.eu\/sample-page\/"},"modified":"2021-06-10T15:32:48","modified_gmt":"2021-06-10T15:32:48","slug":"sample-page","status":"publish","type":"page","link":"https:\/\/www.hotelalizescavalaire.com\/en\/","title":{"rendered":"S\u00e9n\u00e9quier Family since 1977"},"content":{"rendered":"<p style=\"text-align: center;\"><span style=\"color: #aa8800;\"><strong>WELCOME TO THE ALIZ\u00c9S &#8230;<\/strong><\/span><\/p>\n<p style=\"text-align: center;\">Located in the town centre, facing a delightful sandy beach, nest to the port and the shops, the Aliz\u00e9s hotel is a place where you can relax and enjoy a family atmosphere.<\/p>\n<p style=\"text-align: center;\">Established in 1977 by Andr\u00e9e, Catherine and Brigitte S\u00e9n\u00e9quier, the hotel has adapted itself to the spirit of the times without losing its authentic Provencal roots. For three generations, guests have been welcomed with savoir-faire, savouring the friendly atmosphere of a family home.<\/p>\n<p style=\"text-align: center;\">The Hotel Aliz\u00e9s boasts a breathtaking panoramic vew on the turquoise waters of the Mediterranean Sea. A breakfast on the sunkissed terrace, a yummy cr\u00eape, an artisan ice cream or a homemade aperitif&#8230; every moment spent at Hotel Aliz\u00e9s is magical and out of time!<\/p>\n<p style=\"text-align: center;\">On the ground floor, the hotel has a charming boutique, where we are happy to propose to our guests a selection of authentic and quality local products. Here you can purchase elegant souvenirs and gifts from the most reputable French and Provencal brands: Fragonard, Fer \u00e0 cheval, Nila\u00ef, Palais des th\u00e9s, Izipizi, Yves Delorme, Iosis&#8230;<\/p>\n<p style=\"text-align: center;\">The air-conditioned rooms with balconies, the gourmet creperie, the bar, the shop and the on-site parking facilities make it a unique place where to stay during your holidays and to enjoy Cavalaire, the Gulf of Saint-Tropez and the surrounding area.<\/p>\n<p style=\"text-align: center;\">With family, friends or on a business trip, for short or long stays, the Hotel Aliz\u00e9s is made to offer you the most pleasant experience.<\/p>\n","protected":false},"excerpt":{"rendered":"<p>WELCOME TO THE ALIZ\u00c9S &#8230; Located in the town centre, facing a delightful sandy beach, [&hellip;]<\/p>\n","protected":false},"author":46,"featured_media":0,"parent":0,"menu_order":1,"comment_status":"closed","ping_status":"closed","template":"","meta":{"footnotes":""},"class_list":["post-150","page","type-page","status-publish","hentry"],"yoast_head":"<!-- This site is optimized with the Yoast SEO plugin v26.9 - https:\/\/yoast.com\/product\/yoast-seo-wordpress\/ -->\n<title>Aliz\u00e9s Hotel Bar Restaurant, Cavalaire sur mer<\/title>\n<meta name=\"description\" content=\"Charming family hotel in the city center, facing the beach, at the foot of the shops and the port.\" \/>\n<meta name=\"robots\" content=\"index, follow, max-snippet:-1, max-image-preview:large, max-video-preview:-1\" \/>\n<link rel=\"canonical\" href=\"https:\/\/www.hotelalizescavalaire.com\/en\/\" \/>\n<meta property=\"og:locale\" content=\"en_US\" \/>\n<meta property=\"og:type\" content=\"article\" \/>\n<meta property=\"og:title\" content=\"Aliz\u00e9s Hotel Bar Restaurant, Cavalaire sur mer\" \/>\n<meta property=\"og:description\" content=\"Charming family hotel in the city center, facing the beach, at the foot of the shops and the port.\" \/>\n<meta property=\"og:url\" content=\"https:\/\/www.hotelalizescavalaire.com\/en\/\" \/>\n<meta property=\"og:site_name\" content=\"Alizes Hotel\" \/>\n<meta property=\"article:modified_time\" content=\"2021-06-10T15:32:48+00:00\" \/>\n<meta name=\"twitter:card\" content=\"summary_large_image\" \/>\n<meta name=\"twitter:label1\" content=\"Est. reading time\" \/>\n\t<meta name=\"twitter:data1\" content=\"1 minute\" \/>\n<script type=\"application\/ld+json\" class=\"yoast-schema-graph\">{\"@context\":\"https:\/\/schema.org\",\"@graph\":[{\"@type\":\"WebPage\",\"@id\":\"https:\/\/www.hotelalizescavalaire.com\/en\/\",\"url\":\"https:\/\/www.hotelalizescavalaire.com\/en\/\",\"name\":\"Aliz\u00e9s Hotel Bar Restaurant, Cavalaire sur mer\",\"isPartOf\":{\"@id\":\"https:\/\/www.hotelalizescavalaire.com\/en\/#website\"},\"datePublished\":\"2021-01-14T14:18:15+00:00\",\"dateModified\":\"2021-06-10T15:32:48+00:00\",\"description\":\"Charming family hotel in the city center, facing the beach, at the foot of the shops and the port.\",\"breadcrumb\":{\"@id\":\"https:\/\/www.hotelalizescavalaire.com\/en\/#breadcrumb\"},\"inLanguage\":\"en-US\",\"potentialAction\":[{\"@type\":\"ReadAction\",\"target\":[\"https:\/\/www.hotelalizescavalaire.com\/en\/\"]}]},{\"@type\":\"BreadcrumbList\",\"@id\":\"https:\/\/www.hotelalizescavalaire.com\/en\/#breadcrumb\",\"itemListElement\":[{\"@type\":\"ListItem\",\"position\":1,\"name\":\"Home\",\"item\":\"https:\/\/www.hotelalizescavalaire.com\/en\/\"},{\"@type\":\"ListItem\",\"position\":2,\"name\":\"S\u00e9n\u00e9quier Family since 1977\"}]},{\"@type\":\"WebSite\",\"@id\":\"https:\/\/www.hotelalizescavalaire.com\/en\/#website\",\"url\":\"https:\/\/www.hotelalizescavalaire.com\/en\/\",\"name\":\"Alizes Hotel\",\"description\":\"\",\"potentialAction\":[{\"@type\":\"SearchAction\",\"target\":{\"@type\":\"EntryPoint\",\"urlTemplate\":\"https:\/\/www.hotelalizescavalaire.com\/en\/?s={search_term_string}\"},\"query-input\":{\"@type\":\"PropertyValueSpecification\",\"valueRequired\":true,\"valueName\":\"search_term_string\"}}],\"inLanguage\":\"en-US\"}]}<\/script>\n<!-- \/ Yoast SEO plugin. -->","yoast_head_json":{"title":"Aliz\u00e9s Hotel Bar Restaurant, Cavalaire sur mer","description":"Charming family hotel in the city center, facing the beach, at the foot of the shops and the port.","robots":{"index":"index","follow":"follow","max-snippet":"max-snippet:-1","max-image-preview":"max-image-preview:large","max-video-preview":"max-video-preview:-1"},"canonical":"https:\/\/www.hotelalizescavalaire.com\/en\/","og_locale":"en_US","og_type":"article","og_title":"Aliz\u00e9s Hotel Bar Restaurant, Cavalaire sur mer","og_description":"Charming family hotel in the city center, facing the beach, at the foot of the shops and the port.","og_url":"https:\/\/www.hotelalizescavalaire.com\/en\/","og_site_name":"Alizes Hotel","article_modified_time":"2021-06-10T15:32:48+00:00","twitter_card":"summary_large_image","twitter_misc":{"Est. reading time":"1 minute"},"schema":{"@context":"https:\/\/schema.org","@graph":[{"@type":"WebPage","@id":"https:\/\/www.hotelalizescavalaire.com\/en\/","url":"https:\/\/www.hotelalizescavalaire.com\/en\/","name":"Aliz\u00e9s Hotel Bar Restaurant, Cavalaire sur mer","isPartOf":{"@id":"https:\/\/www.hotelalizescavalaire.com\/en\/#website"},"datePublished":"2021-01-14T14:18:15+00:00","dateModified":"2021-06-10T15:32:48+00:00","description":"Charming family hotel in the city center, facing the beach, at the foot of the shops and the port.","breadcrumb":{"@id":"https:\/\/www.hotelalizescavalaire.com\/en\/#breadcrumb"},"inLanguage":"en-US","potentialAction":[{"@type":"ReadAction","target":["https:\/\/www.hotelalizescavalaire.com\/en\/"]}]},{"@type":"BreadcrumbList","@id":"https:\/\/www.hotelalizescavalaire.com\/en\/#breadcrumb","itemListElement":[{"@type":"ListItem","position":1,"name":"Home","item":"https:\/\/www.hotelalizescavalaire.com\/en\/"},{"@type":"ListItem","position":2,"name":"S\u00e9n\u00e9quier Family since 1977"}]},{"@type":"WebSite","@id":"https:\/\/www.hotelalizescavalaire.com\/en\/#website","url":"https:\/\/www.hotelalizescavalaire.com\/en\/","name":"Alizes Hotel","description":"","potentialAction":[{"@type":"SearchAction","target":{"@type":"EntryPoint","urlTemplate":"https:\/\/www.hotelalizescavalaire.com\/en\/?s={search_term_string}"},"query-input":{"@type":"PropertyValueSpecification","valueRequired":true,"valueName":"search_term_string"}}],"inLanguage":"en-US"}]}},"acf":[],"_links":{"self":[{"href":"https:\/\/www.hotelalizescavalaire.com\/en\/wp-json\/wp\/v2\/pages\/150","targetHints":{"allow":["GET"]}}],"collection":[{"href":"https:\/\/www.hotelalizescavalaire.com\/en\/wp-json\/wp\/v2\/pages"}],"about":[{"href":"https:\/\/www.hotelalizescavalaire.com\/en\/wp-json\/wp\/v2\/types\/page"}],"author":[{"embeddable":true,"href":"https:\/\/www.hotelalizescavalaire.com\/en\/wp-json\/wp\/v2\/users\/46"}],"replies":[{"embeddable":true,"href":"https:\/\/www.hotelalizescavalaire.com\/en\/wp-json\/wp\/v2\/comments?post=150"}],"version-history":[{"count":0,"href":"https:\/\/www.hotelalizescavalaire.com\/en\/wp-json\/wp\/v2\/pages\/150\/revisions"}],"wp:attachment":[{"href":"https:\/\/www.hotelalizescavalaire.com\/en\/wp-json\/wp\/v2\/media?parent=150"}],"curies":[{"name":"wp","href":"https:\/\/api.w.org\/{rel}","templated":true}]}}