{"id":169,"date":"2021-03-03T14:43:20","date_gmt":"2021-03-03T14:43:20","guid":{"rendered":"https:\/\/alizes.ms.decms.eu\/creperie-bar-glacier\/une-creperie-a-lancienne\/"},"modified":"2021-06-10T09:09:34","modified_gmt":"2021-06-10T09:09:34","slug":"une-creperie-a-lancienne","status":"publish","type":"page","link":"https:\/\/www.hotelalizescavalaire.com\/en\/creperie-bar-glacier\/une-creperie-a-lancienne\/","title":{"rendered":"Cr\u00eaperie S\u00e9n\u00e9quier"},"content":{"rendered":"<p style=\"text-align: center;\">Under the Riviera sun or under the stars, facing the sea, on the large terrace with subdued light or in the bright air-conditioned room, the S\u00e9n\u00e9quier cr\u00eaperie offers you authentic salads, pancakes and pancakes made on the spot. Uncompromising on traceability, traditional buckwheat flour is IGP de Bretagne certified, guaranteed gluten-free, ground on a stone mill and matured on a 1920 soder! The eggs are organic.<\/p>\n<p style=\"text-align: center;\">In order to preserve the authenticity of the flavors, no machine is used to prepare the dough, everything is done by hand.<\/p>\n<p style=\"text-align: center;\">At the S\u00e9n\u00e9quier cr\u00eaperie, renovated in 2021, enjoy both a gourmet, tasty, easy cuisine and an attentive, warm service &#8230; with a breathtaking view of the surrounding beauty &#8230;<\/p>\n","protected":false},"excerpt":{"rendered":"<p>Under the Riviera sun or under the stars, facing the sea, on the large terrace [&hellip;]<\/p>\n","protected":false},"author":46,"featured_media":0,"parent":168,"menu_order":10,"comment_status":"closed","ping_status":"closed","template":"template-single-restaurant.php","meta":{"footnotes":""},"class_list":["post-169","page","type-page","status-publish","hentry"],"yoast_head":"<!-- This site is optimized with the Yoast SEO plugin v26.9 - https:\/\/yoast.com\/product\/yoast-seo-wordpress\/ -->\n<title>Cr\u00eaperie S\u00e9n\u00e9quier - Alizes Hotel<\/title>\n<meta name=\"description\" content=\"Under the Riviera sun or under the stars, facing the sea, on the large terrace with subdued light or in the bright air-conditioned room, the S\u00e9n\u00e9quier\" \/>\n<meta name=\"robots\" content=\"index, follow, max-snippet:-1, max-image-preview:large, max-video-preview:-1\" \/>\n<link rel=\"canonical\" href=\"https:\/\/www.hotelalizescavalaire.com\/en\/creperie-bar-glacier\/une-creperie-a-lancienne\/\" \/>\n<meta property=\"og:locale\" content=\"en_US\" \/>\n<meta property=\"og:type\" content=\"article\" \/>\n<meta property=\"og:title\" content=\"Cr\u00eaperie S\u00e9n\u00e9quier - Alizes Hotel\" \/>\n<meta property=\"og:description\" content=\"Under the Riviera sun or under the stars, facing the sea, on the large terrace with subdued light or in the bright air-conditioned room, the S\u00e9n\u00e9quier\" \/>\n<meta property=\"og:url\" content=\"https:\/\/www.hotelalizescavalaire.com\/en\/creperie-bar-glacier\/une-creperie-a-lancienne\/\" \/>\n<meta property=\"og:site_name\" content=\"Alizes Hotel\" \/>\n<meta property=\"article:modified_time\" content=\"2021-06-10T09:09:34+00:00\" \/>\n<meta name=\"twitter:card\" content=\"summary_large_image\" \/>\n<meta name=\"twitter:label1\" content=\"Est. reading time\" \/>\n\t<meta name=\"twitter:data1\" content=\"1 minute\" \/>\n<script type=\"application\/ld+json\" class=\"yoast-schema-graph\">{\"@context\":\"https:\/\/schema.org\",\"@graph\":[{\"@type\":\"WebPage\",\"@id\":\"https:\/\/www.hotelalizescavalaire.com\/en\/creperie-bar-glacier\/une-creperie-a-lancienne\/\",\"url\":\"https:\/\/www.hotelalizescavalaire.com\/en\/creperie-bar-glacier\/une-creperie-a-lancienne\/\",\"name\":\"Cr\u00eaperie S\u00e9n\u00e9quier - Alizes Hotel\",\"isPartOf\":{\"@id\":\"https:\/\/www.hotelalizescavalaire.com\/en\/#website\"},\"datePublished\":\"2021-03-03T14:43:20+00:00\",\"dateModified\":\"2021-06-10T09:09:34+00:00\",\"description\":\"Under the Riviera sun or under the stars, facing the sea, on the large terrace with subdued light or in the bright air-conditioned room, the S\u00e9n\u00e9quier\",\"breadcrumb\":{\"@id\":\"https:\/\/www.hotelalizescavalaire.com\/en\/creperie-bar-glacier\/une-creperie-a-lancienne\/#breadcrumb\"},\"inLanguage\":\"en-US\",\"potentialAction\":[{\"@type\":\"ReadAction\",\"target\":[\"https:\/\/www.hotelalizescavalaire.com\/en\/creperie-bar-glacier\/une-creperie-a-lancienne\/\"]}]},{\"@type\":\"BreadcrumbList\",\"@id\":\"https:\/\/www.hotelalizescavalaire.com\/en\/creperie-bar-glacier\/une-creperie-a-lancienne\/#breadcrumb\",\"itemListElement\":[{\"@type\":\"ListItem\",\"position\":1,\"name\":\"Home\",\"item\":\"https:\/\/www.hotelalizescavalaire.com\/en\/\"},{\"@type\":\"ListItem\",\"position\":2,\"name\":\"Cr\u00eaperie Bar Glacier\",\"item\":\"https:\/\/www.hotelalizescavalaire.com\/en\/creperie-bar-glacier\/\"},{\"@type\":\"ListItem\",\"position\":3,\"name\":\"Cr\u00eaperie S\u00e9n\u00e9quier\"}]},{\"@type\":\"WebSite\",\"@id\":\"https:\/\/www.hotelalizescavalaire.com\/en\/#website\",\"url\":\"https:\/\/www.hotelalizescavalaire.com\/en\/\",\"name\":\"Alizes Hotel\",\"description\":\"\",\"potentialAction\":[{\"@type\":\"SearchAction\",\"target\":{\"@type\":\"EntryPoint\",\"urlTemplate\":\"https:\/\/www.hotelalizescavalaire.com\/en\/?s={search_term_string}\"},\"query-input\":{\"@type\":\"PropertyValueSpecification\",\"valueRequired\":true,\"valueName\":\"search_term_string\"}}],\"inLanguage\":\"en-US\"}]}<\/script>\n<!-- \/ Yoast SEO plugin. -->","yoast_head_json":{"title":"Cr\u00eaperie S\u00e9n\u00e9quier - Alizes Hotel","description":"Under the Riviera sun or under the stars, facing the sea, on the large terrace with subdued light or in the bright air-conditioned room, the S\u00e9n\u00e9quier","robots":{"index":"index","follow":"follow","max-snippet":"max-snippet:-1","max-image-preview":"max-image-preview:large","max-video-preview":"max-video-preview:-1"},"canonical":"https:\/\/www.hotelalizescavalaire.com\/en\/creperie-bar-glacier\/une-creperie-a-lancienne\/","og_locale":"en_US","og_type":"article","og_title":"Cr\u00eaperie S\u00e9n\u00e9quier - Alizes Hotel","og_description":"Under the Riviera sun or under the stars, facing the sea, on the large terrace with subdued light or in the bright air-conditioned room, the S\u00e9n\u00e9quier","og_url":"https:\/\/www.hotelalizescavalaire.com\/en\/creperie-bar-glacier\/une-creperie-a-lancienne\/","og_site_name":"Alizes Hotel","article_modified_time":"2021-06-10T09:09:34+00:00","twitter_card":"summary_large_image","twitter_misc":{"Est. reading time":"1 minute"},"schema":{"@context":"https:\/\/schema.org","@graph":[{"@type":"WebPage","@id":"https:\/\/www.hotelalizescavalaire.com\/en\/creperie-bar-glacier\/une-creperie-a-lancienne\/","url":"https:\/\/www.hotelalizescavalaire.com\/en\/creperie-bar-glacier\/une-creperie-a-lancienne\/","name":"Cr\u00eaperie S\u00e9n\u00e9quier - Alizes Hotel","isPartOf":{"@id":"https:\/\/www.hotelalizescavalaire.com\/en\/#website"},"datePublished":"2021-03-03T14:43:20+00:00","dateModified":"2021-06-10T09:09:34+00:00","description":"Under the Riviera sun or under the stars, facing the sea, on the large terrace with subdued light or in the bright air-conditioned room, the S\u00e9n\u00e9quier","breadcrumb":{"@id":"https:\/\/www.hotelalizescavalaire.com\/en\/creperie-bar-glacier\/une-creperie-a-lancienne\/#breadcrumb"},"inLanguage":"en-US","potentialAction":[{"@type":"ReadAction","target":["https:\/\/www.hotelalizescavalaire.com\/en\/creperie-bar-glacier\/une-creperie-a-lancienne\/"]}]},{"@type":"BreadcrumbList","@id":"https:\/\/www.hotelalizescavalaire.com\/en\/creperie-bar-glacier\/une-creperie-a-lancienne\/#breadcrumb","itemListElement":[{"@type":"ListItem","position":1,"name":"Home","item":"https:\/\/www.hotelalizescavalaire.com\/en\/"},{"@type":"ListItem","position":2,"name":"Cr\u00eaperie Bar Glacier","item":"https:\/\/www.hotelalizescavalaire.com\/en\/creperie-bar-glacier\/"},{"@type":"ListItem","position":3,"name":"Cr\u00eaperie S\u00e9n\u00e9quier"}]},{"@type":"WebSite","@id":"https:\/\/www.hotelalizescavalaire.com\/en\/#website","url":"https:\/\/www.hotelalizescavalaire.com\/en\/","name":"Alizes Hotel","description":"","potentialAction":[{"@type":"SearchAction","target":{"@type":"EntryPoint","urlTemplate":"https:\/\/www.hotelalizescavalaire.com\/en\/?s={search_term_string}"},"query-input":{"@type":"PropertyValueSpecification","valueRequired":true,"valueName":"search_term_string"}}],"inLanguage":"en-US"}]}},"acf":[],"_links":{"self":[{"href":"https:\/\/www.hotelalizescavalaire.com\/en\/wp-json\/wp\/v2\/pages\/169","targetHints":{"allow":["GET"]}}],"collection":[{"href":"https:\/\/www.hotelalizescavalaire.com\/en\/wp-json\/wp\/v2\/pages"}],"about":[{"href":"https:\/\/www.hotelalizescavalaire.com\/en\/wp-json\/wp\/v2\/types\/page"}],"author":[{"embeddable":true,"href":"https:\/\/www.hotelalizescavalaire.com\/en\/wp-json\/wp\/v2\/users\/46"}],"replies":[{"embeddable":true,"href":"https:\/\/www.hotelalizescavalaire.com\/en\/wp-json\/wp\/v2\/comments?post=169"}],"version-history":[{"count":0,"href":"https:\/\/www.hotelalizescavalaire.com\/en\/wp-json\/wp\/v2\/pages\/169\/revisions"}],"up":[{"embeddable":true,"href":"https:\/\/www.hotelalizescavalaire.com\/en\/wp-json\/wp\/v2\/pages\/168"}],"wp:attachment":[{"href":"https:\/\/www.hotelalizescavalaire.com\/en\/wp-json\/wp\/v2\/media?parent=169"}],"curies":[{"name":"wp","href":"https:\/\/api.w.org\/{rel}","templated":true}]}}