{"id":173,"date":"2021-03-03T14:44:19","date_gmt":"2021-03-03T14:44:19","guid":{"rendered":"https:\/\/alizes.ms.decms.eu\/visitez-le-sud\/"},"modified":"2021-06-10T16:07:00","modified_gmt":"2021-06-10T16:07:00","slug":"visit-the-south","status":"publish","type":"page","link":"https:\/\/www.hotelalizescavalaire.com\/en\/visit-the-south\/","title":{"rendered":"Visit the south!"},"content":{"rendered":"<p>&nbsp;<\/p>\n<h2 style=\"text-align: center;\"><span style=\"color: #345564;\"><strong>TO SEE IN THE GULF OF SAINT-TROPEZ &#8230;<\/strong><\/span><\/h2>\n<p style=\"text-align: center;\"><span style=\"color: #aa8800;\"><strong>Cavalaire-sur-mer<\/strong><\/span><br \/>\nFamily seaside resort par excellence nestled in the heart of the city.<br \/>\nSuperb beaches of fine sand, gently sloping into the sea, extend over 3 km, diving clubs (the site is famous), numerous water sports, a games casino and a marina with more than 1,200 places.<\/p>\n<p style=\"text-align: center;\"><span style=\"color: #aa8800;\"><strong>La Croix-valmer<\/strong><\/span><br \/>\nProvencal village surrounded by a preserved natural environment. La Croix-Valmer is a haven of greenery.<br \/>\nBetween the Landing, Gigaro and Cape Lardier, there is a succession of beaches, rocky ledges and preserved coves.<\/p>\n<p style=\"text-align: center;\"><span style=\"color: #aa8800;\"><strong>Sainte-Maxime<\/strong><\/span><br \/>\nThe Tour Carr\u00e9e, a former stately tower, the Proven\u00e7al crib, the campanile, the historic center.\u2026<\/p>\n<p style=\"text-align: center;\"><span style=\"color: #aa8800;\"><strong>Saint-Tropez<\/strong><\/span><br \/>\nThe port, the alleys of the village, the Provencal market, the Citadel, the Annonciade museum, the Church of Our Lady of the Assumption\u2026<\/p>\n<p style=\"text-align: center;\"><span style=\"color: #aa8800;\"><strong>Gassin<\/strong><\/span><br \/>\nThe ancient 13th century ramparts, the 16th century church, the medieval terrace &#8230;<\/p>\n<p style=\"text-align: center;\"><span style=\"color: #aa8800;\"><strong>Grimaud &#8211; Port Grimaud<\/strong><\/span><br \/>\nThe St-Michel church from the 2nd Proven\u00e7al Roman age, the rue des Templiers, the castle, the chapels, the canals of the lakeside city &#8230;<\/p>\n<p style=\"text-align: center;\"><span style=\"color: #aa8800;\"><strong>Cogolin<\/strong><\/span><br \/>\nThe pipe factory, the Raimu and Coq museums, the Medieval and Templar museum, the Cogolin carpet factory &#8230;<\/p>\n<p style=\"text-align: center;\"><span style=\"color: #aa8800;\"><strong>Ramatuelle<\/strong><\/span><br \/>\nThe church and the chapel, the Porte de Sarrasine, the resistance monument, the Paillas mill, the Pampelonne beach &#8230;<\/p>\n<p style=\"text-align: center;\"><span style=\"color: #aa8800;\"><strong>Le Rayol-Canadel<\/strong><\/span><br \/>\nThe Domaine du Rayol where gardens of the world of Mediterranean type take you to the land of scents &#8230;<\/p>\n<p style=\"text-align: center;\"><span style=\"color: #aa8800;\"><strong>La Garde-Freinet<\/strong><\/span><br \/>\nThis old village offers fountains, washhouses, serpentine or lava stone vaulted porches.<\/p>\n<p style=\"text-align: center;\"><span style=\"color: #aa8800;\"><strong>La M\u00f4le<\/strong><\/span><br \/>\nThe oldest of the villages in the region, it dates from 1008.<br \/>\nThe serpentine facade of the 1869 Church, the Ch\u00e2teau de la M\u00f4le where Antoine de Saint-Exup\u00e9ry lived there during his youth.<\/p>\n<p style=\"text-align: center;\"><span style=\"color: #aa8800;\"><strong>Bormes-les-Mimosas<\/strong><\/span><br \/>\n12th century medieval village and typically Proven\u00e7al.<br \/>\nThe picturesque alleys, the squares, the chapels, the Saint-Trophyme church, the castle, the Fort de Br\u00e9gan\u00e7on &#8230;<\/p>\n<p style=\"text-align: center;\"><span style=\"color: #aa8800;\"><strong>Golden Islands<\/strong><\/span><br \/>\nThe secret island of the Levant, the beautiful Porquerolles, Port-cros and its wild national park &#8230; Three islands, three worlds for intimate and unforgettable moments.<\/p>\n<p>&nbsp;<\/p>\n<h2 style=\"text-align: center;\"><span style=\"color: #345564;\"><strong>A LITTLE FURTHER &#8230;<\/strong><\/span><\/h2>\n<p style=\"text-align: center;\"><span style=\"color: #aa8800;\"><strong>Hy\u00e8res-les-Palmiers<\/strong><\/span><br \/>\nThe medieval old town, the ruins of the castle, the Porte Massillon, the Villa de Noailles, the Giens peninsula &#8230;<\/p>\n<p style=\"text-align: center;\"><span style=\"color: #aa8800;\"><strong>Toulon<\/strong><\/span><br \/>\nThe harbor of Toulon by boat, the National Museums of the Navy, Asian Arts, old Toulon, the Landing Memorial in Provence, churches, fountains &#8230;<\/p>\n<p style=\"text-align: center;\"><span style=\"color: #aa8800;\"><strong>Saint-Rapha\u00ebl<\/strong><\/span><br \/>\nThe coves of Boulouris, the creeks of Anth\u00e9or and Trayas, the 12th century Templar church, the underwater archaeological museum, the basilica. &#8230;<\/p>\n<p style=\"text-align: center;\"><span style=\"color: #aa8800;\"><strong>Fr\u00e9jus<\/strong><\/span><br \/>\nRoman sites and monuments, municipal archaeological museum and Navy troops&#8230;<\/p>\n<p style=\"text-align: center;\"><span style=\"color: #aa8800;\"><strong>On the roads of Haut Var<\/strong><\/span><br \/>\nThe Thoronet abbey, Tourtour, Barg\u00e8me, the Verdon gorges &#8230;<br \/>\nVines, olive trees, oaks, strawberry trees, lavender, hilltop villages, chapels, bell towers, museums &#8230; The Haut Var, showcase of the art of living in Provence, is a source of curiosities and walks.<\/p>\n<p>&nbsp;<\/p>\n<h2 style=\"text-align: center;\"><strong><span style=\"color: #345564;\">THE WINE ROUTE<\/span><\/strong><\/h2>\n<p style=\"text-align: center;\"><a href=\"http:\/\/routedesvinsdeprovence.com\" target=\"_blank\" rel=\"noopener\">http:\/\/routedesvinsdeprovence.com<\/a><\/p>\n<p style=\"text-align: center;\">Surrounded by around forty estates and cellars within a 20-minute drive, the Aliz\u00e9s hotel is an ideal starting point for discovering the richness of the lands of Provence.<br \/>\nRemarkable areas around the Aliz\u00e9s hotel:<\/p>\n<p style=\"text-align: center;\"><span style=\"color: #aa8800;\"><strong>A. O. P. C\u00f4tes de Provence:<\/strong><\/span><br \/>\nDomaine de la Madrague, La Croix-Valmer BIO<br \/>\nDomaine de la Tourraque, Ramatuelle BIO<br \/>\nDomaine du Clos Servien, Grimaud<br \/>\nDomaine Ott, Bormes les mimosas<\/p>\n<p style=\"text-align: center;\"><span style=\"color: #aa8800;\"><strong>C\u00f4tes de Provence classified growth:<\/strong><\/span><br \/>\nDomaine de la Croix, La Croix-Valmer<br \/>\nCh\u00e2teau Minuty, Gassin<br \/>\nCh\u00e2teau de Berteau Belieu, Gassin<br \/>\nCh\u00e2teau de Br\u00e9gan\u00e7on, Bormes les mimosas<\/p>\n<p>&nbsp;<\/p>\n<h2 style=\"text-align: center;\"><span style=\"color: #345564;\"><strong>SOME KEY DISTANCES FROM THE ALIZES HOTEL:<\/strong><\/span><\/h2>\n<p style=\"text-align: center;\">The gardens of the Domaine du Rayol: 7 km<br \/>\nSaint-Tropez : 16 km<br \/>\nPort Grimaud : 17 km<br \/>\nCap Taillat (Ramatuelle) : 17 km<br \/>\nLe Lavandou : 20 km<br \/>\nSainte-Maxime : 21 km<br \/>\nBormes les mimosas : 24 km<br \/>\nHy\u00e8res : 43 km<br \/>\nToulon : 60 km<br \/>\nBandol : 77 km<br \/>\nNice : 98 km<br \/>\nGorges du Verdon : 118 km<br \/>\nMarseille : 124 km<br \/>\nAix en Provence : 128 km<br \/>\nMonaco (Monaco) : 131 km<br \/>\nVintimille (Italy) : 148 km<br \/>\nSan Remo (Italy) : 164 km<br \/>\nAvignon : 213 km<br \/>\nLyon : 422 km<br \/>\nParis : 884 km<\/p>\n","protected":false},"excerpt":{"rendered":"<p>&nbsp; TO SEE IN THE GULF OF SAINT-TROPEZ &#8230; Cavalaire-sur-mer Family seaside resort par excellence [&hellip;]<\/p>\n","protected":false},"author":46,"featured_media":0,"parent":0,"menu_order":80,"comment_status":"closed","ping_status":"closed","template":"","meta":{"footnotes":""},"class_list":["post-173","page","type-page","status-publish","hentry"],"yoast_head":"<!-- This site is optimized with the Yoast SEO plugin v26.9 - https:\/\/yoast.com\/product\/yoast-seo-wordpress\/ -->\n<title>Visit the south! - Alizes Hotel<\/title>\n<meta name=\"description\" content=\"&nbsp; TO SEE IN THE GULF OF SAINT-TROPEZ ... Cavalaire-sur-mer Family seaside resort par excellence nestled in the heart of the city. Superb beaches of\" \/>\n<meta name=\"robots\" content=\"index, follow, max-snippet:-1, max-image-preview:large, max-video-preview:-1\" \/>\n<link rel=\"canonical\" href=\"https:\/\/www.hotelalizescavalaire.com\/en\/visit-the-south\/\" \/>\n<meta property=\"og:locale\" content=\"en_US\" \/>\n<meta property=\"og:type\" content=\"article\" \/>\n<meta property=\"og:title\" content=\"Visit the south! - Alizes Hotel\" \/>\n<meta property=\"og:description\" content=\"&nbsp; TO SEE IN THE GULF OF SAINT-TROPEZ ... Cavalaire-sur-mer Family seaside resort par excellence nestled in the heart of the city. Superb beaches of\" \/>\n<meta property=\"og:url\" content=\"https:\/\/www.hotelalizescavalaire.com\/en\/visit-the-south\/\" \/>\n<meta property=\"og:site_name\" content=\"Alizes Hotel\" \/>\n<meta property=\"article:modified_time\" content=\"2021-06-10T16:07:00+00:00\" \/>\n<meta name=\"twitter:card\" content=\"summary_large_image\" \/>\n<meta name=\"twitter:label1\" content=\"Est. reading time\" \/>\n\t<meta name=\"twitter:data1\" content=\"3 minutes\" \/>\n<script type=\"application\/ld+json\" class=\"yoast-schema-graph\">{\"@context\":\"https:\/\/schema.org\",\"@graph\":[{\"@type\":\"WebPage\",\"@id\":\"https:\/\/www.hotelalizescavalaire.com\/en\/visit-the-south\/\",\"url\":\"https:\/\/www.hotelalizescavalaire.com\/en\/visit-the-south\/\",\"name\":\"Visit the south! - Alizes Hotel\",\"isPartOf\":{\"@id\":\"https:\/\/www.hotelalizescavalaire.com\/en\/#website\"},\"datePublished\":\"2021-03-03T14:44:19+00:00\",\"dateModified\":\"2021-06-10T16:07:00+00:00\",\"description\":\"&nbsp; TO SEE IN THE GULF OF SAINT-TROPEZ ... Cavalaire-sur-mer Family seaside resort par excellence nestled in the heart of the city. Superb beaches of\",\"breadcrumb\":{\"@id\":\"https:\/\/www.hotelalizescavalaire.com\/en\/visit-the-south\/#breadcrumb\"},\"inLanguage\":\"en-US\",\"potentialAction\":[{\"@type\":\"ReadAction\",\"target\":[\"https:\/\/www.hotelalizescavalaire.com\/en\/visit-the-south\/\"]}]},{\"@type\":\"BreadcrumbList\",\"@id\":\"https:\/\/www.hotelalizescavalaire.com\/en\/visit-the-south\/#breadcrumb\",\"itemListElement\":[{\"@type\":\"ListItem\",\"position\":1,\"name\":\"Home\",\"item\":\"https:\/\/www.hotelalizescavalaire.com\/en\/\"},{\"@type\":\"ListItem\",\"position\":2,\"name\":\"Visit the south!\"}]},{\"@type\":\"WebSite\",\"@id\":\"https:\/\/www.hotelalizescavalaire.com\/en\/#website\",\"url\":\"https:\/\/www.hotelalizescavalaire.com\/en\/\",\"name\":\"Alizes Hotel\",\"description\":\"\",\"potentialAction\":[{\"@type\":\"SearchAction\",\"target\":{\"@type\":\"EntryPoint\",\"urlTemplate\":\"https:\/\/www.hotelalizescavalaire.com\/en\/?s={search_term_string}\"},\"query-input\":{\"@type\":\"PropertyValueSpecification\",\"valueRequired\":true,\"valueName\":\"search_term_string\"}}],\"inLanguage\":\"en-US\"}]}<\/script>\n<!-- \/ Yoast SEO plugin. -->","yoast_head_json":{"title":"Visit the south! - Alizes Hotel","description":"&nbsp; TO SEE IN THE GULF OF SAINT-TROPEZ ... Cavalaire-sur-mer Family seaside resort par excellence nestled in the heart of the city. Superb beaches of","robots":{"index":"index","follow":"follow","max-snippet":"max-snippet:-1","max-image-preview":"max-image-preview:large","max-video-preview":"max-video-preview:-1"},"canonical":"https:\/\/www.hotelalizescavalaire.com\/en\/visit-the-south\/","og_locale":"en_US","og_type":"article","og_title":"Visit the south! - Alizes Hotel","og_description":"&nbsp; TO SEE IN THE GULF OF SAINT-TROPEZ ... Cavalaire-sur-mer Family seaside resort par excellence nestled in the heart of the city. Superb beaches of","og_url":"https:\/\/www.hotelalizescavalaire.com\/en\/visit-the-south\/","og_site_name":"Alizes Hotel","article_modified_time":"2021-06-10T16:07:00+00:00","twitter_card":"summary_large_image","twitter_misc":{"Est. reading time":"3 minutes"},"schema":{"@context":"https:\/\/schema.org","@graph":[{"@type":"WebPage","@id":"https:\/\/www.hotelalizescavalaire.com\/en\/visit-the-south\/","url":"https:\/\/www.hotelalizescavalaire.com\/en\/visit-the-south\/","name":"Visit the south! - Alizes Hotel","isPartOf":{"@id":"https:\/\/www.hotelalizescavalaire.com\/en\/#website"},"datePublished":"2021-03-03T14:44:19+00:00","dateModified":"2021-06-10T16:07:00+00:00","description":"&nbsp; TO SEE IN THE GULF OF SAINT-TROPEZ ... Cavalaire-sur-mer Family seaside resort par excellence nestled in the heart of the city. Superb beaches of","breadcrumb":{"@id":"https:\/\/www.hotelalizescavalaire.com\/en\/visit-the-south\/#breadcrumb"},"inLanguage":"en-US","potentialAction":[{"@type":"ReadAction","target":["https:\/\/www.hotelalizescavalaire.com\/en\/visit-the-south\/"]}]},{"@type":"BreadcrumbList","@id":"https:\/\/www.hotelalizescavalaire.com\/en\/visit-the-south\/#breadcrumb","itemListElement":[{"@type":"ListItem","position":1,"name":"Home","item":"https:\/\/www.hotelalizescavalaire.com\/en\/"},{"@type":"ListItem","position":2,"name":"Visit the south!"}]},{"@type":"WebSite","@id":"https:\/\/www.hotelalizescavalaire.com\/en\/#website","url":"https:\/\/www.hotelalizescavalaire.com\/en\/","name":"Alizes Hotel","description":"","potentialAction":[{"@type":"SearchAction","target":{"@type":"EntryPoint","urlTemplate":"https:\/\/www.hotelalizescavalaire.com\/en\/?s={search_term_string}"},"query-input":{"@type":"PropertyValueSpecification","valueRequired":true,"valueName":"search_term_string"}}],"inLanguage":"en-US"}]}},"acf":[],"_links":{"self":[{"href":"https:\/\/www.hotelalizescavalaire.com\/en\/wp-json\/wp\/v2\/pages\/173","targetHints":{"allow":["GET"]}}],"collection":[{"href":"https:\/\/www.hotelalizescavalaire.com\/en\/wp-json\/wp\/v2\/pages"}],"about":[{"href":"https:\/\/www.hotelalizescavalaire.com\/en\/wp-json\/wp\/v2\/types\/page"}],"author":[{"embeddable":true,"href":"https:\/\/www.hotelalizescavalaire.com\/en\/wp-json\/wp\/v2\/users\/46"}],"replies":[{"embeddable":true,"href":"https:\/\/www.hotelalizescavalaire.com\/en\/wp-json\/wp\/v2\/comments?post=173"}],"version-history":[{"count":0,"href":"https:\/\/www.hotelalizescavalaire.com\/en\/wp-json\/wp\/v2\/pages\/173\/revisions"}],"wp:attachment":[{"href":"https:\/\/www.hotelalizescavalaire.com\/en\/wp-json\/wp\/v2\/media?parent=173"}],"curies":[{"name":"wp","href":"https:\/\/api.w.org\/{rel}","templated":true}]}}