{"id":237,"date":"2021-06-16T09:44:31","date_gmt":"2021-06-16T09:44:31","guid":{"rendered":"https:\/\/alizes.ms.decms.eu\/?page_id=237"},"modified":"2021-06-17T14:21:42","modified_gmt":"2021-06-17T14:21:42","slug":"hotel-bar-ristorante","status":"publish","type":"page","link":"https:\/\/www.hotelalizescavalaire.com\/it\/","title":{"rendered":"Famiglia S\u00e9n\u00e9quier dal 1977"},"content":{"rendered":"<p style=\"text-align: center;\"><span style=\"color: #aa8800;\"><strong>HOTEL BAR RISTORANTE<\/strong><\/span><\/p>\n<p style=\"text-align: center;\">Situato in pieno centro, di fronte ad una bella spiaggia di sabbia finissima e scintillante, a due passi dal porto turistico e dai negozi, l&#8217;hotel Aliz\u00e9s \u00e8 un luogo dall&#8217;atmosfera accogliente, rilassante e familiare.<\/p>\n<p style=\"text-align: center;\">Fu aperto nel 1977 da Andr\u00e9e, Catherine e Brigitte S\u00e9n\u00e9quier e, nel corso degli anni, l&#8217;hotel ha saputo rinnovarsi per essere sempre al passo coi tempi, senza per\u00f2 mai rinunciare alla sua autenticit\u00e0 provenzale. Da ben tre generazioni gli avventori dell&#8217;hotel les Aliz\u00e9s sono accolti con savoir-faire e con tutto il gusto per l&#8217;ospitalit\u00e0 in un&#8217;atmosfera cordiale come quella di una casa di famiglia.<\/p>\n<p style=\"text-align: center;\">Les Aliz\u00e9s ha una vista panoramica davvero eccezionale, che d\u00e0 sulle acque turchesi e brillanti di questo angolo di Mar Mediterraneo. Per una colazione solare, una deliziosa frittella, un gelato artigianale o un aperitivo fatto in casa, ogni momento \u00e8 magico, senza tempo!<\/p>\n<p style=\"text-align: center;\">L&#8217;hotel possiede anche una graziosa boutique dove ci pregiamo di offrire prodotti accuratamente selezionati, locali, autentici e di altissima qualit\u00e0: venite a scoprire brand francesi e provenzali come Fragonard, Fer \u00e0 cheval, Nila\u00ef, Palais des th\u00e9s, Izipizi, Yves Delorme, Iosis&#8230;<\/p>\n<p style=\"text-align: center;\">Le camere climatizzate con balcone, la creperia gourmet, il bar, il negozio e il parcheggio a disposizione per i clienti rendono il nostro hotel un luogo privilegiato per poter godere di Cavalaire, del Golfo di Saint-Tropez e dei dintorni.<\/p>\n<p style=\"text-align: center;\">Con la famiglia, gli amici o durante un viaggio di lavoro. Per soggiorni brevi o lunghi. Tutto, qui, \u00e8 stato pensato per offrirvi una piacevolissima esperienza.<\/p>\n","protected":false},"excerpt":{"rendered":"<p>HOTEL BAR RISTORANTE Situato in pieno centro, di fronte ad una bella spiaggia di sabbia [&hellip;]<\/p>\n","protected":false},"author":134,"featured_media":0,"parent":0,"menu_order":1,"comment_status":"closed","ping_status":"closed","template":"","meta":{"footnotes":""},"class_list":["post-237","page","type-page","status-publish","hentry"],"yoast_head":"<!-- This site is optimized with the Yoast SEO plugin v26.9 - https:\/\/yoast.com\/product\/yoast-seo-wordpress\/ -->\n<title>Hotel Bar Ristorante Aliz\u00e9s, Cavalaire sur mer<\/title>\n<meta name=\"description\" content=\"Affascinante hotel per famiglie nel centro della citt\u00e0, di fronte alla spiaggia, ai piedi dei negozi e del porto.\" \/>\n<meta name=\"robots\" content=\"index, follow, max-snippet:-1, max-image-preview:large, max-video-preview:-1\" \/>\n<link rel=\"canonical\" href=\"https:\/\/www.hotelalizescavalaire.com\/it\/\" \/>\n<meta property=\"og:locale\" content=\"it_IT\" \/>\n<meta property=\"og:type\" content=\"article\" \/>\n<meta property=\"og:title\" content=\"Hotel Bar Ristorante Aliz\u00e9s, Cavalaire sur mer\" \/>\n<meta property=\"og:description\" content=\"Affascinante hotel per famiglie nel centro della citt\u00e0, di fronte alla spiaggia, ai piedi dei negozi e del porto.\" \/>\n<meta property=\"og:url\" content=\"https:\/\/www.hotelalizescavalaire.com\/it\/\" \/>\n<meta property=\"og:site_name\" content=\"Alizes Hotel\" \/>\n<meta property=\"article:modified_time\" content=\"2021-06-17T14:21:42+00:00\" \/>\n<meta name=\"twitter:card\" content=\"summary_large_image\" \/>\n<meta name=\"twitter:label1\" content=\"Tempo di lettura stimato\" \/>\n\t<meta name=\"twitter:data1\" content=\"1 minuto\" \/>\n<script type=\"application\/ld+json\" class=\"yoast-schema-graph\">{\"@context\":\"https:\/\/schema.org\",\"@graph\":[{\"@type\":\"WebPage\",\"@id\":\"https:\/\/www.hotelalizescavalaire.com\/it\/\",\"url\":\"https:\/\/www.hotelalizescavalaire.com\/it\/\",\"name\":\"Hotel Bar Ristorante Aliz\u00e9s, Cavalaire sur mer\",\"isPartOf\":{\"@id\":\"https:\/\/www.hotelalizescavalaire.com\/it\/#website\"},\"datePublished\":\"2021-06-16T09:44:31+00:00\",\"dateModified\":\"2021-06-17T14:21:42+00:00\",\"description\":\"Affascinante hotel per famiglie nel centro della citt\u00e0, di fronte alla spiaggia, ai piedi dei negozi e del porto.\",\"breadcrumb\":{\"@id\":\"https:\/\/www.hotelalizescavalaire.com\/it\/#breadcrumb\"},\"inLanguage\":\"it-IT\",\"potentialAction\":[{\"@type\":\"ReadAction\",\"target\":[\"https:\/\/www.hotelalizescavalaire.com\/it\/\"]}]},{\"@type\":\"BreadcrumbList\",\"@id\":\"https:\/\/www.hotelalizescavalaire.com\/it\/#breadcrumb\",\"itemListElement\":[{\"@type\":\"ListItem\",\"position\":1,\"name\":\"Home\",\"item\":\"https:\/\/www.hotelalizescavalaire.com\/it\/\"},{\"@type\":\"ListItem\",\"position\":2,\"name\":\"Famiglia S\u00e9n\u00e9quier dal 1977\"}]},{\"@type\":\"WebSite\",\"@id\":\"https:\/\/www.hotelalizescavalaire.com\/it\/#website\",\"url\":\"https:\/\/www.hotelalizescavalaire.com\/it\/\",\"name\":\"Alizes Hotel\",\"description\":\"\",\"potentialAction\":[{\"@type\":\"SearchAction\",\"target\":{\"@type\":\"EntryPoint\",\"urlTemplate\":\"https:\/\/www.hotelalizescavalaire.com\/it\/?s={search_term_string}\"},\"query-input\":{\"@type\":\"PropertyValueSpecification\",\"valueRequired\":true,\"valueName\":\"search_term_string\"}}],\"inLanguage\":\"it-IT\"}]}<\/script>\n<!-- \/ Yoast SEO plugin. -->","yoast_head_json":{"title":"Hotel Bar Ristorante Aliz\u00e9s, Cavalaire sur mer","description":"Affascinante hotel per famiglie nel centro della citt\u00e0, di fronte alla spiaggia, ai piedi dei negozi e del porto.","robots":{"index":"index","follow":"follow","max-snippet":"max-snippet:-1","max-image-preview":"max-image-preview:large","max-video-preview":"max-video-preview:-1"},"canonical":"https:\/\/www.hotelalizescavalaire.com\/it\/","og_locale":"it_IT","og_type":"article","og_title":"Hotel Bar Ristorante Aliz\u00e9s, Cavalaire sur mer","og_description":"Affascinante hotel per famiglie nel centro della citt\u00e0, di fronte alla spiaggia, ai piedi dei negozi e del porto.","og_url":"https:\/\/www.hotelalizescavalaire.com\/it\/","og_site_name":"Alizes Hotel","article_modified_time":"2021-06-17T14:21:42+00:00","twitter_card":"summary_large_image","twitter_misc":{"Tempo di lettura stimato":"1 minuto"},"schema":{"@context":"https:\/\/schema.org","@graph":[{"@type":"WebPage","@id":"https:\/\/www.hotelalizescavalaire.com\/it\/","url":"https:\/\/www.hotelalizescavalaire.com\/it\/","name":"Hotel Bar Ristorante Aliz\u00e9s, Cavalaire sur mer","isPartOf":{"@id":"https:\/\/www.hotelalizescavalaire.com\/it\/#website"},"datePublished":"2021-06-16T09:44:31+00:00","dateModified":"2021-06-17T14:21:42+00:00","description":"Affascinante hotel per famiglie nel centro della citt\u00e0, di fronte alla spiaggia, ai piedi dei negozi e del porto.","breadcrumb":{"@id":"https:\/\/www.hotelalizescavalaire.com\/it\/#breadcrumb"},"inLanguage":"it-IT","potentialAction":[{"@type":"ReadAction","target":["https:\/\/www.hotelalizescavalaire.com\/it\/"]}]},{"@type":"BreadcrumbList","@id":"https:\/\/www.hotelalizescavalaire.com\/it\/#breadcrumb","itemListElement":[{"@type":"ListItem","position":1,"name":"Home","item":"https:\/\/www.hotelalizescavalaire.com\/it\/"},{"@type":"ListItem","position":2,"name":"Famiglia S\u00e9n\u00e9quier dal 1977"}]},{"@type":"WebSite","@id":"https:\/\/www.hotelalizescavalaire.com\/it\/#website","url":"https:\/\/www.hotelalizescavalaire.com\/it\/","name":"Alizes Hotel","description":"","potentialAction":[{"@type":"SearchAction","target":{"@type":"EntryPoint","urlTemplate":"https:\/\/www.hotelalizescavalaire.com\/it\/?s={search_term_string}"},"query-input":{"@type":"PropertyValueSpecification","valueRequired":true,"valueName":"search_term_string"}}],"inLanguage":"it-IT"}]}},"acf":[],"_links":{"self":[{"href":"https:\/\/www.hotelalizescavalaire.com\/it\/wp-json\/wp\/v2\/pages\/237","targetHints":{"allow":["GET"]}}],"collection":[{"href":"https:\/\/www.hotelalizescavalaire.com\/it\/wp-json\/wp\/v2\/pages"}],"about":[{"href":"https:\/\/www.hotelalizescavalaire.com\/it\/wp-json\/wp\/v2\/types\/page"}],"author":[{"embeddable":true,"href":"https:\/\/www.hotelalizescavalaire.com\/it\/wp-json\/wp\/v2\/users\/134"}],"replies":[{"embeddable":true,"href":"https:\/\/www.hotelalizescavalaire.com\/it\/wp-json\/wp\/v2\/comments?post=237"}],"version-history":[{"count":0,"href":"https:\/\/www.hotelalizescavalaire.com\/it\/wp-json\/wp\/v2\/pages\/237\/revisions"}],"wp:attachment":[{"href":"https:\/\/www.hotelalizescavalaire.com\/it\/wp-json\/wp\/v2\/media?parent=237"}],"curies":[{"name":"wp","href":"https:\/\/api.w.org\/{rel}","templated":true}]}}