{"id":286,"date":"2021-06-16T11:04:11","date_gmt":"2021-06-16T11:04:11","guid":{"rendered":"https:\/\/alizes.ms.decms.eu\/?page_id=286"},"modified":"2021-06-17T10:09:18","modified_gmt":"2021-06-17T10:09:18","slug":"creperie-senequier","status":"publish","type":"page","link":"https:\/\/www.hotelalizescavalaire.com\/it\/creperie-bar-ghiacciaio\/creperie-senequier\/","title":{"rendered":"Cr\u00eaperie S\u00e9n\u00e9quier"},"content":{"rendered":"<p style=\"text-align: center;\">Sotto il sole della Riviera o sotto le stelle, di fronte al mare, sull&#8217;ampia terrazza con luce soffusa o nella luminosa sala climatizzata, la cr\u00eaperie S\u00e9n\u00e9quier vi propone autentiche insalate, frittelle e frittelle preparate sul momento.<br \/>\nSenza compromessi sulla tracciabilit\u00e0, la farina di grano saraceno tradizionale \u00e8 certificata IGP de Bretagne, garantita senza glutine, macinata su un mulino a pietra e stagionata su un soder 1920! Le uova sono biologiche.<\/p>\n<p style=\"text-align: center;\">Al fine di preservare la genuinit\u00e0 dei sapori, non viene utilizzata nessuna macchina per preparare l&#8217;impasto, tutto viene fatto a mano.<\/p>\n<p style=\"text-align: center;\">Alla cr\u00eaperie S\u00e9n\u00e9quier, rinnovata nel 2021, goditi una cucina gourmet, gustosa e facile e un servizio attento e cordiale &#8230; con una vista mozzafiato sulla bellezza circostante &#8230;<\/p>\n","protected":false},"excerpt":{"rendered":"<p>Sotto il sole della Riviera o sotto le stelle, di fronte al mare, sull&#8217;ampia terrazza [&hellip;]<\/p>\n","protected":false},"author":134,"featured_media":0,"parent":282,"menu_order":10,"comment_status":"closed","ping_status":"closed","template":"template-single-restaurant.php","meta":{"footnotes":""},"class_list":["post-286","page","type-page","status-publish","hentry"],"yoast_head":"<!-- This site is optimized with the Yoast SEO plugin v26.9 - https:\/\/yoast.com\/product\/yoast-seo-wordpress\/ -->\n<title>Cr\u00eaperie S\u00e9n\u00e9quier - Alizes Hotel<\/title>\n<meta name=\"description\" content=\"Sotto il sole della Riviera o sotto le stelle, di fronte al mare, sull&#039;ampia terrazza con luce soffusa o nella luminosa sala climatizzata, la cr\u00eaperie\" \/>\n<meta name=\"robots\" content=\"index, follow, max-snippet:-1, max-image-preview:large, max-video-preview:-1\" \/>\n<link rel=\"canonical\" href=\"https:\/\/www.hotelalizescavalaire.com\/it\/creperie-bar-ghiacciaio\/creperie-senequier\/\" \/>\n<meta property=\"og:locale\" content=\"it_IT\" \/>\n<meta property=\"og:type\" content=\"article\" \/>\n<meta property=\"og:title\" content=\"Cr\u00eaperie S\u00e9n\u00e9quier - Alizes Hotel\" \/>\n<meta property=\"og:description\" content=\"Sotto il sole della Riviera o sotto le stelle, di fronte al mare, sull&#039;ampia terrazza con luce soffusa o nella luminosa sala climatizzata, la cr\u00eaperie\" \/>\n<meta property=\"og:url\" content=\"https:\/\/www.hotelalizescavalaire.com\/it\/creperie-bar-ghiacciaio\/creperie-senequier\/\" \/>\n<meta property=\"og:site_name\" content=\"Alizes Hotel\" \/>\n<meta property=\"article:modified_time\" content=\"2021-06-17T10:09:18+00:00\" \/>\n<meta name=\"twitter:card\" content=\"summary_large_image\" \/>\n<meta name=\"twitter:label1\" content=\"Tempo di lettura stimato\" \/>\n\t<meta name=\"twitter:data1\" content=\"1 minuto\" \/>\n<script type=\"application\/ld+json\" class=\"yoast-schema-graph\">{\"@context\":\"https:\/\/schema.org\",\"@graph\":[{\"@type\":\"WebPage\",\"@id\":\"https:\/\/www.hotelalizescavalaire.com\/it\/creperie-bar-ghiacciaio\/creperie-senequier\/\",\"url\":\"https:\/\/www.hotelalizescavalaire.com\/it\/creperie-bar-ghiacciaio\/creperie-senequier\/\",\"name\":\"Cr\u00eaperie S\u00e9n\u00e9quier - Alizes Hotel\",\"isPartOf\":{\"@id\":\"https:\/\/www.hotelalizescavalaire.com\/it\/#website\"},\"datePublished\":\"2021-06-16T11:04:11+00:00\",\"dateModified\":\"2021-06-17T10:09:18+00:00\",\"description\":\"Sotto il sole della Riviera o sotto le stelle, di fronte al mare, sull'ampia terrazza con luce soffusa o nella luminosa sala climatizzata, la cr\u00eaperie\",\"breadcrumb\":{\"@id\":\"https:\/\/www.hotelalizescavalaire.com\/it\/creperie-bar-ghiacciaio\/creperie-senequier\/#breadcrumb\"},\"inLanguage\":\"it-IT\",\"potentialAction\":[{\"@type\":\"ReadAction\",\"target\":[\"https:\/\/www.hotelalizescavalaire.com\/it\/creperie-bar-ghiacciaio\/creperie-senequier\/\"]}]},{\"@type\":\"BreadcrumbList\",\"@id\":\"https:\/\/www.hotelalizescavalaire.com\/it\/creperie-bar-ghiacciaio\/creperie-senequier\/#breadcrumb\",\"itemListElement\":[{\"@type\":\"ListItem\",\"position\":1,\"name\":\"Home\",\"item\":\"https:\/\/www.hotelalizescavalaire.com\/it\/\"},{\"@type\":\"ListItem\",\"position\":2,\"name\":\"Cr\u00eaperie bar ghiacciaio\",\"item\":\"https:\/\/www.hotelalizescavalaire.com\/it\/creperie-bar-ghiacciaio\/\"},{\"@type\":\"ListItem\",\"position\":3,\"name\":\"Cr\u00eaperie S\u00e9n\u00e9quier\"}]},{\"@type\":\"WebSite\",\"@id\":\"https:\/\/www.hotelalizescavalaire.com\/it\/#website\",\"url\":\"https:\/\/www.hotelalizescavalaire.com\/it\/\",\"name\":\"Alizes Hotel\",\"description\":\"\",\"potentialAction\":[{\"@type\":\"SearchAction\",\"target\":{\"@type\":\"EntryPoint\",\"urlTemplate\":\"https:\/\/www.hotelalizescavalaire.com\/it\/?s={search_term_string}\"},\"query-input\":{\"@type\":\"PropertyValueSpecification\",\"valueRequired\":true,\"valueName\":\"search_term_string\"}}],\"inLanguage\":\"it-IT\"}]}<\/script>\n<!-- \/ Yoast SEO plugin. -->","yoast_head_json":{"title":"Cr\u00eaperie S\u00e9n\u00e9quier - Alizes Hotel","description":"Sotto il sole della Riviera o sotto le stelle, di fronte al mare, sull'ampia terrazza con luce soffusa o nella luminosa sala climatizzata, la cr\u00eaperie","robots":{"index":"index","follow":"follow","max-snippet":"max-snippet:-1","max-image-preview":"max-image-preview:large","max-video-preview":"max-video-preview:-1"},"canonical":"https:\/\/www.hotelalizescavalaire.com\/it\/creperie-bar-ghiacciaio\/creperie-senequier\/","og_locale":"it_IT","og_type":"article","og_title":"Cr\u00eaperie S\u00e9n\u00e9quier - Alizes Hotel","og_description":"Sotto il sole della Riviera o sotto le stelle, di fronte al mare, sull'ampia terrazza con luce soffusa o nella luminosa sala climatizzata, la cr\u00eaperie","og_url":"https:\/\/www.hotelalizescavalaire.com\/it\/creperie-bar-ghiacciaio\/creperie-senequier\/","og_site_name":"Alizes Hotel","article_modified_time":"2021-06-17T10:09:18+00:00","twitter_card":"summary_large_image","twitter_misc":{"Tempo di lettura stimato":"1 minuto"},"schema":{"@context":"https:\/\/schema.org","@graph":[{"@type":"WebPage","@id":"https:\/\/www.hotelalizescavalaire.com\/it\/creperie-bar-ghiacciaio\/creperie-senequier\/","url":"https:\/\/www.hotelalizescavalaire.com\/it\/creperie-bar-ghiacciaio\/creperie-senequier\/","name":"Cr\u00eaperie S\u00e9n\u00e9quier - Alizes Hotel","isPartOf":{"@id":"https:\/\/www.hotelalizescavalaire.com\/it\/#website"},"datePublished":"2021-06-16T11:04:11+00:00","dateModified":"2021-06-17T10:09:18+00:00","description":"Sotto il sole della Riviera o sotto le stelle, di fronte al mare, sull'ampia terrazza con luce soffusa o nella luminosa sala climatizzata, la cr\u00eaperie","breadcrumb":{"@id":"https:\/\/www.hotelalizescavalaire.com\/it\/creperie-bar-ghiacciaio\/creperie-senequier\/#breadcrumb"},"inLanguage":"it-IT","potentialAction":[{"@type":"ReadAction","target":["https:\/\/www.hotelalizescavalaire.com\/it\/creperie-bar-ghiacciaio\/creperie-senequier\/"]}]},{"@type":"BreadcrumbList","@id":"https:\/\/www.hotelalizescavalaire.com\/it\/creperie-bar-ghiacciaio\/creperie-senequier\/#breadcrumb","itemListElement":[{"@type":"ListItem","position":1,"name":"Home","item":"https:\/\/www.hotelalizescavalaire.com\/it\/"},{"@type":"ListItem","position":2,"name":"Cr\u00eaperie bar ghiacciaio","item":"https:\/\/www.hotelalizescavalaire.com\/it\/creperie-bar-ghiacciaio\/"},{"@type":"ListItem","position":3,"name":"Cr\u00eaperie S\u00e9n\u00e9quier"}]},{"@type":"WebSite","@id":"https:\/\/www.hotelalizescavalaire.com\/it\/#website","url":"https:\/\/www.hotelalizescavalaire.com\/it\/","name":"Alizes Hotel","description":"","potentialAction":[{"@type":"SearchAction","target":{"@type":"EntryPoint","urlTemplate":"https:\/\/www.hotelalizescavalaire.com\/it\/?s={search_term_string}"},"query-input":{"@type":"PropertyValueSpecification","valueRequired":true,"valueName":"search_term_string"}}],"inLanguage":"it-IT"}]}},"acf":[],"_links":{"self":[{"href":"https:\/\/www.hotelalizescavalaire.com\/it\/wp-json\/wp\/v2\/pages\/286","targetHints":{"allow":["GET"]}}],"collection":[{"href":"https:\/\/www.hotelalizescavalaire.com\/it\/wp-json\/wp\/v2\/pages"}],"about":[{"href":"https:\/\/www.hotelalizescavalaire.com\/it\/wp-json\/wp\/v2\/types\/page"}],"author":[{"embeddable":true,"href":"https:\/\/www.hotelalizescavalaire.com\/it\/wp-json\/wp\/v2\/users\/134"}],"replies":[{"embeddable":true,"href":"https:\/\/www.hotelalizescavalaire.com\/it\/wp-json\/wp\/v2\/comments?post=286"}],"version-history":[{"count":0,"href":"https:\/\/www.hotelalizescavalaire.com\/it\/wp-json\/wp\/v2\/pages\/286\/revisions"}],"up":[{"embeddable":true,"href":"https:\/\/www.hotelalizescavalaire.com\/it\/wp-json\/wp\/v2\/pages\/282"}],"wp:attachment":[{"href":"https:\/\/www.hotelalizescavalaire.com\/it\/wp-json\/wp\/v2\/media?parent=286"}],"curies":[{"name":"wp","href":"https:\/\/api.w.org\/{rel}","templated":true}]}}