{"id":294,"date":"2021-06-16T11:26:13","date_gmt":"2021-06-16T11:26:13","guid":{"rendered":"https:\/\/alizes.ms.decms.eu\/?page_id=294"},"modified":"2021-06-17T14:36:47","modified_gmt":"2021-06-17T14:36:47","slug":"visita-il-sud","status":"publish","type":"page","link":"https:\/\/www.hotelalizescavalaire.com\/it\/visita-il-sud\/","title":{"rendered":"Visita il sud!"},"content":{"rendered":"<h2 style=\"text-align: center;\"><span style=\"color: #345564;\"><strong>Da vedere nel Golfo di Saint-Tropez &#8230;<\/strong><\/span><\/h2>\n<p style=\"text-align: center;\"><span style=\"color: #aa8800;\"><strong>Cavalaire-sur-mer<\/strong><\/span><br \/>\nLocalit\u00e0 balneare familiare per eccellenza incastonata nel cuore della citt\u00e0.<br \/>\nSuperbe spiagge di sabbia fine, che digradano dolcemente nel mare, si estendono per oltre 3 km, club di immersioni (il sito \u00e8 famoso), numerosi sport acquatici, un casin\u00f2 e un porto turistico con pi\u00f9 di 1.200 posti.<\/p>\n<p style=\"text-align: center;\"><span style=\"color: #aa8800;\"><strong>La Croix-Valmer<\/strong><\/span><br \/>\nVillaggio provenzale circondato da un ambiente naturale preservato. La Croix-Valmer \u00e8 un&#8217;oasi di verde.<br \/>\nTra lo Sbarco, Gigaro e Capo Lardier, c&#8217;\u00e8 un susseguirsi di spiagge, sporgenze rocciose e calette preservate.<\/p>\n<p style=\"text-align: center;\"><span style=\"color: #aa8800;\"><strong>Sainte-Maxime<\/strong><\/span><br \/>\nLa Tour Carr\u00e9e, un&#8217;antica torre signorile, il presepe provenzale, il campanile, il centro storico &#8230;<\/p>\n<p style=\"text-align: center;\"><span style=\"color: #aa8800;\"><strong>Saint Tropez<\/strong><\/span><\/p>\n<p style=\"text-align: center;\">Il porto, i vicoli del paese, il mercato provenzale, la cittadella, il museo dell&#8217;Annonciade, la chiesa di Nostra Signora dell&#8217;Assunzione &#8230;<\/p>\n<p style=\"text-align: center;\"><span style=\"color: #aa8800;\"><strong>Gassin<\/strong><\/span><br \/>\nGli antichi bastioni del XIII secolo, la chiesa del XVI secolo, la terrazza medievale &#8230;<\/p>\n<p style=\"text-align: center;\"><span style=\"color: #aa8800;\"><strong>Grimaud &#8211; Port Grimaud<\/strong><\/span><br \/>\nLa chiesa di St-Michel della seconda et\u00e0 romana provenzale, la rue des Templiers, il castello, le cappelle, i canali della citt\u00e0 lacustre &#8230;<\/p>\n<p style=\"text-align: center;\"><span style=\"color: #aa8800;\"><strong>Cogolin<\/strong><\/span><br \/>\nLa fabbrica di pipe, i musei Raimu e Coq, il museo medievale e dei templari, la fabbrica di tappeti Cogolin &#8230;<\/p>\n<p style=\"text-align: center;\"><span style=\"color: #aa8800;\"><strong>Ramatuelle<\/strong><\/span><br \/>\nLa chiesa e la cappella, la Porte de Sarrasine, il monumento della resistenza, il mulino Paillas, la spiaggia di Pampelonne &#8230;<\/p>\n<p style=\"text-align: center;\"><span style=\"color: #aa8800;\"><strong>Rayol-Canadel<\/strong><\/span><br \/>\nIl Domaine du Rayol dove i giardini del mondo di tipo mediterraneo ti portano nella terra dei profumi &#8230;<\/p>\n<p style=\"text-align: center;\"><span style=\"color: #aa8800;\"><strong>La Garde-Freinet<\/strong><\/span><br \/>\nQuesto antico villaggio offre fontane, lavatoi, portici a volta in serpentino o pietra lavica.<\/p>\n<p style=\"text-align: center;\"><span style=\"color: #aa8800;\"><strong>La Talpa<\/strong><\/span><br \/>\nIl pi\u00f9 antico dei villaggi della regione, risale al 1008.<br \/>\nLa facciata serpentina della chiesa del 1869, il castello della M\u00f4le dove visse Antoine de Saint-Exup\u00e9ry durante la sua giovinezza.<\/p>\n<p style=\"text-align: center;\"><span style=\"color: #aa8800;\"><strong>Bormes-les-Mimosas<\/strong><\/span><br \/>\nBorgo medievale del XII secolo e tipicamente provenzale.<br \/>\nI pittoreschi vicoli, le piazze, le cappelle, la chiesa di Saint-Trophyme, il castello, il Forte di Br\u00e9gan\u00e7on &#8230;<\/p>\n<p style=\"text-align: center;\"><span style=\"color: #aa8800;\"><strong>Isole d&#8217;oro<\/strong><\/span><br \/>\nL&#8217;isola segreta del Levante, la bellissima Porquerolles, Port-cros e il suo selvaggio parco nazionale &#8230; Tre isole, tre mondi per momenti intimi e indimenticabili.<\/p>\n<p>&nbsp;<\/p>\n<h2 style=\"text-align: center;\"><span style=\"color: #345564;\"><strong>E un po &#8216;oltre &#8230;<\/strong><\/span><\/h2>\n<p style=\"text-align: center;\"><span style=\"color: #aa8800;\"><strong>Hy\u00e8res-les-Palmiers<\/strong><\/span><br \/>\nIl centro storico medievale, le rovine del castello, la Porte Massillon, la Villa de Noailles, la penisola di Giens &#8230;<\/p>\n<p style=\"text-align: center;\"><span style=\"color: #aa8800;\"><strong>Tolone<\/strong><\/span><br \/>\nIl porto di Tolone in barca, i musei nazionali della marina, le arti asiatiche, la vecchia Tolone, il memoriale dello sbarco in Provenza, chiese, fontane &#8230;<\/p>\n<p style=\"text-align: center;\"><span style=\"color: #aa8800;\"><strong>Saint-Rapha\u00ebl<\/strong><\/span><br \/>\nLe baie di Boulouris, le insenature di Anth\u00e9or e Trayas, la chiesa dei Templari del XII secolo, il museo archeologico sottomarino, la basilica. &#8230;<\/p>\n<p style=\"text-align: center;\"><span style=\"color: #aa8800;\"><strong>Frejus<\/strong><\/span><br \/>\nSiti e monumenti romani, museo archeologico comunale e truppe della Marina.\u2026<\/p>\n<p style=\"text-align: center;\"><span style=\"color: #aa8800;\"><strong>Sulle strade dell&#8217;Haut Var<\/strong><\/span><br \/>\nL&#8217;abbazia di Thoronet, Tourtour, Barg\u00e8me, le gole del Verdon &#8230;<br \/>\nViti, ulivi, querce, corbezzoli, lavanda, borghi collinari, cappelle, campanili, musei &#8230; L&#8217;Haut Var, vetrina dell&#8217;arte di vivere in Provenza, \u00e8 fonte di curiosit\u00e0 e passeggiate.<\/p>\n<p>&nbsp;<\/p>\n<h2 style=\"text-align: center;\"><span style=\"color: #345564;\"><strong>La strada del vino<\/strong><\/span><\/h2>\n<p style=\"text-align: center;\"><a href=\"http:\/\/routedesvinsdeprovence.com\" target=\"_blank\" rel=\"noopener\">http:\/\/routedesvinsdeprovence.com<\/a><\/p>\n<p style=\"text-align: center;\">Circondato da una quarantina di tenute e cantine raggiungibili in 20 minuti di auto, l&#8217;hotel Aliz\u00e9s \u00e8 un punto di partenza ideale per scoprire la ricchezza delle terre di Provenza.<br \/>\nAree notevoli intorno all&#8217;hotel Aliz\u00e9s:<\/p>\n<p style=\"text-align: center;\"><span style=\"color: #aa8800;\"><strong>A. O. P. C\u00f4tes de Provence:<\/strong><\/span><br \/>\nDomaine de la Madrague, La Croix-Valmer BIO<br \/>\nDomaine de la Tourraque, Ramatuelle BIO<br \/>\nDomaine du Clos Servien, Grimaud<br \/>\nDomaine Ott, Bormes les mimosas<\/p>\n<p style=\"text-align: center;\"><span style=\"color: #aa8800;\"><strong>Crescita classificata C\u00f4tes de Provence:<\/strong><\/span><br \/>\nDomaine de la Croix, La Croix-Valmer<br \/>\nCh\u00e2teau Minuty, Gassin<br \/>\nCastello Berteau Belieu, Gassin<br \/>\nCastello di Br\u00e9gan\u00e7on, Bormes les mimosas<\/p>\n<p>&nbsp;<\/p>\n<h2 style=\"text-align: center;\"><span style=\"color: #345564;\"><strong>Alcune distanze chiave dall&#8217;hotel Aliz\u00e9s:<\/strong><\/span><\/h2>\n<p style=\"text-align: center;\">I giardini del Domaine du Rayol: 7 km<br \/>\nSaint-Tropez: 16 km<br \/>\nPort Grimaud: 17 km<br \/>\nCap Taillat (Ramatuelle): 17 km<br \/>\nLe Lavandou: 20 km<br \/>\nSainte-Maxime: 21 km<br \/>\nBormes les mimosas: 24 km<br \/>\nHy\u00e8res: 43 km<br \/>\nTolone: \u200b\u200b60 km<br \/>\nBandol: 77 km<br \/>\nNizza: 98 km<br \/>\nGorges du Verdon: 118 km<br \/>\nMarsiglia: 124 km<br \/>\nAix en Provence: 128 km<br \/>\nMonaco (Monaco): 131 km<br \/>\nVentimiglia (Italia): 148 km<br \/>\nSan Remo (Italia): 164 km<br \/>\nAvignone: 213 km<br \/>\nLione: 422 km<br \/>\nParigi: 884 km<\/p>\n","protected":false},"excerpt":{"rendered":"<p>Da vedere nel Golfo di Saint-Tropez &#8230; Cavalaire-sur-mer Localit\u00e0 balneare familiare per eccellenza incastonata nel [&hellip;]<\/p>\n","protected":false},"author":134,"featured_media":0,"parent":0,"menu_order":80,"comment_status":"closed","ping_status":"closed","template":"","meta":{"footnotes":""},"class_list":["post-294","page","type-page","status-publish","hentry"],"yoast_head":"<!-- This site is optimized with the Yoast SEO plugin v26.9 - https:\/\/yoast.com\/product\/yoast-seo-wordpress\/ -->\n<title>Visita il sud! - Alizes Hotel<\/title>\n<meta name=\"description\" content=\"Da vedere nel Golfo di Saint-Tropez ... Cavalaire-sur-mer Localit\u00e0 balneare familiare per eccellenza incastonata nel cuore della citt\u00e0. Superbe spiagge di\" \/>\n<meta name=\"robots\" content=\"index, follow, max-snippet:-1, max-image-preview:large, max-video-preview:-1\" \/>\n<link rel=\"canonical\" href=\"https:\/\/www.hotelalizescavalaire.com\/it\/visita-il-sud\/\" \/>\n<meta property=\"og:locale\" content=\"it_IT\" \/>\n<meta property=\"og:type\" content=\"article\" \/>\n<meta property=\"og:title\" content=\"Visita il sud! - Alizes Hotel\" \/>\n<meta property=\"og:description\" content=\"Da vedere nel Golfo di Saint-Tropez ... Cavalaire-sur-mer Localit\u00e0 balneare familiare per eccellenza incastonata nel cuore della citt\u00e0. Superbe spiagge di\" \/>\n<meta property=\"og:url\" content=\"https:\/\/www.hotelalizescavalaire.com\/it\/visita-il-sud\/\" \/>\n<meta property=\"og:site_name\" content=\"Alizes Hotel\" \/>\n<meta property=\"article:modified_time\" content=\"2021-06-17T14:36:47+00:00\" \/>\n<meta name=\"twitter:card\" content=\"summary_large_image\" \/>\n<meta name=\"twitter:label1\" content=\"Tempo di lettura stimato\" \/>\n\t<meta name=\"twitter:data1\" content=\"3 minuti\" \/>\n<script type=\"application\/ld+json\" class=\"yoast-schema-graph\">{\"@context\":\"https:\/\/schema.org\",\"@graph\":[{\"@type\":\"WebPage\",\"@id\":\"https:\/\/www.hotelalizescavalaire.com\/it\/visita-il-sud\/\",\"url\":\"https:\/\/www.hotelalizescavalaire.com\/it\/visita-il-sud\/\",\"name\":\"Visita il sud! - Alizes Hotel\",\"isPartOf\":{\"@id\":\"https:\/\/www.hotelalizescavalaire.com\/it\/#website\"},\"datePublished\":\"2021-06-16T11:26:13+00:00\",\"dateModified\":\"2021-06-17T14:36:47+00:00\",\"description\":\"Da vedere nel Golfo di Saint-Tropez ... Cavalaire-sur-mer Localit\u00e0 balneare familiare per eccellenza incastonata nel cuore della citt\u00e0. Superbe spiagge di\",\"breadcrumb\":{\"@id\":\"https:\/\/www.hotelalizescavalaire.com\/it\/visita-il-sud\/#breadcrumb\"},\"inLanguage\":\"it-IT\",\"potentialAction\":[{\"@type\":\"ReadAction\",\"target\":[\"https:\/\/www.hotelalizescavalaire.com\/it\/visita-il-sud\/\"]}]},{\"@type\":\"BreadcrumbList\",\"@id\":\"https:\/\/www.hotelalizescavalaire.com\/it\/visita-il-sud\/#breadcrumb\",\"itemListElement\":[{\"@type\":\"ListItem\",\"position\":1,\"name\":\"Home\",\"item\":\"https:\/\/www.hotelalizescavalaire.com\/it\/\"},{\"@type\":\"ListItem\",\"position\":2,\"name\":\"Visita il sud!\"}]},{\"@type\":\"WebSite\",\"@id\":\"https:\/\/www.hotelalizescavalaire.com\/it\/#website\",\"url\":\"https:\/\/www.hotelalizescavalaire.com\/it\/\",\"name\":\"Alizes Hotel\",\"description\":\"\",\"potentialAction\":[{\"@type\":\"SearchAction\",\"target\":{\"@type\":\"EntryPoint\",\"urlTemplate\":\"https:\/\/www.hotelalizescavalaire.com\/it\/?s={search_term_string}\"},\"query-input\":{\"@type\":\"PropertyValueSpecification\",\"valueRequired\":true,\"valueName\":\"search_term_string\"}}],\"inLanguage\":\"it-IT\"}]}<\/script>\n<!-- \/ Yoast SEO plugin. -->","yoast_head_json":{"title":"Visita il sud! - Alizes Hotel","description":"Da vedere nel Golfo di Saint-Tropez ... Cavalaire-sur-mer Localit\u00e0 balneare familiare per eccellenza incastonata nel cuore della citt\u00e0. Superbe spiagge di","robots":{"index":"index","follow":"follow","max-snippet":"max-snippet:-1","max-image-preview":"max-image-preview:large","max-video-preview":"max-video-preview:-1"},"canonical":"https:\/\/www.hotelalizescavalaire.com\/it\/visita-il-sud\/","og_locale":"it_IT","og_type":"article","og_title":"Visita il sud! - Alizes Hotel","og_description":"Da vedere nel Golfo di Saint-Tropez ... Cavalaire-sur-mer Localit\u00e0 balneare familiare per eccellenza incastonata nel cuore della citt\u00e0. Superbe spiagge di","og_url":"https:\/\/www.hotelalizescavalaire.com\/it\/visita-il-sud\/","og_site_name":"Alizes Hotel","article_modified_time":"2021-06-17T14:36:47+00:00","twitter_card":"summary_large_image","twitter_misc":{"Tempo di lettura stimato":"3 minuti"},"schema":{"@context":"https:\/\/schema.org","@graph":[{"@type":"WebPage","@id":"https:\/\/www.hotelalizescavalaire.com\/it\/visita-il-sud\/","url":"https:\/\/www.hotelalizescavalaire.com\/it\/visita-il-sud\/","name":"Visita il sud! - Alizes Hotel","isPartOf":{"@id":"https:\/\/www.hotelalizescavalaire.com\/it\/#website"},"datePublished":"2021-06-16T11:26:13+00:00","dateModified":"2021-06-17T14:36:47+00:00","description":"Da vedere nel Golfo di Saint-Tropez ... Cavalaire-sur-mer Localit\u00e0 balneare familiare per eccellenza incastonata nel cuore della citt\u00e0. Superbe spiagge di","breadcrumb":{"@id":"https:\/\/www.hotelalizescavalaire.com\/it\/visita-il-sud\/#breadcrumb"},"inLanguage":"it-IT","potentialAction":[{"@type":"ReadAction","target":["https:\/\/www.hotelalizescavalaire.com\/it\/visita-il-sud\/"]}]},{"@type":"BreadcrumbList","@id":"https:\/\/www.hotelalizescavalaire.com\/it\/visita-il-sud\/#breadcrumb","itemListElement":[{"@type":"ListItem","position":1,"name":"Home","item":"https:\/\/www.hotelalizescavalaire.com\/it\/"},{"@type":"ListItem","position":2,"name":"Visita il sud!"}]},{"@type":"WebSite","@id":"https:\/\/www.hotelalizescavalaire.com\/it\/#website","url":"https:\/\/www.hotelalizescavalaire.com\/it\/","name":"Alizes Hotel","description":"","potentialAction":[{"@type":"SearchAction","target":{"@type":"EntryPoint","urlTemplate":"https:\/\/www.hotelalizescavalaire.com\/it\/?s={search_term_string}"},"query-input":{"@type":"PropertyValueSpecification","valueRequired":true,"valueName":"search_term_string"}}],"inLanguage":"it-IT"}]}},"acf":[],"_links":{"self":[{"href":"https:\/\/www.hotelalizescavalaire.com\/it\/wp-json\/wp\/v2\/pages\/294","targetHints":{"allow":["GET"]}}],"collection":[{"href":"https:\/\/www.hotelalizescavalaire.com\/it\/wp-json\/wp\/v2\/pages"}],"about":[{"href":"https:\/\/www.hotelalizescavalaire.com\/it\/wp-json\/wp\/v2\/types\/page"}],"author":[{"embeddable":true,"href":"https:\/\/www.hotelalizescavalaire.com\/it\/wp-json\/wp\/v2\/users\/134"}],"replies":[{"embeddable":true,"href":"https:\/\/www.hotelalizescavalaire.com\/it\/wp-json\/wp\/v2\/comments?post=294"}],"version-history":[{"count":0,"href":"https:\/\/www.hotelalizescavalaire.com\/it\/wp-json\/wp\/v2\/pages\/294\/revisions"}],"wp:attachment":[{"href":"https:\/\/www.hotelalizescavalaire.com\/it\/wp-json\/wp\/v2\/media?parent=294"}],"curies":[{"name":"wp","href":"https:\/\/api.w.org\/{rel}","templated":true}]}}