{"id":353,"date":"2021-06-16T13:42:33","date_gmt":"2021-06-16T13:42:33","guid":{"rendered":"https:\/\/alizes.ms.decms.eu\/?page_id=353"},"modified":"2021-06-17T15:10:34","modified_gmt":"2021-06-17T15:10:34","slug":"mappa-del-sitio","status":"publish","type":"page","link":"https:\/\/www.hotelalizescavalaire.com\/it\/mappa-del-sitio\/","title":{"rendered":"Mappa del sitio"},"content":{"rendered":"","protected":false},"excerpt":{"rendered":"","protected":false},"author":134,"featured_media":0,"parent":0,"menu_order":110,"comment_status":"closed","ping_status":"closed","template":"template-sitemap.php","meta":{"footnotes":""},"class_list":["post-353","page","type-page","status-publish","hentry"],"yoast_head":"<!-- This site is optimized with the Yoast SEO plugin v26.9 - https:\/\/yoast.com\/product\/yoast-seo-wordpress\/ -->\n<title>Mappa del sitio - Alizes Hotel<\/title>\n<meta name=\"description\" content=\"Scopri la mappa del sito dell&#039;hotel Aliz\u00e9s. Camere, servizi, offerte: l\u00ec \u00e8 tutto dettagliato.\" \/>\n<meta name=\"robots\" content=\"index, follow, max-snippet:-1, max-image-preview:large, max-video-preview:-1\" \/>\n<link rel=\"canonical\" href=\"https:\/\/www.hotelalizescavalaire.com\/it\/mappa-del-sitio\/\" \/>\n<meta property=\"og:locale\" content=\"it_IT\" \/>\n<meta property=\"og:type\" content=\"article\" \/>\n<meta property=\"og:title\" content=\"Mappa del sitio - Alizes Hotel\" \/>\n<meta property=\"og:description\" content=\"Scopri la mappa del sito dell&#039;hotel Aliz\u00e9s. Camere, servizi, offerte: l\u00ec \u00e8 tutto dettagliato.\" \/>\n<meta property=\"og:url\" content=\"https:\/\/www.hotelalizescavalaire.com\/it\/mappa-del-sitio\/\" \/>\n<meta property=\"og:site_name\" content=\"Alizes Hotel\" \/>\n<meta property=\"article:modified_time\" content=\"2021-06-17T15:10:34+00:00\" \/>\n<meta name=\"twitter:card\" content=\"summary_large_image\" \/>\n<script type=\"application\/ld+json\" class=\"yoast-schema-graph\">{\"@context\":\"https:\/\/schema.org\",\"@graph\":[{\"@type\":\"WebPage\",\"@id\":\"https:\/\/www.hotelalizescavalaire.com\/it\/mappa-del-sitio\/\",\"url\":\"https:\/\/www.hotelalizescavalaire.com\/it\/mappa-del-sitio\/\",\"name\":\"Mappa del sitio - Alizes Hotel\",\"isPartOf\":{\"@id\":\"https:\/\/www.hotelalizescavalaire.com\/it\/#website\"},\"datePublished\":\"2021-06-16T13:42:33+00:00\",\"dateModified\":\"2021-06-17T15:10:34+00:00\",\"description\":\"Scopri la mappa del sito dell'hotel Aliz\u00e9s. Camere, servizi, offerte: l\u00ec \u00e8 tutto dettagliato.\",\"breadcrumb\":{\"@id\":\"https:\/\/www.hotelalizescavalaire.com\/it\/mappa-del-sitio\/#breadcrumb\"},\"inLanguage\":\"it-IT\",\"potentialAction\":[{\"@type\":\"ReadAction\",\"target\":[\"https:\/\/www.hotelalizescavalaire.com\/it\/mappa-del-sitio\/\"]}]},{\"@type\":\"BreadcrumbList\",\"@id\":\"https:\/\/www.hotelalizescavalaire.com\/it\/mappa-del-sitio\/#breadcrumb\",\"itemListElement\":[{\"@type\":\"ListItem\",\"position\":1,\"name\":\"Home\",\"item\":\"https:\/\/www.hotelalizescavalaire.com\/it\/\"},{\"@type\":\"ListItem\",\"position\":2,\"name\":\"Mappa del sitio\"}]},{\"@type\":\"WebSite\",\"@id\":\"https:\/\/www.hotelalizescavalaire.com\/it\/#website\",\"url\":\"https:\/\/www.hotelalizescavalaire.com\/it\/\",\"name\":\"Alizes Hotel\",\"description\":\"\",\"potentialAction\":[{\"@type\":\"SearchAction\",\"target\":{\"@type\":\"EntryPoint\",\"urlTemplate\":\"https:\/\/www.hotelalizescavalaire.com\/it\/?s={search_term_string}\"},\"query-input\":{\"@type\":\"PropertyValueSpecification\",\"valueRequired\":true,\"valueName\":\"search_term_string\"}}],\"inLanguage\":\"it-IT\"}]}<\/script>\n<!-- \/ Yoast SEO plugin. -->","yoast_head_json":{"title":"Mappa del sitio - Alizes Hotel","description":"Scopri la mappa del sito dell'hotel Aliz\u00e9s. Camere, servizi, offerte: l\u00ec \u00e8 tutto dettagliato.","robots":{"index":"index","follow":"follow","max-snippet":"max-snippet:-1","max-image-preview":"max-image-preview:large","max-video-preview":"max-video-preview:-1"},"canonical":"https:\/\/www.hotelalizescavalaire.com\/it\/mappa-del-sitio\/","og_locale":"it_IT","og_type":"article","og_title":"Mappa del sitio - Alizes Hotel","og_description":"Scopri la mappa del sito dell'hotel Aliz\u00e9s. Camere, servizi, offerte: l\u00ec \u00e8 tutto dettagliato.","og_url":"https:\/\/www.hotelalizescavalaire.com\/it\/mappa-del-sitio\/","og_site_name":"Alizes Hotel","article_modified_time":"2021-06-17T15:10:34+00:00","twitter_card":"summary_large_image","schema":{"@context":"https:\/\/schema.org","@graph":[{"@type":"WebPage","@id":"https:\/\/www.hotelalizescavalaire.com\/it\/mappa-del-sitio\/","url":"https:\/\/www.hotelalizescavalaire.com\/it\/mappa-del-sitio\/","name":"Mappa del sitio - Alizes Hotel","isPartOf":{"@id":"https:\/\/www.hotelalizescavalaire.com\/it\/#website"},"datePublished":"2021-06-16T13:42:33+00:00","dateModified":"2021-06-17T15:10:34+00:00","description":"Scopri la mappa del sito dell'hotel Aliz\u00e9s. Camere, servizi, offerte: l\u00ec \u00e8 tutto dettagliato.","breadcrumb":{"@id":"https:\/\/www.hotelalizescavalaire.com\/it\/mappa-del-sitio\/#breadcrumb"},"inLanguage":"it-IT","potentialAction":[{"@type":"ReadAction","target":["https:\/\/www.hotelalizescavalaire.com\/it\/mappa-del-sitio\/"]}]},{"@type":"BreadcrumbList","@id":"https:\/\/www.hotelalizescavalaire.com\/it\/mappa-del-sitio\/#breadcrumb","itemListElement":[{"@type":"ListItem","position":1,"name":"Home","item":"https:\/\/www.hotelalizescavalaire.com\/it\/"},{"@type":"ListItem","position":2,"name":"Mappa del sitio"}]},{"@type":"WebSite","@id":"https:\/\/www.hotelalizescavalaire.com\/it\/#website","url":"https:\/\/www.hotelalizescavalaire.com\/it\/","name":"Alizes Hotel","description":"","potentialAction":[{"@type":"SearchAction","target":{"@type":"EntryPoint","urlTemplate":"https:\/\/www.hotelalizescavalaire.com\/it\/?s={search_term_string}"},"query-input":{"@type":"PropertyValueSpecification","valueRequired":true,"valueName":"search_term_string"}}],"inLanguage":"it-IT"}]}},"acf":[],"_links":{"self":[{"href":"https:\/\/www.hotelalizescavalaire.com\/it\/wp-json\/wp\/v2\/pages\/353","targetHints":{"allow":["GET"]}}],"collection":[{"href":"https:\/\/www.hotelalizescavalaire.com\/it\/wp-json\/wp\/v2\/pages"}],"about":[{"href":"https:\/\/www.hotelalizescavalaire.com\/it\/wp-json\/wp\/v2\/types\/page"}],"author":[{"embeddable":true,"href":"https:\/\/www.hotelalizescavalaire.com\/it\/wp-json\/wp\/v2\/users\/134"}],"replies":[{"embeddable":true,"href":"https:\/\/www.hotelalizescavalaire.com\/it\/wp-json\/wp\/v2\/comments?post=353"}],"version-history":[{"count":0,"href":"https:\/\/www.hotelalizescavalaire.com\/it\/wp-json\/wp\/v2\/pages\/353\/revisions"}],"wp:attachment":[{"href":"https:\/\/www.hotelalizescavalaire.com\/it\/wp-json\/wp\/v2\/media?parent=353"}],"curies":[{"name":"wp","href":"https:\/\/api.w.org\/{rel}","templated":true}]}}